{"id":2259,"date":"2025-08-17T13:33:58","date_gmt":"2025-08-17T12:33:58","guid":{"rendered":"https:\/\/dev.olje-morgan.si\/warenkorb\/"},"modified":"2026-02-28T14:46:28","modified_gmt":"2026-02-28T13:46:28","slug":"warenkorb","status":"publish","type":"page","link":"https:\/\/olje-morgan.si\/de\/warenkorb\/","title":{"rendered":"Warenkorb"},"content":{"rendered":"\t\t<div data-elementor-type=\"wp-page\" data-elementor-id=\"2259\" class=\"elementor elementor-2259 elementor-35\" data-elementor-post-type=\"page\">\n\t\t\t\t<div class=\"elementor-element elementor-element-53d1f0f e-flex e-con-boxed e-con e-parent\" data-id=\"53d1f0f\" data-element_type=\"container\" data-e-type=\"container\">\n\t\t\t\t\t<div class=\"e-con-inner\">\n\t\t\t\t\t<\/div>\n\t\t\t\t<\/div>\n\t\t\t\t<\/div>\n\t\t","protected":false},"excerpt":{"rendered":"<p>Artikel entfernen Vorschaubild Produkt Preis Anzahl Zwischensumme &times; Spaghetti Duo 16,00&nbsp;&euro; Spaghetti Duo&nbsp; Menge 16,00&nbsp;&euro; Gesamtbetrag im Warenkorb Zwischensumme 16,00&nbsp;&euro; Versand Do 2KG: 6,00&nbsp;&euro; Versand nach Zgornje Skofije 94, 6281 6281 \u0160KOFIJE. Adresse \u00e4ndern Land\/Region Land\/Region ausw\u00e4hlen\u00a0\u2026AvstrijaBelgijaBolgarijaDanskaEstonijaFinskaFrancijaGr\u010dijaHrva\u0161kaIrskaItalijaLatvijaLitvaLuksemburgMad\u017earskaNem\u010dijaNizozemskaPoljskaPortugalskaRomunijaSlova\u0161kaSlovenija\u010ce\u0161ka Republika\u0160panija\u0160vedska Stadt: Postleitzahl: Aktualisieren Gesamtsumme 22,00&nbsp;&euro; Weiter zur Kasse<\/p>\n","protected":false},"author":1,"featured_media":2262,"parent":0,"menu_order":0,"comment_status":"closed","ping_status":"closed","template":"","meta":{"footnotes":""},"class_list":["post-2259","page","type-page","status-publish","has-post-thumbnail","hentry"],"_links":{"self":[{"href":"https:\/\/olje-morgan.si\/de\/wp-json\/wp\/v2\/pages\/2259","targetHints":{"allow":["GET"]}}],"collection":[{"href":"https:\/\/olje-morgan.si\/de\/wp-json\/wp\/v2\/pages"}],"about":[{"href":"https:\/\/olje-morgan.si\/de\/wp-json\/wp\/v2\/types\/page"}],"author":[{"embeddable":true,"href":"https:\/\/olje-morgan.si\/de\/wp-json\/wp\/v2\/users\/1"}],"replies":[{"embeddable":true,"href":"https:\/\/olje-morgan.si\/de\/wp-json\/wp\/v2\/comments?post=2259"}],"version-history":[{"count":3,"href":"https:\/\/olje-morgan.si\/de\/wp-json\/wp\/v2\/pages\/2259\/revisions"}],"predecessor-version":[{"id":6248,"href":"https:\/\/olje-morgan.si\/de\/wp-json\/wp\/v2\/pages\/2259\/revisions\/6248"}],"wp:featuredmedia":[{"embeddable":true,"href":"https:\/\/olje-morgan.si\/de\/wp-json\/wp\/v2\/media\/2262"}],"wp:attachment":[{"href":"https:\/\/olje-morgan.si\/de\/wp-json\/wp\/v2\/media?parent=2259"}],"curies":[{"name":"wp","href":"https:\/\/api.w.org\/{rel}","templated":true}]}}