{"id":2281,"date":"2025-07-31T19:42:14","date_gmt":"2025-07-31T18:42:14","guid":{"rendered":"https:\/\/dev.olje-morgan.si\/o-nas\/"},"modified":"2026-03-01T08:46:06","modified_gmt":"2026-03-01T07:46:06","slug":"uber-uns","status":"publish","type":"page","link":"https:\/\/olje-morgan.si\/de\/uber-uns\/","title":{"rendered":"\u00dcber uns"},"content":{"rendered":"\t\t<div data-elementor-type=\"wp-page\" data-elementor-id=\"2281\" class=\"elementor elementor-2281 elementor-28\" data-elementor-post-type=\"page\">\n\t\t\t\t<div class=\"elementor-element elementor-element-cfba783 e-flex e-con-boxed e-con e-parent\" data-id=\"cfba783\" data-element_type=\"container\" data-e-type=\"container\">\n\t\t\t\t\t<div class=\"e-con-inner\">\n\t\t\t\t\t<\/div>\n\t\t\t\t<\/div>\n\t\t<div class=\"elementor-element elementor-element-d68753f e-flex e-con-boxed e-con e-parent\" data-id=\"d68753f\" data-element_type=\"container\" data-e-type=\"container\">\n\t\t\t\t\t<div class=\"e-con-inner\">\n\t\t<div class=\"elementor-element elementor-element-d72082d e-con-full e-flex e-con e-child\" data-id=\"d72082d\" data-element_type=\"container\" data-e-type=\"container\">\n\t\t\t\t<div class=\"elementor-element elementor-element-d8e68ac elementor-invisible elementor-widget elementor-widget-heading\" data-id=\"d8e68ac\" data-element_type=\"widget\" data-e-type=\"widget\" data-settings=\"{&quot;_animation&quot;:&quot;fadeInDown&quot;}\" data-widget_type=\"heading.default\">\n\t\t\t\t\t<h2 class=\"elementor-heading-title elementor-size-default\">Wer sind wir?<\/h2>\t\t\t\t<\/div>\n\t\t\t\t<div class=\"elementor-element elementor-element-6c1a902 elementor-invisible elementor-widget elementor-widget-text-editor\" data-id=\"6c1a902\" data-element_type=\"widget\" data-e-type=\"widget\" data-settings=\"{&quot;_animation&quot;:&quot;fadeInRight&quot;}\" data-widget_type=\"text-editor.default\">\n\t\t\t\t\t\t\t\t\t<p data-start=\"215\" data-end=\"538\">Wir sind der Familienbetrieb Morgan aus dem malerischen Dorf Grintovec, im Herzen der unber\u00fchrten Natur des slowenischen Istriens. Unsere Olivenhaine, umgeben von der authentischen istrischen Landschaft, genie\u00dfen eine au\u00dfergew\u00f6hnliche Lage und Bedingungen, die unserem \u00d6l seinen einzigartigen Charakter verleihen.<\/p><p data-start=\"540\" data-end=\"770\">Ende der 1990er Jahre haben wir auf historischen Olivenanbaufl\u00e4chen die Plantagen erneuert und unseren ersten gr\u00f6\u00dferen Olivenhain gepflanzt \u2013 mit dem Wunsch, ein \u00d6l zu schaffen, in dem sich Natur und menschliche Arbeit vereinen.<\/p><p data-start=\"772\" data-end=\"1050\">In Zukunft m\u00f6chten wir unser Angebot erweitern, mehr Verkostungen und F\u00fchrungen erm\u00f6glichen und mit Besuchern die authentische istrische Olivengeschichte teilen. Dabei werden wir neue Produkte entwickeln und die Qualit\u00e4t bewahren, die das Herz und der Stolz unseres Hofes ist.<\/p><p data-start=\"1052\" data-end=\"1231\">Gleichzeitig laden wir Sie herzlich ein, unser Angebot in unserem Online-Shop zu entdecken oder uns f\u00fcr eine Verkostung und Besichtigung der Olivenhaine zu kontaktieren.<\/p>\t\t\t\t\t\t\t\t<\/div>\n\t\t\t\t<\/div>\n\t\t\t\t\t<\/div>\n\t\t\t\t<\/div>\n\t\t<div class=\"elementor-element elementor-element-b81f533 e-flex e-con-boxed e-con e-parent\" data-id=\"b81f533\" data-element_type=\"container\" data-e-type=\"container\">\n\t\t\t\t\t<div class=\"e-con-inner\">\n\t\t\t\t<div class=\"elementor-element elementor-element-49842a2 elementor-widget elementor-widget-spacer\" data-id=\"49842a2\" data-element_type=\"widget\" data-e-type=\"widget\" data-widget_type=\"spacer.default\">\n\t\t\t\t\t\t\t<div class=\"elementor-spacer\">\n\t\t\t<div class=\"elementor-spacer-inner\"><\/div>\n\t\t<\/div>\n\t\t\t\t\t\t<\/div>\n\t\t\t\t\t<\/div>\n\t\t\t\t<\/div>\n\t\t<div class=\"elementor-element elementor-element-aff0516 e-flex e-con-boxed e-con e-parent\" data-id=\"aff0516\" data-element_type=\"container\" data-e-type=\"container\">\n\t\t\t\t\t<div class=\"e-con-inner\">\n\t\t<div class=\"elementor-element elementor-element-3adde23 e-con-full e-flex e-con e-child\" data-id=\"3adde23\" data-element_type=\"container\" data-e-type=\"container\">\n\t\t\t\t<div class=\"elementor-element elementor-element-a5c4d2c elementor-author-box--layout-image-above elementor-author-box--align-center elementor-widget elementor-widget-author-box\" data-id=\"a5c4d2c\" data-element_type=\"widget\" data-e-type=\"widget\" data-widget_type=\"author-box.default\">\n\t\t\t\t\t\t\t<div class=\"elementor-author-box\">\n\t\t\t\t\t\t\t<div  class=\"elementor-author-box__avatar\">\n\t\t\t\t\t<img decoding=\"async\" src=\"https:\/\/olje-morgan.si\/wp-content\/uploads\/2025\/10\/franc-300x263.jpg\" alt=\"Picture of Franc \u2013 Kopf des Hofes und H\u00fcter der Haine\" loading=\"lazy\">\n\t\t\t\t<\/div>\n\t\t\t\n\t\t\t<div class=\"elementor-author-box__text\">\n\t\t\t\t\t\t\t\t\t<div >\n\t\t\t\t\t\t<h4 class=\"elementor-author-box__name\">\n\t\t\t\t\t\t\tFranc \u2013 Kopf des Hofes und H\u00fcter der Haine\t\t\t\t\t\t<\/h4>\n\t\t\t\t\t<\/div>\n\t\t\t\t\n\t\t\t\t\t\t\t\t\t<div class=\"elementor-author-box__bio\">\n\t\t\t\t\t\t<p>Franc ist verantwortlich f\u00fcr die Olivenhaine \u2013 vom Baumschnitt \u00fcber die \u00dcberwachung der Ernte bis zur Organisation der Pfl\u00fcckarbeiten. Er leitet auch die Verarbeitung der Oliven zu \u00d6l und sorgt daf\u00fcr, dass alle Arbeiten auf dem Hof die hohe Produktqualit\u00e4t bewahren. Sein Wissen \u00fcber die Oliven\u00f6ltradition und seine langj\u00e4hrige Felderfahrung bilden das Fundament des Betriebs.<\/p>\n\t\t\t\t\t<\/div>\n\t\t\t\t\n\t\t\t\t\t\t\t<\/div>\n\t\t<\/div>\n\t\t\t\t\t\t<\/div>\n\t\t\t\t<\/div>\n\t\t<div class=\"elementor-element elementor-element-c3219f7 e-con-full e-flex e-con e-child\" data-id=\"c3219f7\" data-element_type=\"container\" data-e-type=\"container\">\n\t\t\t\t<div class=\"elementor-element elementor-element-2a3cb55 elementor-author-box--layout-image-above elementor-author-box--align-center elementor-widget elementor-widget-author-box\" data-id=\"2a3cb55\" data-element_type=\"widget\" data-e-type=\"widget\" data-widget_type=\"author-box.default\">\n\t\t\t\t\t\t\t<div class=\"elementor-author-box\">\n\t\t\t\t\t\t\t<div  class=\"elementor-author-box__avatar\">\n\t\t\t\t\t<img decoding=\"async\" src=\"https:\/\/olje-morgan.si\/wp-content\/uploads\/2025\/10\/silvana-225x300.jpg\" alt=\"Picture of Silvana \u2013 Herz des Hauses und H\u00fcterin des Vorrats\" loading=\"lazy\">\n\t\t\t\t<\/div>\n\t\t\t\n\t\t\t<div class=\"elementor-author-box__text\">\n\t\t\t\t\t\t\t\t\t<div >\n\t\t\t\t\t\t<h4 class=\"elementor-author-box__name\">\n\t\t\t\t\t\t\tSilvana \u2013 Herz des Hauses und H\u00fcterin des Vorrats\t\t\t\t\t\t<\/h4>\n\t\t\t\t\t<\/div>\n\t\t\t\t\n\t\t\t\t\t\t\t\t\t<div class=\"elementor-author-box__bio\">\n\t\t\t\t\t\t<p>Silvana k\u00fcmmert sich um den Bestand an Olivenlik\u00f6r und eingelegten Oliven. Sie hilft aktiv bei Verkostungen, achtet auf die Ordnung der R\u00e4ume und unterst\u00fctzt bei der Organisation von Veranstaltungen auf dem Hof. Ihre Herzlichkeit und Freundlichkeit schaffen eine warme Atmosph\u00e4re, die G\u00e4ste gerne wiederkehren l\u00e4sst.<\/p>\n\t\t\t\t\t<\/div>\n\t\t\t\t\n\t\t\t\t\t\t\t<\/div>\n\t\t<\/div>\n\t\t\t\t\t\t<\/div>\n\t\t\t\t<\/div>\n\t\t<div class=\"elementor-element elementor-element-836cd45 e-con-full e-flex e-con e-child\" data-id=\"836cd45\" data-element_type=\"container\" data-e-type=\"container\">\n\t\t\t\t<div class=\"elementor-element elementor-element-af66695 elementor-author-box--layout-image-above elementor-author-box--align-center elementor-widget elementor-widget-author-box\" data-id=\"af66695\" data-element_type=\"widget\" data-e-type=\"widget\" data-widget_type=\"author-box.default\">\n\t\t\t\t\t\t\t<div class=\"elementor-author-box\">\n\t\t\t\t\t\t\t<div  class=\"elementor-author-box__avatar\">\n\t\t\t\t\t<img decoding=\"async\" src=\"https:\/\/olje-morgan.si\/wp-content\/uploads\/2025\/10\/jenny-300x222.jpg\" alt=\"Picture of Jenny \u2013 Marketing und Geschichten\" loading=\"lazy\">\n\t\t\t\t<\/div>\n\t\t\t\n\t\t\t<div class=\"elementor-author-box__text\">\n\t\t\t\t\t\t\t\t\t<div >\n\t\t\t\t\t\t<h4 class=\"elementor-author-box__name\">\n\t\t\t\t\t\t\tJenny \u2013 Marketing und Geschichten\t\t\t\t\t\t<\/h4>\n\t\t\t\t\t<\/div>\n\t\t\t\t\n\t\t\t\t\t\t\t\t\t<div class=\"elementor-author-box__bio\">\n\t\t\t\t\t\t<p>Jenny ist die neue Nachfolgerin des Hofes und pr\u00e4sentiert das Morgan Oliven\u00f6l einem breiten Publikum. Sie schreibt Geschichten \u00fcber den Hof, pflegt die Website und die sozialen Netzwerke und st\u00e4rkt die Markenbekanntheit. Au\u00dferdem ist sie f\u00fcr die Buchhaltung zust\u00e4ndig, erforscht neue M\u00f6glichkeiten, arbeitet mit Gesch\u00e4ften und Restaurants zusammen und entwickelt langfristige Projekte.<\/p>\n\t\t\t\t\t<\/div>\n\t\t\t\t\n\t\t\t\t\t\t\t<\/div>\n\t\t<\/div>\n\t\t\t\t\t\t<\/div>\n\t\t\t\t<\/div>\n\t\t\t\t\t<\/div>\n\t\t\t\t<\/div>\n\t\t<div class=\"elementor-element elementor-element-8168c64 e-flex e-con-boxed e-con e-parent\" data-id=\"8168c64\" data-element_type=\"container\" data-e-type=\"container\">\n\t\t\t\t\t<div class=\"e-con-inner\">\n\t\t<div class=\"elementor-element elementor-element-8b03ad2 e-con-full e-flex e-con e-child\" data-id=\"8b03ad2\" data-element_type=\"container\" data-e-type=\"container\">\n\t\t<div class=\"elementor-element elementor-element-5377fc0 e-con-full e-flex e-con e-child\" data-id=\"5377fc0\" data-element_type=\"container\" data-e-type=\"container\">\n\t\t\t\t<div class=\"elementor-element elementor-element-7fe71da elementor-author-box--layout-image-above elementor-author-box--align-center elementor-widget elementor-widget-author-box\" data-id=\"7fe71da\" data-element_type=\"widget\" data-e-type=\"widget\" data-widget_type=\"author-box.default\">\n\t\t\t\t\t\t\t<div class=\"elementor-author-box\">\n\t\t\t\t\t\t\t<div  class=\"elementor-author-box__avatar\">\n\t\t\t\t\t<img decoding=\"async\" src=\"https:\/\/olje-morgan.si\/wp-content\/uploads\/2025\/10\/ariana-300x205.jpg\" alt=\"Picture of Ariana \u2013 Verkostungen und Lager\" loading=\"lazy\">\n\t\t\t\t<\/div>\n\t\t\t\n\t\t\t<div class=\"elementor-author-box__text\">\n\t\t\t\t\t\t\t\t\t<div >\n\t\t\t\t\t\t<h4 class=\"elementor-author-box__name\">\n\t\t\t\t\t\t\tAriana \u2013 Verkostungen und Lager\t\t\t\t\t\t<\/h4>\n\t\t\t\t\t<\/div>\n\t\t\t\t\n\t\t\t\t\t\t\t\t\t<div class=\"elementor-author-box__bio\">\n\t\t\t\t\t\t<p>Ariana sorgt f\u00fcr Ordnung und bereitet den Verkostungsraum vor, insbesondere bei angemeldeten Gruppen. Sie hilft bei der Durchf\u00fchrung der Oliven\u00f6lverkostungen und unterst\u00fctzt das Team bei Lagerung und Organisation der Vorr\u00e4te. Mit ihrer Energie und ihrem L\u00e4cheln tr\u00e4gt sie zu einem angenehmen Erlebnis f\u00fcr alle Besucher bei.<\/p>\n\t\t\t\t\t<\/div>\n\t\t\t\t\n\t\t\t\t\t\t\t<\/div>\n\t\t<\/div>\n\t\t\t\t\t\t<\/div>\n\t\t\t\t<\/div>\n\t\t\t\t<\/div>\n\t\t<div class=\"elementor-element elementor-element-29bc66a e-con-full e-flex e-con e-child\" data-id=\"29bc66a\" data-element_type=\"container\" data-e-type=\"container\">\n\t\t<div class=\"elementor-element elementor-element-c14c4bb e-con-full e-flex e-con e-child\" data-id=\"c14c4bb\" data-element_type=\"container\" data-e-type=\"container\">\n\t\t\t\t<div class=\"elementor-element elementor-element-7cfb2d2 elementor-author-box--layout-image-above elementor-author-box--align-center elementor-widget elementor-widget-author-box\" data-id=\"7cfb2d2\" data-element_type=\"widget\" data-e-type=\"widget\" data-widget_type=\"author-box.default\">\n\t\t\t\t\t\t\t<div class=\"elementor-author-box\">\n\t\t\t\t\t\t\t<div  class=\"elementor-author-box__avatar\">\n\t\t\t\t\t<img decoding=\"async\" src=\"https:\/\/olje-morgan.si\/wp-content\/uploads\/2025\/10\/borut-300x215.jpg\" alt=\"Picture of Borut \u2013 Technik und Qualit\u00e4t\" loading=\"lazy\">\n\t\t\t\t<\/div>\n\t\t\t\n\t\t\t<div class=\"elementor-author-box__text\">\n\t\t\t\t\t\t\t\t\t<div >\n\t\t\t\t\t\t<h4 class=\"elementor-author-box__name\">\n\t\t\t\t\t\t\tBorut \u2013 Technik und Qualit\u00e4t\t\t\t\t\t\t<\/h4>\n\t\t\t\t\t<\/div>\n\t\t\t\t\n\t\t\t\t\t\t\t\t\t<div class=\"elementor-author-box__bio\">\n\t\t\t\t\t\t<p>Borut ist verantwortlich f\u00fcr die F\u00fchrung von Besuchergruppen und die Olivenernte. Er beteiligt sich aktiv an der Verarbeitung der Oliven zu \u00d6l und \u00fcberwacht die Abl\u00e4ufe in der \u00d6lm\u00fchle, damit sie effizient und modern verlaufen. Zudem k\u00fcmmert er sich um den Pflanzenschutz, die Bodenfruchtbarkeit und Analysen und sucht st\u00e4ndig nach neuen Verbesserungsm\u00f6glichkeiten auf dem Hof.<\/p>\n\t\t\t\t\t<\/div>\n\t\t\t\t\n\t\t\t\t\t\t\t<\/div>\n\t\t<\/div>\n\t\t\t\t\t\t<\/div>\n\t\t\t\t<\/div>\n\t\t\t\t<\/div>\n\t\t<div class=\"elementor-element elementor-element-ed1ce48 e-con-full e-flex e-con e-child\" data-id=\"ed1ce48\" data-element_type=\"container\" data-e-type=\"container\">\n\t\t<div class=\"elementor-element elementor-element-38b54c0 e-con-full e-flex e-con e-child\" data-id=\"38b54c0\" data-element_type=\"container\" data-e-type=\"container\">\n\t\t\t\t<div class=\"elementor-element elementor-element-9915d69 elementor-author-box--layout-image-above elementor-author-box--align-center elementor-widget elementor-widget-author-box\" data-id=\"9915d69\" data-element_type=\"widget\" data-e-type=\"widget\" data-widget_type=\"author-box.default\">\n\t\t\t\t\t\t\t<div class=\"elementor-author-box\">\n\t\t\t\t\t\t\t<div  class=\"elementor-author-box__avatar\">\n\t\t\t\t\t<img decoding=\"async\" src=\"https:\/\/olje-morgan.si\/wp-content\/uploads\/2025\/10\/marko-300x226.jpg\" alt=\"Picture of Marko \u2013 Verkauf und Entwicklung\" loading=\"lazy\">\n\t\t\t\t<\/div>\n\t\t\t\n\t\t\t<div class=\"elementor-author-box__text\">\n\t\t\t\t\t\t\t\t\t<div >\n\t\t\t\t\t\t<h4 class=\"elementor-author-box__name\">\n\t\t\t\t\t\t\tMarko \u2013 Verkauf und Entwicklung\t\t\t\t\t\t<\/h4>\n\t\t\t\t\t<\/div>\n\t\t\t\t\n\t\t\t\t\t\t\t\t\t<div class=\"elementor-author-box__bio\">\n\t\t\t\t\t\t<p>Marko f\u00fchrt Besuchergruppen und hilft bei der Olivenernte. Er ist f\u00fcr den Verkauf verantwortlich und sorgt daf\u00fcr, dass die Produkte rechtzeitig zu den Kunden gelangen. Au\u00dferdem organisiert er die Teilnahme der Morgan-\u00d6le an nationalen und internationalen Wettbewerben, wo sie hervorragende Auszeichnungen erhalten und zus\u00e4tzliche Bekanntheit auf dem Markt gewinnen.<\/p>\n\t\t\t\t\t<\/div>\n\t\t\t\t\n\t\t\t\t\t\t\t<\/div>\n\t\t<\/div>\n\t\t\t\t\t\t<\/div>\n\t\t\t\t<\/div>\n\t\t\t\t<\/div>\n\t\t\t\t\t<\/div>\n\t\t\t\t<\/div>\n\t\t\t\t<\/div>\n\t\t","protected":false},"excerpt":{"rendered":"<p>Wer sind wir? Wir sind der Familienbetrieb Morgan aus dem malerischen Dorf Grintovec, im Herzen der unber\u00fchrten Natur des slowenischen Istriens. Unsere Olivenhaine, umgeben von der authentischen istrischen Landschaft, genie\u00dfen eine au\u00dfergew\u00f6hnliche Lage und Bedingungen, die unserem \u00d6l seinen einzigartigen Charakter verleihen. Ende der 1990er Jahre haben wir auf historischen Olivenanbaufl\u00e4chen die Plantagen erneuert und [&hellip;]<\/p>\n","protected":false},"author":1,"featured_media":2283,"parent":0,"menu_order":0,"comment_status":"closed","ping_status":"closed","template":"","meta":{"footnotes":""},"class_list":["post-2281","page","type-page","status-publish","has-post-thumbnail","hentry"],"_links":{"self":[{"href":"https:\/\/olje-morgan.si\/de\/wp-json\/wp\/v2\/pages\/2281","targetHints":{"allow":["GET"]}}],"collection":[{"href":"https:\/\/olje-morgan.si\/de\/wp-json\/wp\/v2\/pages"}],"about":[{"href":"https:\/\/olje-morgan.si\/de\/wp-json\/wp\/v2\/types\/page"}],"author":[{"embeddable":true,"href":"https:\/\/olje-morgan.si\/de\/wp-json\/wp\/v2\/users\/1"}],"replies":[{"embeddable":true,"href":"https:\/\/olje-morgan.si\/de\/wp-json\/wp\/v2\/comments?post=2281"}],"version-history":[{"count":10,"href":"https:\/\/olje-morgan.si\/de\/wp-json\/wp\/v2\/pages\/2281\/revisions"}],"predecessor-version":[{"id":6477,"href":"https:\/\/olje-morgan.si\/de\/wp-json\/wp\/v2\/pages\/2281\/revisions\/6477"}],"wp:featuredmedia":[{"embeddable":true,"href":"https:\/\/olje-morgan.si\/de\/wp-json\/wp\/v2\/media\/2283"}],"wp:attachment":[{"href":"https:\/\/olje-morgan.si\/de\/wp-json\/wp\/v2\/media?parent=2281"}],"curies":[{"name":"wp","href":"https:\/\/api.w.org\/{rel}","templated":true}]}}