{"id":3119,"date":"2025-09-25T22:45:07","date_gmt":"2025-09-25T21:45:07","guid":{"rendered":"https:\/\/dev.olje-morgan.si\/nasi-certifikati\/"},"modified":"2026-03-01T09:28:46","modified_gmt":"2026-03-01T08:28:46","slug":"unsere-zertifikate","status":"publish","type":"page","link":"https:\/\/olje-morgan.si\/de\/unsere-zertifikate\/","title":{"rendered":"Unsere Zertifikate"},"content":{"rendered":"\t\t<div data-elementor-type=\"wp-page\" data-elementor-id=\"3119\" class=\"elementor elementor-3119 elementor-1121\" data-elementor-post-type=\"page\">\n\t\t\t\t<div class=\"elementor-element elementor-element-9a3a471 e-flex e-con-boxed e-con e-parent\" data-id=\"9a3a471\" data-element_type=\"container\" data-e-type=\"container\">\n\t\t\t\t\t<div class=\"e-con-inner\">\n\t\t<div class=\"elementor-element elementor-element-bc8acf4 e-con-full e-flex e-con e-child\" data-id=\"bc8acf4\" data-element_type=\"container\" data-e-type=\"container\">\n\t\t\t\t<div class=\"elementor-element elementor-element-cd1344e elementor-widget elementor-widget-image\" data-id=\"cd1344e\" data-element_type=\"widget\" data-e-type=\"widget\" data-widget_type=\"image.default\">\n\t\t\t\t\t\t\t\t\t\t\t\t\t\t\t<img decoding=\"async\" width=\"150\" height=\"150\" src=\"https:\/\/olje-morgan.si\/wp-content\/uploads\/2025\/09\/ZOP-znak.png\" class=\"attachment-large size-large wp-image-3120\" alt=\"\" srcset=\"https:\/\/olje-morgan.si\/wp-content\/uploads\/2025\/09\/ZOP-znak.png 150w, https:\/\/olje-morgan.si\/wp-content\/uploads\/2025\/09\/ZOP-znak-100x100.png 100w\" sizes=\"(max-width: 150px) 100vw, 150px\" \/>\t\t\t\t\t\t\t\t\t\t\t\t\t\t\t<\/div>\n\t\t\t\t<div class=\"elementor-element elementor-element-01ff758 elementor-widget elementor-widget-heading\" data-id=\"01ff758\" data-element_type=\"widget\" data-e-type=\"widget\" data-widget_type=\"heading.default\">\n\t\t\t\t\t<h2 class=\"elementor-heading-title elementor-size-default\">Gesch\u00fctzte Ursprungsbezeichnung (g.U.)<\/h2>\t\t\t\t<\/div>\n\t\t\t\t<div class=\"elementor-element elementor-element-4907284 elementor-widget elementor-widget-text-editor\" data-id=\"4907284\" data-element_type=\"widget\" data-e-type=\"widget\" data-widget_type=\"text-editor.default\">\n\t\t\t\t\t\t\t\t\t<p style=\"text-align: left;\">Die g.U. ist die h\u00f6chste europ\u00e4ische Qualit\u00e4tskennzeichnung und best\u00e4tigt, dass ein Lebensmittel aus einem bestimmten geografischen Gebiet stammt und Eigenschaften besitzt, die direkt mit der Umgebung und der Tradition dieser Region verbunden sind.<br data-start=\"2172\" data-end=\"2175\" \/>Bei Oliven\u00f6l bedeutet die g.U., dass die Oliven ausschlie\u00dflich in einem festgelegten Gebiet angebaut, verarbeitet und abgef\u00fcllt werden und dass das \u00d6l strenge Anforderungen an Qualit\u00e4t, Verfahren und Herkunft erf\u00fcllt.<\/p><h4 style=\"text-align: left;\"><img decoding=\"async\" class=\"emoji\" role=\"img\" draggable=\"false\" src=\"https:\/\/s.w.org\/images\/core\/emoji\/16.0.1\/svg\/1f1f8-1f1ee.svg\" alt=\"\ud83c\uddf8\ud83c\uddee\" \/> Natives Oliven\u00f6l extra aus dem slowenischen Istrien (EDOOSI g.U.)<\/h4><p style=\"text-align: left;\">Seit 2007 d\u00fcrfen slowenische Olivenbauern unter festgelegten Bedingungen das Natives Oliven\u00f6l extra aus dem slowenischen Istrien (EDOOSI g.U.) herstellen.<br data-start=\"2622\" data-end=\"2625\" \/>Dieses G\u00fctesiegel garantiert den Verbrauchern, dass das \u00d6l aus dem slowenischen Istrien stammt und mit gr\u00f6\u00dfter Sorgfalt sowie nach den h\u00f6chsten Qualit\u00e4tsstandards produziert wird.<\/p><h4 style=\"text-align: left;\">Hauptbedingungen f\u00fcr die Erlangung der g.U.:<\/h4><ul style=\"text-align: left;\"><li data-start=\"2857\" data-end=\"2931\"><p data-start=\"2859\" data-end=\"2931\">Anbau- und Verarbeitungsgebiet ausschlie\u00dflich im slowenischen Istrien,<\/p><\/li><li data-start=\"2932\" data-end=\"3007\"><p data-start=\"2934\" data-end=\"3007\">Mindestens 30 % der Oliven m\u00fcssen der Sorte <em data-start=\"2978\" data-end=\"2994\">Istrska belica<\/em> angeh\u00f6ren,<\/p><\/li><li data-start=\"3008\" data-end=\"3069\"><p data-start=\"3010\" data-end=\"3069\">Lagerung der Fr\u00fcchte h\u00f6chstens 48 Stunden nach der Ernte,<\/p><\/li><li data-start=\"3070\" data-end=\"3153\"><p data-start=\"3072\" data-end=\"3153\">Olivenhaine m\u00fcssen in den integrierten oder \u00f6kologischen Anbau einbezogen sein,<\/p><\/li><li data-start=\"3154\" data-end=\"3221\"><p data-start=\"3156\" data-end=\"3221\">Temperatur bei der Kaltpressung darf 27 \u00b0C nicht \u00fcberschreiten,<\/p><\/li><li data-start=\"3222\" data-end=\"3297\"><p data-start=\"3224\" data-end=\"3297\">Verarbeitung nur in zertifizierten \u00d6lm\u00fchlen mit modernster Technologie,<\/p><\/li><li data-start=\"3298\" data-end=\"3389\"><p data-start=\"3300\" data-end=\"3389\">Qualit\u00e4tsparameter m\u00fcssen den internationalen Standards f\u00fcr Spitzenoliven\u00f6le entsprechen.<\/p><\/li><\/ul><h4 style=\"text-align: left;\">Was die g.U. f\u00fcr den Verbraucher bedeutet?<\/h4><p style=\"text-align: left;\">Das g.U.-Siegel garantiert, dass das \u00d6l:<\/p><ul><li style=\"text-align: left;\" data-start=\"3483\" data-end=\"3527\"><p data-start=\"3485\" data-end=\"3527\">autochthon und regionalen Ursprungs ist,<\/p><\/li><li style=\"text-align: left;\" data-start=\"3528\" data-end=\"3576\"><p data-start=\"3530\" data-end=\"3576\">vom Baum bis zur Flasche r\u00fcckverfolgbar ist,<\/p><\/li><li style=\"text-align: left;\" data-start=\"3577\" data-end=\"3631\"><p data-start=\"3579\" data-end=\"3631\">nach h\u00f6chsten Qualit\u00e4tsstandards hergestellt wird,<\/p><\/li><li data-start=\"3632\" data-end=\"3725\"><p style=\"text-align: left;\" data-start=\"3634\" data-end=\"3725\">das Ergebnis von Tradition, Wissen und Respekt vor der Natur slowenischer Olivenbauern ist.<\/p><\/li><\/ul>\t\t\t\t\t\t\t\t<\/div>\n\t\t\t\t<\/div>\n\t\t<div class=\"elementor-element elementor-element-aa2932c e-con-full e-flex e-con e-child\" data-id=\"aa2932c\" data-element_type=\"container\" data-e-type=\"container\">\n\t\t\t\t<div class=\"elementor-element elementor-element-b326c42 elementor-widget elementor-widget-image\" data-id=\"b326c42\" data-element_type=\"widget\" data-e-type=\"widget\" data-widget_type=\"image.default\">\n\t\t\t\t\t\t\t\t\t\t\t\t\t\t\t<img fetchpriority=\"high\" decoding=\"async\" width=\"300\" height=\"315\" src=\"https:\/\/olje-morgan.si\/wp-content\/uploads\/2025\/10\/logo-bio-slovenija.png\" class=\"attachment-1536x1536 size-1536x1536 wp-image-3154\" alt=\"\" srcset=\"https:\/\/olje-morgan.si\/wp-content\/uploads\/2025\/10\/logo-bio-slovenija.png 300w, https:\/\/olje-morgan.si\/wp-content\/uploads\/2025\/10\/logo-bio-slovenija-286x300.png 286w\" sizes=\"(max-width: 300px) 100vw, 300px\" \/>\t\t\t\t\t\t\t\t\t\t\t\t\t\t\t<\/div>\n\t\t\t\t<div class=\"elementor-element elementor-element-5315e67 elementor-widget elementor-widget-heading\" data-id=\"5315e67\" data-element_type=\"widget\" data-e-type=\"widget\" data-widget_type=\"heading.default\">\n\t\t\t\t\t<h2 class=\"elementor-heading-title elementor-size-default\"><br>\u00d6kologische Produktion (BIO)<\/h2>\t\t\t\t<\/div>\n\t\t\t\t<div class=\"elementor-element elementor-element-a47877d elementor-widget elementor-widget-text-editor\" data-id=\"a47877d\" data-element_type=\"widget\" data-e-type=\"widget\" data-widget_type=\"text-editor.default\">\n\t\t\t\t\t\t\t\t\t<p style=\"text-align: left;\">Das Zeichen ist das offizielle slowenische Zertifikat f\u00fcr \u00f6kologische Produktion und Verarbeitung und weist darauf hin, dass das Oliven\u00f6l den Status \u201e\u00f6kologisch\u201c bzw. \u201eBIO\u201c gem\u00e4\u00df den Standards der Republik Slowenien und der Europ\u00e4ischen Union besitzt.<br data-start=\"1402\" data-end=\"1405\" \/>Das Zertifikat wird vom Institut f\u00fcr Kontrolle und Zertifizierung in der Land- und Forstwirtschaft Sloweniens (IKC Slowenien) ausgestellt.<\/p><h4 style=\"text-align: left;\">Bedingungen f\u00fcr den Erhalt des BIO-Zertifikats:<\/h4><ul style=\"text-align: left;\"><li data-start=\"1603\" data-end=\"1700\"><p data-start=\"1605\" data-end=\"1700\">Das Produkt wurde ohne den Einsatz von GVO (gentechnisch ver\u00e4nderten Organismen) verarbeitet,<\/p><\/li><li data-start=\"1701\" data-end=\"1766\"><p data-start=\"1703\" data-end=\"1766\">Es enth\u00e4lt mindestens 95 % Zutaten aus \u00f6kologischem Ursprung,<\/p><\/li><li data-start=\"1767\" data-end=\"1850\"><p data-start=\"1769\" data-end=\"1850\">Der Hersteller wird regelm\u00e4\u00dfig von einer zugelassenen Kontrollstelle \u00fcberwacht,<\/p><\/li><li data-start=\"1851\" data-end=\"1955\"><p data-start=\"1853\" data-end=\"1955\">Der Prozess des Anbaus, der Pressung und der Verpackung muss strenge \u00f6kologische Standards erf\u00fcllen,<\/p><\/li><li data-start=\"1956\" data-end=\"2052\"><p data-start=\"1958\" data-end=\"2052\">Der gesamte Prozess wird durch entsprechende Dokumentation gem\u00e4\u00df den Vorschriften begleitet.<\/p><\/li><\/ul><div style=\"text-align: left;\">\u00a0<\/div>\t\t\t\t\t\t\t\t<\/div>\n\t\t\t\t<div class=\"elementor-element elementor-element-7c5e601 elementor-widget elementor-widget-spacer\" data-id=\"7c5e601\" data-element_type=\"widget\" data-e-type=\"widget\" data-widget_type=\"spacer.default\">\n\t\t\t\t\t\t\t<div class=\"elementor-spacer\">\n\t\t\t<div class=\"elementor-spacer-inner\"><\/div>\n\t\t<\/div>\n\t\t\t\t\t\t<\/div>\n\t\t\t\t<\/div>\n\t\t<div class=\"elementor-element elementor-element-c5b2d9c e-con-full e-flex e-con e-child\" data-id=\"c5b2d9c\" data-element_type=\"container\" data-e-type=\"container\">\n\t\t\t\t<div class=\"elementor-element elementor-element-e24c701 elementor-widget elementor-widget-image\" data-id=\"e24c701\" data-element_type=\"widget\" data-e-type=\"widget\" data-widget_type=\"image.default\">\n\t\t\t\t\t\t\t\t\t\t\t\t\t\t\t<img decoding=\"async\" width=\"223\" height=\"150\" src=\"https:\/\/olje-morgan.si\/wp-content\/uploads\/2025\/09\/zeleni-list-2.png\" class=\"attachment-large size-large wp-image-3153\" alt=\"\" \/>\t\t\t\t\t\t\t\t\t\t\t\t\t\t\t<\/div>\n\t\t\t\t<div class=\"elementor-element elementor-element-46ea982 elementor-widget elementor-widget-heading\" data-id=\"46ea982\" data-element_type=\"widget\" data-e-type=\"widget\" data-widget_type=\"heading.default\">\n\t\t\t\t\t<h2 class=\"elementor-heading-title elementor-size-default\">Das Gr\u00fcne Blatt<\/h2>\t\t\t\t<\/div>\n\t\t\t\t<div class=\"elementor-element elementor-element-8e51f34 elementor-widget elementor-widget-text-editor\" data-id=\"8e51f34\" data-element_type=\"widget\" data-e-type=\"widget\" data-widget_type=\"text-editor.default\">\n\t\t\t\t\t\t\t\t\t<p style=\"text-align: left;\">Das Gr\u00fcne Blatt ist das offizielle Logo der Europ\u00e4ischen Union f\u00fcr \u00f6kologische Erzeugnisse, oft auch \u201eEU-Blatt f\u00fcr den \u00f6kologischen Landbau\u201c genannt.<br data-start=\"1449\" data-end=\"1452\" \/>Auf Oliven\u00f6l zeigt dieses Zeichen an, dass das Produkt gem\u00e4\u00df der europ\u00e4ischen Verordnung \u00fcber den \u00f6kologischen Landbau als biologisch zertifiziert ist.<br data-start=\"1607\" data-end=\"1610\" \/>Das Logo auf dem Oliven\u00f6l best\u00e4tigt, dass das Produkt auch auf EU-Ebene offiziell als biologisch anerkannt ist und steht f\u00fcr hohe Qualit\u00e4t, R\u00fcckverfolgbarkeit und nat\u00fcrliche Produktion.<\/p><h4 style=\"text-align: left;\">Bedeutung des Zeichens:<\/h4><ul><li style=\"text-align: left;\" data-start=\"1831\" data-end=\"1906\"><p data-start=\"1833\" data-end=\"1906\">Das Produkt erf\u00fcllt alle EU-Anforderungen f\u00fcr den \u00f6kologischen Landbau.<\/p><\/li><li style=\"text-align: left;\" data-start=\"1907\" data-end=\"2063\"><p data-start=\"1909\" data-end=\"2063\">Das Oliven\u00f6l wurde ohne synthetische Pestizide, k\u00fcnstliche D\u00fcngemittel, GVO (gentechnisch ver\u00e4nderte Organismen) und ionisierende Strahlung hergestellt.<\/p><\/li><li style=\"text-align: left;\" data-start=\"2064\" data-end=\"2244\"><p data-start=\"2066\" data-end=\"2244\">Der gesamte Produktionsprozess \u2013 vom Anbau der Oliven \u00fcber die Verarbeitung des \u00d6ls bis zur Verpackung \u2013 wurde von einer zugelassenen Kontrollstelle \u00fcberwacht und zertifiziert.<\/p><\/li><li data-start=\"2245\" data-end=\"2376\"><p style=\"text-align: left;\" data-start=\"2247\" data-end=\"2376\">Auf der Verpackung m\u00fcssen neben dem Logo auch der Code der Zertifizierungsstelle und die Herkunft der Rohstoffe angegeben sein.<\/p><\/li><\/ul>\t\t\t\t\t\t\t\t<\/div>\n\t\t\t\t<div class=\"elementor-element elementor-element-f9f6ebe elementor-widget elementor-widget-spacer\" data-id=\"f9f6ebe\" data-element_type=\"widget\" data-e-type=\"widget\" data-widget_type=\"spacer.default\">\n\t\t\t\t\t\t\t<div class=\"elementor-spacer\">\n\t\t\t<div class=\"elementor-spacer-inner\"><\/div>\n\t\t<\/div>\n\t\t\t\t\t\t<\/div>\n\t\t\t\t<\/div>\n\t\t\t\t\t<\/div>\n\t\t\t\t<\/div>\n\t\t\t\t<\/div>\n\t\t","protected":false},"excerpt":{"rendered":"<p>Gesch\u00fctzte Ursprungsbezeichnung (g.U.) Die g.U. ist die h\u00f6chste europ\u00e4ische Qualit\u00e4tskennzeichnung und best\u00e4tigt, dass ein Lebensmittel aus einem bestimmten geografischen Gebiet stammt und Eigenschaften besitzt, die direkt mit der Umgebung und der Tradition dieser Region verbunden sind.Bei Oliven\u00f6l bedeutet die g.U., dass die Oliven ausschlie\u00dflich in einem festgelegten Gebiet angebaut, verarbeitet und abgef\u00fcllt werden und dass [&hellip;]<\/p>\n","protected":false},"author":1,"featured_media":2265,"parent":0,"menu_order":0,"comment_status":"closed","ping_status":"closed","template":"elementor_header_footer","meta":{"footnotes":""},"class_list":["post-3119","page","type-page","status-publish","has-post-thumbnail","hentry"],"_links":{"self":[{"href":"https:\/\/olje-morgan.si\/de\/wp-json\/wp\/v2\/pages\/3119","targetHints":{"allow":["GET"]}}],"collection":[{"href":"https:\/\/olje-morgan.si\/de\/wp-json\/wp\/v2\/pages"}],"about":[{"href":"https:\/\/olje-morgan.si\/de\/wp-json\/wp\/v2\/types\/page"}],"author":[{"embeddable":true,"href":"https:\/\/olje-morgan.si\/de\/wp-json\/wp\/v2\/users\/1"}],"replies":[{"embeddable":true,"href":"https:\/\/olje-morgan.si\/de\/wp-json\/wp\/v2\/comments?post=3119"}],"version-history":[{"count":25,"href":"https:\/\/olje-morgan.si\/de\/wp-json\/wp\/v2\/pages\/3119\/revisions"}],"predecessor-version":[{"id":6594,"href":"https:\/\/olje-morgan.si\/de\/wp-json\/wp\/v2\/pages\/3119\/revisions\/6594"}],"wp:featuredmedia":[{"embeddable":true,"href":"https:\/\/olje-morgan.si\/de\/wp-json\/wp\/v2\/media\/2265"}],"wp:attachment":[{"href":"https:\/\/olje-morgan.si\/de\/wp-json\/wp\/v2\/media?parent=3119"}],"curies":[{"name":"wp","href":"https:\/\/api.w.org\/{rel}","templated":true}]}}