{"id":5639,"date":"2025-12-09T12:36:08","date_gmt":"2025-12-09T11:36:08","guid":{"rendered":"https:\/\/dev.olje-morgan.si\/dostava-in-vracila\/"},"modified":"2026-01-19T22:10:03","modified_gmt":"2026-01-19T21:10:03","slug":"dostava-in-vracila","status":"publish","type":"page","link":"https:\/\/olje-morgan.si\/de\/dostava-in-vracila\/","title":{"rendered":"Lieferung und R\u00fccksendungen"},"content":{"rendered":"\n<p>Bestellungen werden \u00fcber den Zustelldienst <strong>Po\u0161ta Slovenije<\/strong> versendet. Vor der Zustellung wird Sie der Kurierdienst telefonisch \u00fcber die bei der Bestellung angegebene Kontaktnummer informieren.<\/p>\n\n\n\n<p>Bei Zahlung per <strong>Vorausrechnung (Pro-forma-Rechnung)<\/strong> wird die Bestellung erst nach Zahlungseingang versendet.<\/p>\n\n\n\n<p>Wenn das Paket nicht angenommen wird, sind Sie verpflichtet, die Versandkosten in beide Richtungen zu \u00fcbernehmen.<\/p>\n\n\n\n<p>Bei Problemen mit der Lieferung kontaktieren Sie uns bitte telefonisch unter <strong>+386 41 884 574<\/strong> oder per E-Mail an <strong><a>info@olje-morgan.si<\/a><\/strong>. Gerne informieren wir Sie \u00fcber den Status Ihrer Bestellung.<\/p>\n\n\n\n<hr class=\"wp-block-separator has-alpha-channel-opacity\"\/>\n\n\n\n<h3 class=\"wp-block-heading\">R\u00fccksendungen<\/h3>\n\n\n\n<p>Sie k\u00f6nnen die Produkte <strong>ohne Angabe von Gr\u00fcnden<\/strong> innerhalb von <strong>14 Tagen<\/strong> ab dem Tag des Erhalts der Ware zur\u00fccksenden. Der Kaufpreis wird Ihnen erstattet.<\/p>\n\n\n\n<p>F\u00fcr R\u00fccksendungen kontaktieren Sie uns bitte unter <strong><a>info@olje-morgan.si<\/a><\/strong>. Wir werden Ihr Anliegen so schnell wie m\u00f6glich bearbeiten.<\/p>\n","protected":false},"excerpt":{"rendered":"<p>Bestellungen werden \u00fcber den Zustelldienst Po\u0161ta Slovenije versendet. Vor der Zustellung wird Sie der Kurierdienst telefonisch \u00fcber die bei der Bestellung angegebene Kontaktnummer informieren. Bei Zahlung per Vorausrechnung (Pro-forma-Rechnung) wird die Bestellung erst nach Zahlungseingang versendet. Wenn das Paket nicht angenommen wird, sind Sie verpflichtet, die Versandkosten in beide Richtungen zu \u00fcbernehmen. Bei Problemen mit [&hellip;]<\/p>\n","protected":false},"author":1,"featured_media":0,"parent":0,"menu_order":0,"comment_status":"closed","ping_status":"closed","template":"","meta":{"footnotes":""},"class_list":["post-5639","page","type-page","status-publish","hentry"],"_links":{"self":[{"href":"https:\/\/olje-morgan.si\/de\/wp-json\/wp\/v2\/pages\/5639","targetHints":{"allow":["GET"]}}],"collection":[{"href":"https:\/\/olje-morgan.si\/de\/wp-json\/wp\/v2\/pages"}],"about":[{"href":"https:\/\/olje-morgan.si\/de\/wp-json\/wp\/v2\/types\/page"}],"author":[{"embeddable":true,"href":"https:\/\/olje-morgan.si\/de\/wp-json\/wp\/v2\/users\/1"}],"replies":[{"embeddable":true,"href":"https:\/\/olje-morgan.si\/de\/wp-json\/wp\/v2\/comments?post=5639"}],"version-history":[{"count":1,"href":"https:\/\/olje-morgan.si\/de\/wp-json\/wp\/v2\/pages\/5639\/revisions"}],"predecessor-version":[{"id":5643,"href":"https:\/\/olje-morgan.si\/de\/wp-json\/wp\/v2\/pages\/5639\/revisions\/5643"}],"wp:attachment":[{"href":"https:\/\/olje-morgan.si\/de\/wp-json\/wp\/v2\/media?parent=5639"}],"curies":[{"name":"wp","href":"https:\/\/api.w.org\/{rel}","templated":true}]}}