{"id":5767,"date":"2026-01-17T13:02:49","date_gmt":"2026-01-17T12:02:49","guid":{"rendered":"https:\/\/dev.olje-morgan.si\/pravilnik-o-piskotkih-eu\/"},"modified":"2026-01-24T23:13:21","modified_gmt":"2026-01-24T22:13:21","slug":"cookie-richtlinie","status":"publish","type":"page","link":"https:\/\/olje-morgan.si\/de\/cookie-richtlinie\/","title":{"rendered":"Cookie-Richtlinie"},"content":{"rendered":"<p>&lt;p&gt;Diese Cookie-Richtlinie wurde zuletzt am 4. September 2025 aktualisiert und gilt f\u00fcr B\u00fcrger und rechtm\u00e4\u00dfige st\u00e4ndige Einwohner des Europ\u00e4ischen Wirtschaftsraums und der Schweiz.&lt;\/p&gt;<\/p>\n<p>&lt;h2&gt;1. Einleitung&lt;\/h2&gt;<br \/>&lt;p&gt;Unsere Website https:\/\/olje-morgan.si (nachfolgend \u201eWebsite\u201c) verwendet Cookies und \u00e4hnliche Technologien. Zur Vereinfachung werden all diese Technologien als \u201eCookies\u201c bezeichnet. Cookies k\u00f6nnen auch von uns beauftragten Drittanbietern gesetzt werden. In diesem Dokument informieren wir Sie \u00fcber die Verwendung von Cookies auf unserer Website.&lt;\/p&gt;<\/p>\n<p>&lt;h2&gt;2. Was sind Cookies?&lt;\/h2&gt;<br \/>&lt;p&gt;Ein Cookie ist eine kleine Textdatei, die zusammen mit den Seiten dieser Website an Ihren Browser gesendet und auf der Festplatte Ihres Computers oder eines anderen Ger\u00e4ts gespeichert wird. Die darin gespeicherten Informationen k\u00f6nnen bei einem sp\u00e4teren Besuch an unsere Server oder an die Server relevanter Drittanbieter zur\u00fcckgesendet werden.&lt;\/p&gt;<\/p>\n<p>&lt;h2&gt;3. Was sind Skripte?&lt;\/h2&gt;<br \/>&lt;p&gt;Ein Skript ist ein St\u00fcck Programmcode, das verwendet wird, um unsere Website ordnungsgem\u00e4\u00df und interaktiv funktionieren zu lassen. Dieser Code wird entweder auf unserem Server oder auf Ihrem Endger\u00e4t ausgef\u00fchrt.&lt;\/p&gt;<\/p>\n<p>&lt;h2&gt;4. Was ist ein Web Beacon?&lt;\/h2&gt;<br \/>&lt;p&gt;Ein Web Beacon (auch Pixel-Tag genannt) ist ein kleines, unsichtbares Text- oder Bildfragment auf einer Website, das zur Analyse des Website-Verkehrs verwendet wird. Dabei werden verschiedene Daten \u00fcber Sie gespeichert.&lt;\/p&gt;<\/p>\n<p>&lt;h2&gt;5. Cookies&lt;\/h2&gt;<\/p>\n<p>&lt;h3&gt;5.1 Technische oder funktionale Cookies&lt;\/h3&gt;<br \/>&lt;p&gt;Einige Cookies stellen sicher, dass Teile der Website ordnungsgem\u00e4\u00df funktionieren und Ihre Einstellungen gespeichert bleiben. Diese Cookies k\u00f6nnen ohne Ihre Einwilligung gesetzt werden.&lt;\/p&gt;<\/p>\n<p>&lt;h3&gt;5.2 Marketing- \/ Tracking-Cookies&lt;\/h3&gt;<br \/>&lt;p&gt;Marketing- oder Tracking-Cookies werden verwendet, um Nutzerprofile zu erstellen, Werbung anzuzeigen oder Nutzer \u00fcber mehrere Websites hinweg zu verfolgen.&lt;\/p&gt;<\/p>\n<p>&lt;h2&gt;6. Gesetzte Cookies&lt;\/h2&gt;<br \/>&lt;p&gt;Diese Website verwendet Cookies verschiedener Dienste wie WordPress, WooCommerce, Google Analytics, Elementor, YouTube und andere.&lt;\/p&gt;<\/p>\n<p>&lt;h2&gt;7. Einwilligung&lt;\/h2&gt;<br \/>&lt;p&gt;Beim ersten Besuch unserer Website wird ein Pop-up mit einer Erkl\u00e4rung zu Cookies angezeigt. Durch Klicken auf \u201eEinstellungen speichern\u201c stimmen Sie der Verwendung der ausgew\u00e4hlten Cookie-Kategorien zu.&lt;\/p&gt;<\/p>\n<p>&lt;h2&gt;8. Cookies aktivieren, deaktivieren und l\u00f6schen&lt;\/h2&gt;<br \/>&lt;p&gt;Sie k\u00f6nnen Cookies \u00fcber Ihren Browser automatisch oder manuell l\u00f6schen. Bitte beachten Sie, dass die Website m\u00f6glicherweise nicht ordnungsgem\u00e4\u00df funktioniert, wenn alle Cookies deaktiviert sind.&lt;\/p&gt;<\/p>\n<p>&lt;h2&gt;9. Ihre Rechte in Bezug auf personenbezogene Daten&lt;\/h2&gt;<br \/>&lt;p&gt;Sie haben das Recht auf Auskunft, Berichtigung, L\u00f6schung, Einschr\u00e4nkung der Verarbeitung, Daten\u00fcbertragbarkeit sowie Widerspruch gegen die Verarbeitung Ihrer personenbezogenen Daten.&lt;\/p&gt;<\/p>\n<p>&lt;h2&gt;10. Kontaktdaten&lt;\/h2&gt;<br \/>&lt;p&gt;<br \/>Franc Morgan \u2013 Inhaber einer landwirtschaftlichen Nebent\u00e4tigkeit&lt;br&gt;<br \/>Grintovec 1&lt;br&gt;<br \/>6274 \u0160marje&lt;br&gt;<br \/>Slowenien&lt;br&gt;<br \/>E-Mail: info@olje-morgan.si<br \/>&lt;\/p&gt;<\/p>\n\n\n<p><\/p>\n","protected":false},"excerpt":{"rendered":"<p>&lt;p&gt;Diese Cookie-Richtlinie wurde zuletzt am 4. September 2025 aktualisiert und gilt f\u00fcr B\u00fcrger und rechtm\u00e4\u00dfige st\u00e4ndige Einwohner des Europ\u00e4ischen Wirtschaftsraums und der Schweiz.&lt;\/p&gt; &lt;h2&gt;1. Einleitung&lt;\/h2&gt;&lt;p&gt;Unsere Website https:\/\/olje-morgan.si (nachfolgend \u201eWebsite\u201c) verwendet Cookies und \u00e4hnliche Technologien. Zur Vereinfachung werden all diese Technologien als \u201eCookies\u201c bezeichnet. Cookies k\u00f6nnen auch von uns beauftragten Drittanbietern gesetzt werden. In diesem Dokument [&hellip;]<\/p>\n","protected":false},"author":1,"featured_media":0,"parent":0,"menu_order":0,"comment_status":"closed","ping_status":"closed","template":"","meta":{"footnotes":""},"class_list":["post-5767","page","type-page","status-publish","hentry"],"_links":{"self":[{"href":"https:\/\/olje-morgan.si\/de\/wp-json\/wp\/v2\/pages\/5767","targetHints":{"allow":["GET"]}}],"collection":[{"href":"https:\/\/olje-morgan.si\/de\/wp-json\/wp\/v2\/pages"}],"about":[{"href":"https:\/\/olje-morgan.si\/de\/wp-json\/wp\/v2\/types\/page"}],"author":[{"embeddable":true,"href":"https:\/\/olje-morgan.si\/de\/wp-json\/wp\/v2\/users\/1"}],"replies":[{"embeddable":true,"href":"https:\/\/olje-morgan.si\/de\/wp-json\/wp\/v2\/comments?post=5767"}],"version-history":[{"count":1,"href":"https:\/\/olje-morgan.si\/de\/wp-json\/wp\/v2\/pages\/5767\/revisions"}],"predecessor-version":[{"id":5772,"href":"https:\/\/olje-morgan.si\/de\/wp-json\/wp\/v2\/pages\/5767\/revisions\/5772"}],"wp:attachment":[{"href":"https:\/\/olje-morgan.si\/de\/wp-json\/wp\/v2\/media?parent=5767"}],"curies":[{"name":"wp","href":"https:\/\/api.w.org\/{rel}","templated":true}]}}