{"id":3366,"date":"2025-09-04T21:15:25","date_gmt":"2025-09-04T20:15:25","guid":{"rendered":"https:\/\/dev.olje-morgan.si\/izdelek\/vegi-salz-set\/"},"modified":"2025-11-12T14:52:45","modified_gmt":"2025-11-12T13:52:45","slug":"vegi-salzset","status":"publish","type":"product","link":"https:\/\/olje-morgan.si\/de\/produkt\/vegi-salzset\/","title":{"rendered":"Vegi Salzset"},"content":{"rendered":"","protected":false},"excerpt":{"rendered":"<div>\n<p><span style=\"color: #000000;\"><strong>Vegi Salzset<\/strong><\/span><\/p>\n<p>Set mit vier Salzen in Geschenkverpackung.<\/p>\n<p><span style=\"color: #00ccff;\"><strong>Feines Meersalz<\/strong><\/span><\/p>\n<p><strong style=\"font-size: 1rem;\">Zutaten:<\/strong> Nicht jodiertes, unraffiniertes feines Meersalz.<\/p>\n<\/div>\n<p><em><strong>*Glas:<\/strong> 100g<\/em><\/p>\n<div>\n<p><span style=\"color: #99cc00;\"><strong>Kr\u00e4utersalz f\u00fcr Gem\u00fcse<\/strong><\/span><\/p>\n<p><strong style=\"font-size: 1rem;\">Zutaten:<\/strong> Nicht jodiertes, unraffiniertes feines Meersalz und BIO-Kr\u00e4uter: Majoran, Petersilie, Thymian, Rosmarin, Knoblauch, Pfeffer.<\/p>\n<\/div>\n<p><em><strong>*Glas:<\/strong> 85g<\/em><\/p>\n<div>\n<p><span style=\"color: #008000;\"><strong>Salz mit Oliven<\/strong><\/span><\/p>\n<p><strong style=\"font-size: 1rem;\">Zutaten:<\/strong> Nicht jodiertes, unraffiniertes feines Meersalz, BIO-getrocknete Oliven.<\/p>\n<\/div>\n<p><em><strong>*Glas:<\/strong>\u00a085g<\/em><\/p>\n<div>\n<p><span style=\"color: #ff9900;\"><strong>Kr\u00e4utersalz f\u00fcr Risotto und Pasta<\/strong><\/span><\/p>\n<p><strong style=\"font-size: 1rem;\">Zutaten:<\/strong> Nicht jodiertes, unraffiniertes feines Meersalz und BIO-Kr\u00e4uter: Basilikum, Oregano, Majoran, Petersilie, Thymian, Knoblauch.<\/p>\n<\/div>\n<div>\n<p><em><strong>*Inhalt:<\/strong> 85g<\/em><\/p>\n<\/div>\n<p>&nbsp;<\/p>\n","protected":false},"featured_media":3367,"comment_status":"open","ping_status":"closed","template":"","meta":[],"product_brand":[],"product_cat":[91,90],"product_tag":[],"class_list":{"0":"post-3366","1":"product","2":"type-product","3":"status-publish","4":"has-post-thumbnail","6":"product_cat-salze-und-gewurze","7":"product_cat-geschenke","9":"first","10":"instock","11":"sale","12":"shipping-taxable","13":"purchasable","14":"product-type-simple"},"_links":{"self":[{"href":"https:\/\/olje-morgan.si\/de\/wp-json\/wp\/v2\/product\/3366","targetHints":{"allow":["GET"]}}],"collection":[{"href":"https:\/\/olje-morgan.si\/de\/wp-json\/wp\/v2\/product"}],"about":[{"href":"https:\/\/olje-morgan.si\/de\/wp-json\/wp\/v2\/types\/product"}],"replies":[{"embeddable":true,"href":"https:\/\/olje-morgan.si\/de\/wp-json\/wp\/v2\/comments?post=3366"}],"wp:featuredmedia":[{"embeddable":true,"href":"https:\/\/olje-morgan.si\/de\/wp-json\/wp\/v2\/media\/3367"}],"wp:attachment":[{"href":"https:\/\/olje-morgan.si\/de\/wp-json\/wp\/v2\/media?parent=3366"}],"wp:term":[{"taxonomy":"product_brand","embeddable":true,"href":"https:\/\/olje-morgan.si\/de\/wp-json\/wp\/v2\/product_brand?post=3366"},{"taxonomy":"product_cat","embeddable":true,"href":"https:\/\/olje-morgan.si\/de\/wp-json\/wp\/v2\/product_cat?post=3366"},{"taxonomy":"product_tag","embeddable":true,"href":"https:\/\/olje-morgan.si\/de\/wp-json\/wp\/v2\/product_tag?post=3366"}],"curies":[{"name":"wp","href":"https:\/\/api.w.org\/{rel}","templated":true}]}}