{"id":3376,"date":"2025-09-04T21:15:12","date_gmt":"2025-09-04T20:15:12","guid":{"rendered":"https:\/\/dev.olje-morgan.si\/izdelek\/kraeutersalz-fuer-gemuese-85g\/"},"modified":"2025-11-12T14:43:23","modified_gmt":"2025-11-12T13:43:23","slug":"kraeutersalz-fuer-gemuese","status":"publish","type":"product","link":"https:\/\/olje-morgan.si\/de\/produkt\/kraeutersalz-fuer-gemuese\/","title":{"rendered":"Kr\u00e4utersalz f\u00fcr Gem\u00fcse"},"content":{"rendered":"","protected":false},"excerpt":{"rendered":"<div>\n<div>\n<p><span style=\"color: #99cc00;\"><strong>Kr\u00e4utersalz f\u00fcr Gem\u00fcse<\/strong><\/span><\/p>\n<p><strong style=\"font-size: 1rem;\">Zutaten:<\/strong> Nicht jodiertes, unraffiniertes feines Meersalz und BIO-Kr\u00e4uter: Majoran, Petersilie, Thymian, Rosmarin, Knoblauch, Pfeffer.<\/p>\n<\/div>\n<p><em><strong>*Glas: <\/strong>85g<\/em><\/p>\n<\/div>\n<p>&nbsp;<\/p>\n","protected":false},"featured_media":3377,"comment_status":"open","ping_status":"closed","template":"","meta":[],"product_brand":[],"product_cat":[91],"product_tag":[],"class_list":{"0":"post-3376","1":"product","2":"type-product","3":"status-publish","4":"has-post-thumbnail","6":"product_cat-salze-und-gewurze","8":"first","9":"instock","10":"shipping-taxable","11":"purchasable","12":"product-type-simple"},"_links":{"self":[{"href":"https:\/\/olje-morgan.si\/de\/wp-json\/wp\/v2\/product\/3376","targetHints":{"allow":["GET"]}}],"collection":[{"href":"https:\/\/olje-morgan.si\/de\/wp-json\/wp\/v2\/product"}],"about":[{"href":"https:\/\/olje-morgan.si\/de\/wp-json\/wp\/v2\/types\/product"}],"replies":[{"embeddable":true,"href":"https:\/\/olje-morgan.si\/de\/wp-json\/wp\/v2\/comments?post=3376"}],"wp:featuredmedia":[{"embeddable":true,"href":"https:\/\/olje-morgan.si\/de\/wp-json\/wp\/v2\/media\/3377"}],"wp:attachment":[{"href":"https:\/\/olje-morgan.si\/de\/wp-json\/wp\/v2\/media?parent=3376"}],"wp:term":[{"taxonomy":"product_brand","embeddable":true,"href":"https:\/\/olje-morgan.si\/de\/wp-json\/wp\/v2\/product_brand?post=3376"},{"taxonomy":"product_cat","embeddable":true,"href":"https:\/\/olje-morgan.si\/de\/wp-json\/wp\/v2\/product_cat?post=3376"},{"taxonomy":"product_tag","embeddable":true,"href":"https:\/\/olje-morgan.si\/de\/wp-json\/wp\/v2\/product_tag?post=3376"}],"curies":[{"name":"wp","href":"https:\/\/api.w.org\/{rel}","templated":true}]}}