{"id":3524,"date":"2025-09-04T21:14:41","date_gmt":"2025-09-04T20:14:41","guid":{"rendered":"https:\/\/dev.olje-morgan.si\/izdelek\/knoblauch\/"},"modified":"2025-11-12T19:33:03","modified_gmt":"2025-11-12T18:33:03","slug":"knoblauch","status":"publish","type":"product","link":"https:\/\/olje-morgan.si\/de\/produkt\/knoblauch\/","title":{"rendered":"Knoblauch"},"content":{"rendered":"<p><img decoding=\"async\" class=\"alignnone wp-image-1219\" src=\"https:\/\/olje-morgan.si\/wp-content\/uploads\/2025\/09\/priporocilo.png\" alt=\"\" width=\"50\" height=\"50\" srcset=\"https:\/\/olje-morgan.si\/wp-content\/uploads\/2025\/09\/priporocilo.png 250w, https:\/\/olje-morgan.si\/wp-content\/uploads\/2025\/09\/priporocilo-150x150.png 150w, https:\/\/olje-morgan.si\/wp-content\/uploads\/2025\/09\/priporocilo-100x100.png 100w\" sizes=\"(max-width: 50px) 100vw, 50px\" \/> <strong>Wir empfehlen <\/strong>zu Pasta, Risottos, Fleisch, Fisch, Meeresfr\u00fcchten, Suppen, Eint\u00f6pfen und Salaten.<\/p>\n","protected":false},"excerpt":{"rendered":"<p><span style=\"color: #cc99ff;\"><strong>Natives Oliven\u00f6l extra mit Knoblauch<\/strong><\/span><\/p>\n<div>\n<p><img decoding=\"async\" class=\"alignnone wp-image-1222\" src=\"https:\/\/olje-morgan.si\/wp-content\/uploads\/2025\/09\/okus.png\" alt=\"\" width=\"50\" height=\"49\" srcset=\"https:\/\/olje-morgan.si\/wp-content\/uploads\/2025\/09\/okus.png 251w, https:\/\/olje-morgan.si\/wp-content\/uploads\/2025\/09\/okus-150x150.png 150w, https:\/\/olje-morgan.si\/wp-content\/uploads\/2025\/09\/okus-100x100.png 100w\" sizes=\"(max-width: 50px) 100vw, 50px\" \/> <strong>Geschmack<\/strong> voll, aromatisch, mit einem charakteristischen Knoblauchton.<\/p>\n<p><img decoding=\"async\" class=\"alignnone wp-image-1221\" src=\"https:\/\/olje-morgan.si\/wp-content\/uploads\/2025\/09\/vonj.png\" alt=\"\" width=\"50\" height=\"50\" srcset=\"https:\/\/olje-morgan.si\/wp-content\/uploads\/2025\/09\/vonj.png 252w, https:\/\/olje-morgan.si\/wp-content\/uploads\/2025\/09\/vonj-150x150.png 150w, https:\/\/olje-morgan.si\/wp-content\/uploads\/2025\/09\/vonj-100x100.png 100w\" sizes=\"(max-width: 50px) 100vw, 50px\" \/> <strong>Geruch <\/strong>frisch und ausgepr\u00e4gt nach Knoblauch.<\/p>\n<p><img loading=\"lazy\" decoding=\"async\" class=\"alignnone wp-image-1220\" src=\"https:\/\/olje-morgan.si\/wp-content\/uploads\/2025\/09\/pikantnost.png\" alt=\"\" width=\"50\" height=\"49\" srcset=\"https:\/\/olje-morgan.si\/wp-content\/uploads\/2025\/09\/pikantnost.png 251w, https:\/\/olje-morgan.si\/wp-content\/uploads\/2025\/09\/pikantnost-150x150.png 150w, https:\/\/olje-morgan.si\/wp-content\/uploads\/2025\/09\/pikantnost-100x100.png 100w\" sizes=\"(max-width: 50px) 100vw, 50px\" \/> <strong>Sch\u00e4rfe <\/strong>moderat, der Knoblauch verst\u00e4rkt die grundlegende Sch\u00e4rfe des \u00d6ls.<\/p>\n<\/div>\n","protected":false},"featured_media":6009,"comment_status":"open","ping_status":"closed","template":"","meta":[],"product_brand":[],"product_cat":[17],"product_tag":[],"class_list":{"0":"post-3524","1":"product","2":"type-product","3":"status-publish","4":"has-post-thumbnail","6":"product_cat-olivenoel","8":"first","9":"instock","10":"shipping-taxable","11":"purchasable","12":"product-type-variable"},"_links":{"self":[{"href":"https:\/\/olje-morgan.si\/de\/wp-json\/wp\/v2\/product\/3524","targetHints":{"allow":["GET"]}}],"collection":[{"href":"https:\/\/olje-morgan.si\/de\/wp-json\/wp\/v2\/product"}],"about":[{"href":"https:\/\/olje-morgan.si\/de\/wp-json\/wp\/v2\/types\/product"}],"replies":[{"embeddable":true,"href":"https:\/\/olje-morgan.si\/de\/wp-json\/wp\/v2\/comments?post=3524"}],"wp:featuredmedia":[{"embeddable":true,"href":"https:\/\/olje-morgan.si\/de\/wp-json\/wp\/v2\/media\/6009"}],"wp:attachment":[{"href":"https:\/\/olje-morgan.si\/de\/wp-json\/wp\/v2\/media?parent=3524"}],"wp:term":[{"taxonomy":"product_brand","embeddable":true,"href":"https:\/\/olje-morgan.si\/de\/wp-json\/wp\/v2\/product_brand?post=3524"},{"taxonomy":"product_cat","embeddable":true,"href":"https:\/\/olje-morgan.si\/de\/wp-json\/wp\/v2\/product_cat?post=3524"},{"taxonomy":"product_tag","embeddable":true,"href":"https:\/\/olje-morgan.si\/de\/wp-json\/wp\/v2\/product_tag?post=3524"}],"curies":[{"name":"wp","href":"https:\/\/api.w.org\/{rel}","templated":true}]}}