{"id":3702,"date":"2025-09-04T21:14:52","date_gmt":"2025-09-04T20:14:52","guid":{"rendered":"https:\/\/dev.olje-morgan.si\/izdelek\/cokolada-s-solnim-cvetom\/"},"modified":"2025-11-12T13:29:48","modified_gmt":"2025-11-12T12:29:48","slug":"olivenschokolade-mit-salzblume","status":"publish","type":"product","link":"https:\/\/olje-morgan.si\/de\/produkt\/olivenschokolade-mit-salzblume\/","title":{"rendered":"Olivenschokolade mit Salzblume"},"content":{"rendered":"","protected":false},"excerpt":{"rendered":"<p><span style=\"color: #00ccff;\"><strong>Olivenschokolade mit Salzblume<\/strong><\/span><\/p>\n<p>Diese 60%ige Zartbitterschokolade mit nativem Oliven\u00f6l extra und Salzblume verw\u00f6hnt mit einem reichen, ausgewogenen Geschmack und feinen Aromen. Von Hand aus vollst\u00e4ndig nat\u00fcrlichen, hochwertigen Zutaten hergestellt, bietet sie eine einzigartige Kombination aus seidiger Textur und einer zarten salzigen Note. Eine wahre Delikatesse f\u00fcr Feinschmecker, die etwas ganz Besonderes suchen.<\/p>\n<p><strong data-start=\"1158\" data-end=\"1170\">Zutaten:<\/strong> Kakaomasse, Zucker, Natives BIO-Oliven\u00f6l Extra, Speisesalz, Kakaobutter, Emulgator:\u00a0<strong>Soja<\/strong>-Lecithin, nat\u00fcrliches Vanillearoma.<\/p>\n<p><strong>Kakaoanteile:<\/strong> mindestens 60 % in der Schokolade.<\/p>\n<p><em><strong>*Nettomenge: <\/strong>\u00a0100 g<\/em><\/p>\n","protected":false},"featured_media":3703,"comment_status":"open","ping_status":"closed","template":"","meta":[],"product_brand":[],"product_cat":[103],"product_tag":[],"class_list":{"0":"post-3702","1":"product","2":"type-product","3":"status-publish","4":"has-post-thumbnail","6":"product_cat-schokolade","8":"first","9":"outofstock","10":"shipping-taxable","11":"purchasable","12":"product-type-simple"},"_links":{"self":[{"href":"https:\/\/olje-morgan.si\/de\/wp-json\/wp\/v2\/product\/3702","targetHints":{"allow":["GET"]}}],"collection":[{"href":"https:\/\/olje-morgan.si\/de\/wp-json\/wp\/v2\/product"}],"about":[{"href":"https:\/\/olje-morgan.si\/de\/wp-json\/wp\/v2\/types\/product"}],"replies":[{"embeddable":true,"href":"https:\/\/olje-morgan.si\/de\/wp-json\/wp\/v2\/comments?post=3702"}],"wp:featuredmedia":[{"embeddable":true,"href":"https:\/\/olje-morgan.si\/de\/wp-json\/wp\/v2\/media\/3703"}],"wp:attachment":[{"href":"https:\/\/olje-morgan.si\/de\/wp-json\/wp\/v2\/media?parent=3702"}],"wp:term":[{"taxonomy":"product_brand","embeddable":true,"href":"https:\/\/olje-morgan.si\/de\/wp-json\/wp\/v2\/product_brand?post=3702"},{"taxonomy":"product_cat","embeddable":true,"href":"https:\/\/olje-morgan.si\/de\/wp-json\/wp\/v2\/product_cat?post=3702"},{"taxonomy":"product_tag","embeddable":true,"href":"https:\/\/olje-morgan.si\/de\/wp-json\/wp\/v2\/product_tag?post=3702"}],"curies":[{"name":"wp","href":"https:\/\/api.w.org\/{rel}","templated":true}]}}