{"id":3720,"date":"2025-09-04T21:14:40","date_gmt":"2025-09-04T20:14:40","guid":{"rendered":"https:\/\/dev.olje-morgan.si\/izdelek\/schokolade-mit-zitrone\/"},"modified":"2025-11-12T13:29:29","modified_gmt":"2025-11-12T12:29:29","slug":"olivenschokolade-mit-zitrone","status":"publish","type":"product","link":"https:\/\/olje-morgan.si\/de\/produkt\/olivenschokolade-mit-zitrone\/","title":{"rendered":"Olivenschokolade mit Zitrone"},"content":{"rendered":"","protected":false},"excerpt":{"rendered":"<p><span style=\"color: #f2f27e;\"><strong>Oliven\u00f6l-Schokolade Zitrone<\/strong><\/span><\/p>\n<p>Feine 60-prozentige dunkle Schokolade mit dem Zusatz von nativem Oliven\u00f6l mit Zitronengeschmack begeistert mit einer sanften Zitrusnote und einer leicht erfrischenden S\u00e4ure. Der Geschmack macht s\u00fcchtig und bezaubert besonders Liebhaber frischer, aromatischer Schokoladenkombinationen. Handgefertigt aus v\u00f6llig nat\u00fcrlichen, hochwertigen Zutaten und raffinierten Aromen, die ihr einen wirklich besonderen Charakter verleihen.<\/p>\n<p><strong>Zutaten:<\/strong> Kakaomasse, Zucker, Kakaobutter, BIO-Oliven\u00f6l mit Zitronengeschmack (Oliven- und Zitronen\u00f6l), Emulgator: <strong>Soja<\/strong>-Lecithin, nat\u00fcrliches Zitronenaroma (3 %), nat\u00fcrliches Vanillearoma.<\/p>\n<p><strong>Kakaoanteile:<\/strong> mindestens 60 % in der Schokolade.<\/p>\n<p><em><strong>*Nettomenge: <\/strong>\u00a0100 g<\/em><\/p>\n","protected":false},"featured_media":3722,"comment_status":"open","ping_status":"closed","template":"","meta":[],"product_brand":[],"product_cat":[103],"product_tag":[],"class_list":{"0":"post-3720","1":"product","2":"type-product","3":"status-publish","4":"has-post-thumbnail","6":"product_cat-schokolade","8":"first","9":"outofstock","10":"shipping-taxable","11":"purchasable","12":"product-type-simple"},"_links":{"self":[{"href":"https:\/\/olje-morgan.si\/de\/wp-json\/wp\/v2\/product\/3720","targetHints":{"allow":["GET"]}}],"collection":[{"href":"https:\/\/olje-morgan.si\/de\/wp-json\/wp\/v2\/product"}],"about":[{"href":"https:\/\/olje-morgan.si\/de\/wp-json\/wp\/v2\/types\/product"}],"replies":[{"embeddable":true,"href":"https:\/\/olje-morgan.si\/de\/wp-json\/wp\/v2\/comments?post=3720"}],"wp:featuredmedia":[{"embeddable":true,"href":"https:\/\/olje-morgan.si\/de\/wp-json\/wp\/v2\/media\/3722"}],"wp:attachment":[{"href":"https:\/\/olje-morgan.si\/de\/wp-json\/wp\/v2\/media?parent=3720"}],"wp:term":[{"taxonomy":"product_brand","embeddable":true,"href":"https:\/\/olje-morgan.si\/de\/wp-json\/wp\/v2\/product_brand?post=3720"},{"taxonomy":"product_cat","embeddable":true,"href":"https:\/\/olje-morgan.si\/de\/wp-json\/wp\/v2\/product_cat?post=3720"},{"taxonomy":"product_tag","embeddable":true,"href":"https:\/\/olje-morgan.si\/de\/wp-json\/wp\/v2\/product_tag?post=3720"}],"curies":[{"name":"wp","href":"https:\/\/api.w.org\/{rel}","templated":true}]}}