{"id":3724,"date":"2025-09-04T21:14:40","date_gmt":"2025-09-04T20:14:40","guid":{"rendered":"https:\/\/dev.olje-morgan.si\/izdelek\/schokolade-mit-olivenoel\/"},"modified":"2025-11-12T13:29:35","modified_gmt":"2025-11-12T12:29:35","slug":"olivenschokolade","status":"publish","type":"product","link":"https:\/\/olje-morgan.si\/de\/produkt\/olivenschokolade\/","title":{"rendered":"Olivenschokolade"},"content":{"rendered":"","protected":false},"excerpt":{"rendered":"<p><span style=\"color: #99cc00;\"><strong>Olivenschokolade<\/strong><\/span><\/p>\n<p>60-prozentige dunkle Schokolade mit nativem Oliven\u00f6l extra verw\u00f6hnt mit einem reichhaltigen, seidigen Geschmack und feinen Aromen. Handgefertigt aus rein nat\u00fcrlichen, hochwertigen Zutaten begeistert sie mit einer einzigartigen Textur und einem harmonischen Geschmacksprofil. Die richtige Wahl f\u00fcr alle, die raffinierte Schokoladengen\u00fcsse mit einem Hauch von mediterranem Charakter sch\u00e4tzen.<\/p>\n<p><strong>Zutaten:<\/strong> Kakaomasse, Zucker, BIO natives Oliven\u00f6l extra, Kochsalz, Kakaobutter, Emulgator: <strong>Soja<\/strong>-Lecithin, nat\u00fcrliches Vanillearoma.<\/p>\n<p><strong>Kakaoanteile:<\/strong> mindestens 60 % in der Schokolade.<\/p>\n<p><em><strong>*Nettomenge: <\/strong>\u00a0100 g<\/em><\/p>\n","protected":false},"featured_media":3726,"comment_status":"open","ping_status":"closed","template":"","meta":[],"product_brand":[],"product_cat":[103],"product_tag":[],"class_list":{"0":"post-3724","1":"product","2":"type-product","3":"status-publish","4":"has-post-thumbnail","6":"product_cat-schokolade","8":"first","9":"outofstock","10":"shipping-taxable","11":"purchasable","12":"product-type-simple"},"_links":{"self":[{"href":"https:\/\/olje-morgan.si\/de\/wp-json\/wp\/v2\/product\/3724","targetHints":{"allow":["GET"]}}],"collection":[{"href":"https:\/\/olje-morgan.si\/de\/wp-json\/wp\/v2\/product"}],"about":[{"href":"https:\/\/olje-morgan.si\/de\/wp-json\/wp\/v2\/types\/product"}],"replies":[{"embeddable":true,"href":"https:\/\/olje-morgan.si\/de\/wp-json\/wp\/v2\/comments?post=3724"}],"wp:featuredmedia":[{"embeddable":true,"href":"https:\/\/olje-morgan.si\/de\/wp-json\/wp\/v2\/media\/3726"}],"wp:attachment":[{"href":"https:\/\/olje-morgan.si\/de\/wp-json\/wp\/v2\/media?parent=3724"}],"wp:term":[{"taxonomy":"product_brand","embeddable":true,"href":"https:\/\/olje-morgan.si\/de\/wp-json\/wp\/v2\/product_brand?post=3724"},{"taxonomy":"product_cat","embeddable":true,"href":"https:\/\/olje-morgan.si\/de\/wp-json\/wp\/v2\/product_cat?post=3724"},{"taxonomy":"product_tag","embeddable":true,"href":"https:\/\/olje-morgan.si\/de\/wp-json\/wp\/v2\/product_tag?post=3724"}],"curies":[{"name":"wp","href":"https:\/\/api.w.org\/{rel}","templated":true}]}}