{"id":3727,"date":"2025-09-04T21:14:41","date_gmt":"2025-09-04T20:14:41","guid":{"rendered":"https:\/\/dev.olje-morgan.si\/izdelek\/schokolade-mit-rose-100g\/"},"modified":"2025-11-12T13:28:16","modified_gmt":"2025-11-12T12:28:16","slug":"olivenschokolade-mit-rose","status":"publish","type":"product","link":"https:\/\/olje-morgan.si\/de\/produkt\/olivenschokolade-mit-rose\/","title":{"rendered":"Olivenschokolade mit Rose"},"content":{"rendered":"","protected":false},"excerpt":{"rendered":"<p><span style=\"color: #ff00ff;\"><strong>Olivenschokolade mit Rose<\/strong><\/span><\/p>\n<p>Kakaoliebhaber und Rosenliebhaber werden von dieser exquisiten 60-prozentigen Zartbitterschokolade mit einer zarten Blumennote begeistert sein. Ihr verf\u00fchrerischer aromatischer Duft und ihr raffinierter Geschmack schaffen ein wahres sinnliches Erlebnis. Die Schokolade wird handgefertigt aus ausschlie\u00dflich nat\u00fcrlichen Zutaten, was ihr Authentizit\u00e4t und einen besonderen Charakter verleiht.<\/p>\n<p><strong>Zutaten:<\/strong> Kakaomasse, Zucker, Kakaobutter, BIO-Oliven\u00f6l mit Rosen-Geschmack (\u00d6l aus Oliven und nat\u00fcrlichem Rosenaroma), Emulgator:\u00a0<strong>Soja<\/strong>-Lecithin, nat\u00fcrliches Rosenaroma (3%), nat\u00fcrliches Vanillearoma.<\/p>\n<p><strong>Kakaoanteile:<\/strong> mindestens 60 % in der Schokolade.<\/p>\n<p><em><strong>*Nettomenge: <\/strong>\u00a0100 g<\/em><\/p>\n","protected":false},"featured_media":3729,"comment_status":"open","ping_status":"closed","template":"","meta":[],"product_brand":[],"product_cat":[103],"product_tag":[],"class_list":{"0":"post-3727","1":"product","2":"type-product","3":"status-publish","4":"has-post-thumbnail","6":"product_cat-schokolade","8":"first","9":"outofstock","10":"shipping-taxable","11":"purchasable","12":"product-type-simple"},"_links":{"self":[{"href":"https:\/\/olje-morgan.si\/de\/wp-json\/wp\/v2\/product\/3727","targetHints":{"allow":["GET"]}}],"collection":[{"href":"https:\/\/olje-morgan.si\/de\/wp-json\/wp\/v2\/product"}],"about":[{"href":"https:\/\/olje-morgan.si\/de\/wp-json\/wp\/v2\/types\/product"}],"replies":[{"embeddable":true,"href":"https:\/\/olje-morgan.si\/de\/wp-json\/wp\/v2\/comments?post=3727"}],"wp:featuredmedia":[{"embeddable":true,"href":"https:\/\/olje-morgan.si\/de\/wp-json\/wp\/v2\/media\/3729"}],"wp:attachment":[{"href":"https:\/\/olje-morgan.si\/de\/wp-json\/wp\/v2\/media?parent=3727"}],"wp:term":[{"taxonomy":"product_brand","embeddable":true,"href":"https:\/\/olje-morgan.si\/de\/wp-json\/wp\/v2\/product_brand?post=3727"},{"taxonomy":"product_cat","embeddable":true,"href":"https:\/\/olje-morgan.si\/de\/wp-json\/wp\/v2\/product_cat?post=3727"},{"taxonomy":"product_tag","embeddable":true,"href":"https:\/\/olje-morgan.si\/de\/wp-json\/wp\/v2\/product_tag?post=3727"}],"curies":[{"name":"wp","href":"https:\/\/api.w.org\/{rel}","templated":true}]}}