{"id":3730,"date":"2025-09-04T21:14:41","date_gmt":"2025-09-04T20:14:41","guid":{"rendered":"https:\/\/dev.olje-morgan.si\/izdelek\/trueffelschokolade\/"},"modified":"2025-11-12T13:30:00","modified_gmt":"2025-11-12T12:30:00","slug":"olivenschokolade-mit-trueffel","status":"publish","type":"product","link":"https:\/\/olje-morgan.si\/de\/produkt\/olivenschokolade-mit-trueffel\/","title":{"rendered":"Olivenschokolade mit Tr\u00fcffel"},"content":{"rendered":"","protected":false},"excerpt":{"rendered":"<p><span style=\"color: #994b3d;\"><strong>Olivenschokolade mit Tr\u00fcffel<\/strong><\/span><\/p>\n<p>Die Oliven\u00f6lschokolade mit Tr\u00fcffelgeschmack ist eine 60-prozentige Zartbitterschokolade. Sie wird aus rein nat\u00fcrlichen, hochwertigen Zutaten mit raffinierten Aromen hergestellt, die ihr einen ausgepr\u00e4gten und einzigartigen Gourmet-Charakter verleihen. Ein wahrer Genuss f\u00fcr Liebhaber k\u00fchner und raffinierter Geschm\u00e4cker.<\/p>\n<p><strong>Zutaten:<\/strong> Kakaomasse, Zucker, Kakaobutter, BIO-Oliven\u00f6l mit Tr\u00fcffel-Geschmack (Oliven\u00f6l und Aromen wei\u00dfer Tr\u00fcffel), Emulgator:\u00a0<strong>Soja<\/strong>-Lecithin, nat\u00fcrliches Tr\u00fcffelaroma (3%), nat\u00fcrliches Vanillearoma.<\/p>\n<p><strong>Kakaoanteile:<\/strong> mindestens 60 % in der Schokolade.<\/p>\n<p><em><strong>*Nettomenge: <\/strong>\u00a0100 g<\/em><\/p>\n","protected":false},"featured_media":3731,"comment_status":"open","ping_status":"closed","template":"","meta":[],"product_brand":[],"product_cat":[103],"product_tag":[],"class_list":{"0":"post-3730","1":"product","2":"type-product","3":"status-publish","4":"has-post-thumbnail","6":"product_cat-schokolade","8":"first","9":"outofstock","10":"shipping-taxable","11":"purchasable","12":"product-type-simple"},"_links":{"self":[{"href":"https:\/\/olje-morgan.si\/de\/wp-json\/wp\/v2\/product\/3730","targetHints":{"allow":["GET"]}}],"collection":[{"href":"https:\/\/olje-morgan.si\/de\/wp-json\/wp\/v2\/product"}],"about":[{"href":"https:\/\/olje-morgan.si\/de\/wp-json\/wp\/v2\/types\/product"}],"replies":[{"embeddable":true,"href":"https:\/\/olje-morgan.si\/de\/wp-json\/wp\/v2\/comments?post=3730"}],"wp:featuredmedia":[{"embeddable":true,"href":"https:\/\/olje-morgan.si\/de\/wp-json\/wp\/v2\/media\/3731"}],"wp:attachment":[{"href":"https:\/\/olje-morgan.si\/de\/wp-json\/wp\/v2\/media?parent=3730"}],"wp:term":[{"taxonomy":"product_brand","embeddable":true,"href":"https:\/\/olje-morgan.si\/de\/wp-json\/wp\/v2\/product_brand?post=3730"},{"taxonomy":"product_cat","embeddable":true,"href":"https:\/\/olje-morgan.si\/de\/wp-json\/wp\/v2\/product_cat?post=3730"},{"taxonomy":"product_tag","embeddable":true,"href":"https:\/\/olje-morgan.si\/de\/wp-json\/wp\/v2\/product_tag?post=3730"}],"curies":[{"name":"wp","href":"https:\/\/api.w.org\/{rel}","templated":true}]}}