{"id":3738,"date":"2025-09-04T21:14:40","date_gmt":"2025-09-04T20:14:40","guid":{"rendered":"https:\/\/dev.olje-morgan.si\/izdelek\/schokolade-mit-orange-100g\/"},"modified":"2025-11-12T13:29:40","modified_gmt":"2025-11-12T12:29:40","slug":"olivenschokolade-mit-orange","status":"publish","type":"product","link":"https:\/\/olje-morgan.si\/de\/produkt\/olivenschokolade-mit-orange\/","title":{"rendered":"Olivenschokolade mit Orange"},"content":{"rendered":"","protected":false},"excerpt":{"rendered":"<p><span style=\"color: #ff9900;\"><strong>Olivenschokolade mit Orange<\/strong><\/span><\/p>\n<p>Liebhaber von echtem Kakao und fruchtigen Noten werden von der exquisiten 60-prozentigen Zartbitterschokolade mit Orangen\u00f6l begeistert sein. Die Tafel, hergestellt aus sorgf\u00e4ltig ausgew\u00e4hlten Premium-Zutaten, \u00fcberzeugt mit ihrem reichen Geschmack und der perfekten Balance zwischen der Bitterkeit der Schokolade und der Frische der Orange. Ihre Besonderheit ist die Handarbeit, bei der ausschlie\u00dflich nat\u00fcrliche Zutaten f\u00fcr ein wirklich authentisches Schokoladenerlebnis verwendet werden.<\/p>\n<p><strong>Zutaten:<\/strong> Kakaomasse, Zucker, Kakaobutter, BIO-Oliven\u00f6l mit Orangen-Geschmack (\u00d6l aus Oliven und Orangen), Emulgator:\u00a0<strong>Soja<\/strong>-Lecithin, nat\u00fcrliches Orangenaroma (3%), nat\u00fcrliches Vanillearoma.<\/p>\n<p><strong>Kakaoanteile:<\/strong> mindestens 60 % in der Schokolade.<\/p>\n<p><em><strong>*Nettomenge: <\/strong>\u00a0100 g<\/em><\/p>\n","protected":false},"featured_media":3739,"comment_status":"open","ping_status":"closed","template":"","meta":[],"product_brand":[],"product_cat":[103],"product_tag":[],"class_list":{"0":"post-3738","1":"product","2":"type-product","3":"status-publish","4":"has-post-thumbnail","6":"product_cat-schokolade","8":"first","9":"outofstock","10":"shipping-taxable","11":"purchasable","12":"product-type-simple"},"_links":{"self":[{"href":"https:\/\/olje-morgan.si\/de\/wp-json\/wp\/v2\/product\/3738","targetHints":{"allow":["GET"]}}],"collection":[{"href":"https:\/\/olje-morgan.si\/de\/wp-json\/wp\/v2\/product"}],"about":[{"href":"https:\/\/olje-morgan.si\/de\/wp-json\/wp\/v2\/types\/product"}],"replies":[{"embeddable":true,"href":"https:\/\/olje-morgan.si\/de\/wp-json\/wp\/v2\/comments?post=3738"}],"wp:featuredmedia":[{"embeddable":true,"href":"https:\/\/olje-morgan.si\/de\/wp-json\/wp\/v2\/media\/3739"}],"wp:attachment":[{"href":"https:\/\/olje-morgan.si\/de\/wp-json\/wp\/v2\/media?parent=3738"}],"wp:term":[{"taxonomy":"product_brand","embeddable":true,"href":"https:\/\/olje-morgan.si\/de\/wp-json\/wp\/v2\/product_brand?post=3738"},{"taxonomy":"product_cat","embeddable":true,"href":"https:\/\/olje-morgan.si\/de\/wp-json\/wp\/v2\/product_cat?post=3738"},{"taxonomy":"product_tag","embeddable":true,"href":"https:\/\/olje-morgan.si\/de\/wp-json\/wp\/v2\/product_tag?post=3738"}],"curies":[{"name":"wp","href":"https:\/\/api.w.org\/{rel}","templated":true}]}}