{"id":3740,"date":"2025-09-04T21:14:40","date_gmt":"2025-09-04T20:14:40","guid":{"rendered":"https:\/\/dev.olje-morgan.si\/izdelek\/schokolade-mit-chili\/"},"modified":"2025-11-12T13:30:19","modified_gmt":"2025-11-12T12:30:19","slug":"olivenschokolade-mit-chili","status":"publish","type":"product","link":"https:\/\/olje-morgan.si\/de\/produkt\/olivenschokolade-mit-chili\/","title":{"rendered":"Olivenschokolade mit Chili"},"content":{"rendered":"","protected":false},"excerpt":{"rendered":"<p><span style=\"color: #ff0000;\"><strong>Olivenschokolade mit Chili<\/strong><\/span><\/p>\n<p>Die Oliven\u00f6l-Schokolade mit Chili-Geschmack ist eine 60-prozentige Zartbitterschokolade, die schon mit einem einzigen St\u00fcck deine Sinne weckt und dich in die exotischen Geschm\u00e4cker ferner Orte entf\u00fchrt. Die Tafel ist handgemacht aus rein nat\u00fcrlichen, hochwertigen Zutaten und raffinierten Aromen, die dieser Schokolade einen wirklich einzigartigen Charakter verleihen.<\/p>\n<p><strong>Zutaten:<\/strong> Kakaomasse, Zucker, Kakaobutter, BIO-Oliven\u00f6l mit Chili-Geschmack (\u00d6l aus Oliven und Chili), Emulgator:\u00a0<strong>Soja<\/strong>-Lecithin, nat\u00fcrliches Chiliaroma (3%), nat\u00fcrliches Vanillearoma.<\/p>\n<p><strong>Kakaoanteile:<\/strong> mindestens 60 % in der Schokolade.<\/p>\n<p><em><strong>*Nettomenge: <\/strong>\u00a0100 g<\/em><\/p>\n","protected":false},"featured_media":3741,"comment_status":"open","ping_status":"closed","template":"","meta":[],"product_brand":[],"product_cat":[103],"product_tag":[],"class_list":{"0":"post-3740","1":"product","2":"type-product","3":"status-publish","4":"has-post-thumbnail","6":"product_cat-schokolade","8":"first","9":"outofstock","10":"shipping-taxable","11":"purchasable","12":"product-type-simple"},"_links":{"self":[{"href":"https:\/\/olje-morgan.si\/de\/wp-json\/wp\/v2\/product\/3740","targetHints":{"allow":["GET"]}}],"collection":[{"href":"https:\/\/olje-morgan.si\/de\/wp-json\/wp\/v2\/product"}],"about":[{"href":"https:\/\/olje-morgan.si\/de\/wp-json\/wp\/v2\/types\/product"}],"replies":[{"embeddable":true,"href":"https:\/\/olje-morgan.si\/de\/wp-json\/wp\/v2\/comments?post=3740"}],"wp:featuredmedia":[{"embeddable":true,"href":"https:\/\/olje-morgan.si\/de\/wp-json\/wp\/v2\/media\/3741"}],"wp:attachment":[{"href":"https:\/\/olje-morgan.si\/de\/wp-json\/wp\/v2\/media?parent=3740"}],"wp:term":[{"taxonomy":"product_brand","embeddable":true,"href":"https:\/\/olje-morgan.si\/de\/wp-json\/wp\/v2\/product_brand?post=3740"},{"taxonomy":"product_cat","embeddable":true,"href":"https:\/\/olje-morgan.si\/de\/wp-json\/wp\/v2\/product_cat?post=3740"},{"taxonomy":"product_tag","embeddable":true,"href":"https:\/\/olje-morgan.si\/de\/wp-json\/wp\/v2\/product_tag?post=3740"}],"curies":[{"name":"wp","href":"https:\/\/api.w.org\/{rel}","templated":true}]}}