{"id":3746,"date":"2025-09-04T21:14:30","date_gmt":"2025-09-04T20:14:30","guid":{"rendered":"https:\/\/dev.olje-morgan.si\/izdelek\/kartonverpackung-doppelpack\/"},"modified":"2025-11-11T14:44:34","modified_gmt":"2025-11-11T13:44:34","slug":"kartonverpackung-doppelt","status":"publish","type":"product","link":"https:\/\/olje-morgan.si\/de\/produkt\/kartonverpackung-doppelt\/","title":{"rendered":"Kartonverpackung doppelt"},"content":{"rendered":"","protected":false},"excerpt":{"rendered":"<p class=\"qodef-woo-product-title product_title entry-title\"><strong>Kartonverpackung doppelt<\/strong><\/p>\n<p>Kartonverpackung, in die Sie zwei Flaschen Oliven\u00f6l \u00e0 0,10 l Ihrer Wahl einsetzen k\u00f6nnen.<\/p>\n<p>Oliven\u00f6l und Produkte aus Oliven und Oliven\u00f6l sind ein ausgezeichnetes Geschenk f\u00fcr jeden Anlass. Unsere \u00f6kologischen Produkte und Erzeugnisse symbolisieren Gesundheit, sind eine der Grundlagen f\u00fcr Langlebigkeit und eine ausgezeichnete Visitenkarte unserer istrischen Regionen.<\/p>\n<p>Alle Produkte sind \u00f6kologisch hergestellt. Mit der Wahl eines Geschenks in Form von Olivenprodukten k\u00f6nnen Sie kaum etwas falsch machen, denn Oliven\u00f6l symbolisiert Gesundheit, langes Leben und ist vor allem ein ausgezeichnetes Produkt unseres slowenischen Istriens.<\/p>\n","protected":false},"featured_media":3748,"comment_status":"open","ping_status":"closed","template":"","meta":[],"product_brand":[],"product_cat":[105],"product_tag":[],"class_list":{"0":"post-3746","1":"product","2":"type-product","3":"status-publish","4":"has-post-thumbnail","6":"product_cat-verpackung","8":"first","9":"instock","10":"shipping-taxable","11":"purchasable","12":"product-type-simple"},"_links":{"self":[{"href":"https:\/\/olje-morgan.si\/de\/wp-json\/wp\/v2\/product\/3746","targetHints":{"allow":["GET"]}}],"collection":[{"href":"https:\/\/olje-morgan.si\/de\/wp-json\/wp\/v2\/product"}],"about":[{"href":"https:\/\/olje-morgan.si\/de\/wp-json\/wp\/v2\/types\/product"}],"replies":[{"embeddable":true,"href":"https:\/\/olje-morgan.si\/de\/wp-json\/wp\/v2\/comments?post=3746"}],"wp:featuredmedia":[{"embeddable":true,"href":"https:\/\/olje-morgan.si\/de\/wp-json\/wp\/v2\/media\/3748"}],"wp:attachment":[{"href":"https:\/\/olje-morgan.si\/de\/wp-json\/wp\/v2\/media?parent=3746"}],"wp:term":[{"taxonomy":"product_brand","embeddable":true,"href":"https:\/\/olje-morgan.si\/de\/wp-json\/wp\/v2\/product_brand?post=3746"},{"taxonomy":"product_cat","embeddable":true,"href":"https:\/\/olje-morgan.si\/de\/wp-json\/wp\/v2\/product_cat?post=3746"},{"taxonomy":"product_tag","embeddable":true,"href":"https:\/\/olje-morgan.si\/de\/wp-json\/wp\/v2\/product_tag?post=3746"}],"curies":[{"name":"wp","href":"https:\/\/api.w.org\/{rel}","templated":true}]}}