{"id":3823,"date":"2025-09-04T21:14:52","date_gmt":"2025-09-04T20:14:52","guid":{"rendered":"https:\/\/dev.olje-morgan.si\/izdelek\/cokoladne-oljke-150g\/"},"modified":"2025-11-12T13:36:45","modified_gmt":"2025-11-12T12:36:45","slug":"schokoladen-oliven","status":"publish","type":"product","link":"https:\/\/olje-morgan.si\/de\/produkt\/schokoladen-oliven\/","title":{"rendered":"Schokoladen-Oliven"},"content":{"rendered":"","protected":false},"excerpt":{"rendered":"<p><strong>Schokoladen-Oliven<\/strong><\/p>\n<p data-start=\"826\" data-end=\"1218\">60%ige Zartbitterschokolade umh\u00fcllt sorgf\u00e4ltig ger\u00f6stete Haseln\u00fcsse, deren Form an Oliven erinnert. Jeder Bissen vereint die angenehme Knusprigkeit der Haselnuss mit dem reichen, aromatischen Charakter der Schokolade. Die \u201eOliven\u201c werden in Handarbeit aus vollkommen nat\u00fcrlichen, hochwertigen Zutaten hergestellt, was ein authentisches und qualitativ hochwertiges Genusserlebnis garantiert.<\/p>\n<p data-start=\"1243\" data-end=\"1374\"><strong data-start=\"1243\" data-end=\"1255\">Zutaten:<\/strong> ger\u00f6stete Mandeln, Kakaomasse, Zucker, Kakaobutter, Bio-Oliven\u00f6l, Emulgator: <strong>Soja<\/strong>lecithin, nat\u00fcrliches Vanillearoma.<\/p>\n<p data-start=\"1376\" data-end=\"1430\"><strong>Kakaobestandteile:<\/strong> mindestens 60% in der Schokolade.<\/p>\n<p data-start=\"1432\" data-end=\"1494\"><em data-start=\"1220\" data-end=\"1239\"><strong>*Nettomenge:<\/strong> 150 g<\/em><\/p>\n","protected":false},"featured_media":3824,"comment_status":"open","ping_status":"closed","template":"","meta":[],"product_brand":[],"product_cat":[103],"product_tag":[],"class_list":{"0":"post-3823","1":"product","2":"type-product","3":"status-publish","4":"has-post-thumbnail","6":"product_cat-schokolade","8":"first","9":"outofstock","10":"shipping-taxable","11":"purchasable","12":"product-type-simple"},"_links":{"self":[{"href":"https:\/\/olje-morgan.si\/de\/wp-json\/wp\/v2\/product\/3823","targetHints":{"allow":["GET"]}}],"collection":[{"href":"https:\/\/olje-morgan.si\/de\/wp-json\/wp\/v2\/product"}],"about":[{"href":"https:\/\/olje-morgan.si\/de\/wp-json\/wp\/v2\/types\/product"}],"replies":[{"embeddable":true,"href":"https:\/\/olje-morgan.si\/de\/wp-json\/wp\/v2\/comments?post=3823"}],"wp:featuredmedia":[{"embeddable":true,"href":"https:\/\/olje-morgan.si\/de\/wp-json\/wp\/v2\/media\/3824"}],"wp:attachment":[{"href":"https:\/\/olje-morgan.si\/de\/wp-json\/wp\/v2\/media?parent=3823"}],"wp:term":[{"taxonomy":"product_brand","embeddable":true,"href":"https:\/\/olje-morgan.si\/de\/wp-json\/wp\/v2\/product_brand?post=3823"},{"taxonomy":"product_cat","embeddable":true,"href":"https:\/\/olje-morgan.si\/de\/wp-json\/wp\/v2\/product_cat?post=3823"},{"taxonomy":"product_tag","embeddable":true,"href":"https:\/\/olje-morgan.si\/de\/wp-json\/wp\/v2\/product_tag?post=3823"}],"curies":[{"name":"wp","href":"https:\/\/api.w.org\/{rel}","templated":true}]}}