{"id":3838,"date":"2025-09-04T21:14:52","date_gmt":"2025-09-04T20:14:52","guid":{"rendered":"https:\/\/dev.olje-morgan.si\/izdelek\/kartonska-embalaza-010l\/"},"modified":"2025-11-11T14:31:32","modified_gmt":"2025-11-11T13:31:32","slug":"kartonverpackung","status":"publish","type":"product","link":"https:\/\/olje-morgan.si\/de\/produkt\/kartonverpackung\/","title":{"rendered":"Kartonverpackung"},"content":{"rendered":"","protected":false},"excerpt":{"rendered":"<p data-start=\"773\" data-end=\"845\"><strong>Kartonverpackung<\/strong><\/p>\n<p data-start=\"773\" data-end=\"845\">Sie ist f\u00fcr Oliven\u00f6lflaschen von 0,10 L bis 0,50 L geeignet.<\/p>\n<p data-start=\"847\" data-end=\"1098\">Oliven\u00f6l und Produkte aus Oliven und Oliven\u00f6l sind ein ausgezeichnetes Geschenk f\u00fcr jeden Anlass. Unsere biologischen Erzeugnisse stehen f\u00fcr Gesundheit, sind ein Symbol f\u00fcr Langlebigkeit und eine hervorragende Visitenkarte unserer istrischen Region.<\/p>\n<p data-start=\"1100\" data-end=\"1348\">Alle Produkte stammen aus \u00f6kologischem Anbau. Mit einem Geschenk aus Olivenprodukten k\u00f6nnen Sie kaum etwas falsch machen \u2013 Oliven\u00f6l steht f\u00fcr Gesundheit, ein langes Leben und ist vor allem ein hervorragendes Produkt unseres slowenischen Istriens.<\/p>\n","protected":false},"featured_media":3840,"comment_status":"open","ping_status":"closed","template":"","meta":[],"product_brand":[],"product_cat":[105],"product_tag":[],"class_list":{"0":"post-3838","1":"product","2":"type-product","3":"status-publish","4":"has-post-thumbnail","6":"product_cat-verpackung","8":"first","9":"instock","10":"shipping-taxable","11":"purchasable","12":"product-type-variable"},"_links":{"self":[{"href":"https:\/\/olje-morgan.si\/de\/wp-json\/wp\/v2\/product\/3838","targetHints":{"allow":["GET"]}}],"collection":[{"href":"https:\/\/olje-morgan.si\/de\/wp-json\/wp\/v2\/product"}],"about":[{"href":"https:\/\/olje-morgan.si\/de\/wp-json\/wp\/v2\/types\/product"}],"replies":[{"embeddable":true,"href":"https:\/\/olje-morgan.si\/de\/wp-json\/wp\/v2\/comments?post=3838"}],"wp:featuredmedia":[{"embeddable":true,"href":"https:\/\/olje-morgan.si\/de\/wp-json\/wp\/v2\/media\/3840"}],"wp:attachment":[{"href":"https:\/\/olje-morgan.si\/de\/wp-json\/wp\/v2\/media?parent=3838"}],"wp:term":[{"taxonomy":"product_brand","embeddable":true,"href":"https:\/\/olje-morgan.si\/de\/wp-json\/wp\/v2\/product_brand?post=3838"},{"taxonomy":"product_cat","embeddable":true,"href":"https:\/\/olje-morgan.si\/de\/wp-json\/wp\/v2\/product_cat?post=3838"},{"taxonomy":"product_tag","embeddable":true,"href":"https:\/\/olje-morgan.si\/de\/wp-json\/wp\/v2\/product_tag?post=3838"}],"curies":[{"name":"wp","href":"https:\/\/api.w.org\/{rel}","templated":true}]}}