{"id":3859,"date":"2025-09-04T21:14:52","date_gmt":"2025-09-04T20:14:52","guid":{"rendered":"https:\/\/dev.olje-morgan.si\/izdelek\/tulec-za-liker\/"},"modified":"2025-11-12T16:59:23","modified_gmt":"2025-11-12T15:59:23","slug":"flaschenhuelse-fuer-olivenlikoer","status":"publish","type":"product","link":"https:\/\/olje-morgan.si\/de\/produkt\/flaschenhuelse-fuer-olivenlikoer\/","title":{"rendered":"Flaschenh\u00fclse f\u00fcr Olivenlik\u00f6r"},"content":{"rendered":"","protected":false},"excerpt":{"rendered":"<p data-start=\"795\" data-end=\"864\"><strong>Flaschenh\u00fclse f\u00fcr Olivenlik\u00f6r<\/strong><\/p>\n<p data-start=\"795\" data-end=\"864\">R\u00f6hrenverpackung, geeignet zum Einsetzen einer Flasche Olivenlik\u00f6r.<\/p>\n<p data-start=\"866\" data-end=\"1124\">Oliven\u00f6l und Produkte aus Oliven und Oliven\u00f6l sind ein hervorragendes Geschenk f\u00fcr jeden Anlass. Unsere biologischen Erzeugnisse stehen f\u00fcr Gesundheit, sind eines der Symbole der Langlebigkeit und eine ausgezeichnete Visitenkarte unserer istrischen Region.<\/p>\n<p data-start=\"1126\" data-end=\"1374\">Alle Produkte stammen aus \u00f6kologischem Anbau. Mit einem Geschenk aus Olivenprodukten k\u00f6nnen Sie kaum etwas falsch machen \u2013 Oliven\u00f6l steht f\u00fcr Gesundheit, ein langes Leben und ist vor allem ein hervorragendes Produkt unseres slowenischen Istriens.<\/p>\n","protected":false},"featured_media":3860,"comment_status":"open","ping_status":"closed","template":"","meta":[],"product_brand":[],"product_cat":[105],"product_tag":[],"class_list":{"0":"post-3859","1":"product","2":"type-product","3":"status-publish","4":"has-post-thumbnail","6":"product_cat-verpackung","8":"first","9":"instock","10":"shipping-taxable","11":"purchasable","12":"product-type-simple"},"_links":{"self":[{"href":"https:\/\/olje-morgan.si\/de\/wp-json\/wp\/v2\/product\/3859","targetHints":{"allow":["GET"]}}],"collection":[{"href":"https:\/\/olje-morgan.si\/de\/wp-json\/wp\/v2\/product"}],"about":[{"href":"https:\/\/olje-morgan.si\/de\/wp-json\/wp\/v2\/types\/product"}],"replies":[{"embeddable":true,"href":"https:\/\/olje-morgan.si\/de\/wp-json\/wp\/v2\/comments?post=3859"}],"wp:featuredmedia":[{"embeddable":true,"href":"https:\/\/olje-morgan.si\/de\/wp-json\/wp\/v2\/media\/3860"}],"wp:attachment":[{"href":"https:\/\/olje-morgan.si\/de\/wp-json\/wp\/v2\/media?parent=3859"}],"wp:term":[{"taxonomy":"product_brand","embeddable":true,"href":"https:\/\/olje-morgan.si\/de\/wp-json\/wp\/v2\/product_brand?post=3859"},{"taxonomy":"product_cat","embeddable":true,"href":"https:\/\/olje-morgan.si\/de\/wp-json\/wp\/v2\/product_cat?post=3859"},{"taxonomy":"product_tag","embeddable":true,"href":"https:\/\/olje-morgan.si\/de\/wp-json\/wp\/v2\/product_tag?post=3859"}],"curies":[{"name":"wp","href":"https:\/\/api.w.org\/{rel}","templated":true}]}}