{"id":3873,"date":"2025-09-04T21:14:41","date_gmt":"2025-09-04T20:14:41","guid":{"rendered":"https:\/\/dev.olje-morgan.si\/izdelek\/tulec\/"},"modified":"2025-11-11T14:46:16","modified_gmt":"2025-11-11T13:46:16","slug":"flaschenhuelse","status":"publish","type":"product","link":"https:\/\/olje-morgan.si\/de\/produkt\/flaschenhuelse\/","title":{"rendered":"Flaschenh\u00fclse"},"content":{"rendered":"","protected":false},"excerpt":{"rendered":"<p class=\"qodef-woo-product-title product_title entry-title\"><strong>Flaschenh\u00fclse<\/strong><\/p>\n<p data-start=\"837\" data-end=\"932\">R\u00f6hrenverpackung, geeignet zum Einsetzen einer 0,25 L oder 0,50 L Oliven\u00f6lflasche Ihrer Wahl.<\/p>\n<p data-start=\"934\" data-end=\"1192\">Oliven\u00f6l und Produkte aus Oliven und Oliven\u00f6l sind ein hervorragendes Geschenk f\u00fcr jeden Anlass. Unsere biologischen Erzeugnisse stehen f\u00fcr Gesundheit, sind eines der Symbole der Langlebigkeit und eine ausgezeichnete Visitenkarte unserer istrischen Region.<\/p>\n<p data-start=\"1194\" data-end=\"1442\">Alle Produkte stammen aus \u00f6kologischem Anbau. Mit einem Geschenk aus Olivenprodukten k\u00f6nnen Sie kaum etwas falsch machen \u2013 Oliven\u00f6l steht f\u00fcr Gesundheit, ein langes Leben und ist vor allem ein hervorragendes Produkt unseres slowenischen Istriens.<\/p>\n","protected":false},"featured_media":3874,"comment_status":"open","ping_status":"closed","template":"","meta":[],"product_brand":[],"product_cat":[105],"product_tag":[],"class_list":{"0":"post-3873","1":"product","2":"type-product","3":"status-publish","4":"has-post-thumbnail","6":"product_cat-verpackung","8":"first","9":"instock","10":"shipping-taxable","11":"purchasable","12":"product-type-variable"},"_links":{"self":[{"href":"https:\/\/olje-morgan.si\/de\/wp-json\/wp\/v2\/product\/3873","targetHints":{"allow":["GET"]}}],"collection":[{"href":"https:\/\/olje-morgan.si\/de\/wp-json\/wp\/v2\/product"}],"about":[{"href":"https:\/\/olje-morgan.si\/de\/wp-json\/wp\/v2\/types\/product"}],"replies":[{"embeddable":true,"href":"https:\/\/olje-morgan.si\/de\/wp-json\/wp\/v2\/comments?post=3873"}],"wp:featuredmedia":[{"embeddable":true,"href":"https:\/\/olje-morgan.si\/de\/wp-json\/wp\/v2\/media\/3874"}],"wp:attachment":[{"href":"https:\/\/olje-morgan.si\/de\/wp-json\/wp\/v2\/media?parent=3873"}],"wp:term":[{"taxonomy":"product_brand","embeddable":true,"href":"https:\/\/olje-morgan.si\/de\/wp-json\/wp\/v2\/product_brand?post=3873"},{"taxonomy":"product_cat","embeddable":true,"href":"https:\/\/olje-morgan.si\/de\/wp-json\/wp\/v2\/product_cat?post=3873"},{"taxonomy":"product_tag","embeddable":true,"href":"https:\/\/olje-morgan.si\/de\/wp-json\/wp\/v2\/product_tag?post=3873"}],"curies":[{"name":"wp","href":"https:\/\/api.w.org\/{rel}","templated":true}]}}