{"id":3898,"date":"2025-09-04T21:14:42","date_gmt":"2025-09-04T20:14:42","guid":{"rendered":"https:\/\/dev.olje-morgan.si\/izdelek\/darilna-skatla\/"},"modified":"2025-11-15T08:33:30","modified_gmt":"2025-11-15T07:33:30","slug":"geschenkbox","status":"publish","type":"product","link":"https:\/\/olje-morgan.si\/de\/produkt\/geschenkbox\/","title":{"rendered":"Geschenkbox"},"content":{"rendered":"","protected":false},"excerpt":{"rendered":"<p data-start=\"825\" data-end=\"958\"><strong>Geschenkbox<\/strong><\/p>\n<p data-start=\"825\" data-end=\"958\">Kartonverpackung mit Strohbett, geeignet zum Einsetzen einer Oliven\u00f6lflasche, Schokolade, eines Glases Salz und eingelegter Oliven.<\/p>\n<p data-start=\"960\" data-end=\"1218\">Oliven\u00f6l und Produkte aus Oliven und Oliven\u00f6l sind ein hervorragendes Geschenk f\u00fcr jeden Anlass. Unsere biologischen Erzeugnisse stehen f\u00fcr Gesundheit, sind eines der Symbole der Langlebigkeit und eine ausgezeichnete Visitenkarte unserer istrischen Region.<\/p>\n<p data-start=\"1220\" data-end=\"1468\">Alle Produkte stammen aus \u00f6kologischem Anbau. Mit einem Geschenk aus Olivenprodukten k\u00f6nnen Sie kaum etwas falsch machen \u2013 Oliven\u00f6l steht f\u00fcr Gesundheit, ein langes Leben und ist vor allem ein hervorragendes Produkt unseres slowenischen Istriens.<\/p>\n<p data-start=\"1425\" data-end=\"1482\"><strong>Lesen Sie unten die Gr\u00f6\u00dfenempfehlung f\u00fcr die Schachtel!<\/strong><\/p>\n","protected":false},"featured_media":3899,"comment_status":"open","ping_status":"closed","template":"","meta":[],"product_brand":[],"product_cat":[105],"product_tag":[],"class_list":{"0":"post-3898","1":"product","2":"type-product","3":"status-publish","4":"has-post-thumbnail","6":"product_cat-verpackung","7":"pa_skatla-velika","8":"pa_skatla-majhna","9":"pa_skatla-srednja","11":"first","12":"instock","13":"shipping-taxable","14":"purchasable","15":"product-type-variable"},"_links":{"self":[{"href":"https:\/\/olje-morgan.si\/de\/wp-json\/wp\/v2\/product\/3898","targetHints":{"allow":["GET"]}}],"collection":[{"href":"https:\/\/olje-morgan.si\/de\/wp-json\/wp\/v2\/product"}],"about":[{"href":"https:\/\/olje-morgan.si\/de\/wp-json\/wp\/v2\/types\/product"}],"replies":[{"embeddable":true,"href":"https:\/\/olje-morgan.si\/de\/wp-json\/wp\/v2\/comments?post=3898"}],"wp:featuredmedia":[{"embeddable":true,"href":"https:\/\/olje-morgan.si\/de\/wp-json\/wp\/v2\/media\/3899"}],"wp:attachment":[{"href":"https:\/\/olje-morgan.si\/de\/wp-json\/wp\/v2\/media?parent=3898"}],"wp:term":[{"taxonomy":"product_brand","embeddable":true,"href":"https:\/\/olje-morgan.si\/de\/wp-json\/wp\/v2\/product_brand?post=3898"},{"taxonomy":"product_cat","embeddable":true,"href":"https:\/\/olje-morgan.si\/de\/wp-json\/wp\/v2\/product_cat?post=3898"},{"taxonomy":"product_tag","embeddable":true,"href":"https:\/\/olje-morgan.si\/de\/wp-json\/wp\/v2\/product_tag?post=3898"}],"curies":[{"name":"wp","href":"https:\/\/api.w.org\/{rel}","templated":true}]}}