{"id":3918,"date":"2025-09-04T21:14:30","date_gmt":"2025-09-04T20:14:30","guid":{"rendered":"https:\/\/dev.olje-morgan.si\/izdelek\/kartonska-embalaza-cetvorcek\/"},"modified":"2025-11-12T17:06:05","modified_gmt":"2025-11-12T16:06:05","slug":"kartonverpackung-vierfach","status":"publish","type":"product","link":"https:\/\/olje-morgan.si\/de\/produkt\/kartonverpackung-vierfach\/","title":{"rendered":"Kartonverpackung vierfach"},"content":{"rendered":"","protected":false},"excerpt":{"rendered":"<p data-start=\"229\" data-end=\"316\"><strong>Kartonverpackung vierfach<\/strong><\/p>\n<p data-start=\"82\" data-end=\"176\">Kartonverpackung, geeignet zum Einsetzen von vier Oliven\u00f6lflaschen \u00e0 0,10 L nach Ihrer Wahl.<\/p>\n<p data-start=\"178\" data-end=\"439\">Oliven\u00f6l sowie Produkte aus Oliven und Oliven\u00f6l sind ein ausgezeichnetes Geschenk f\u00fcr jeden Anlass. Unsere biologischen Erzeugnisse stehen f\u00fcr Gesundheit, sind eine der Grundlagen der Langlebigkeit und ein hervorragender Botschafter unserer istrischen Region.<\/p>\n<p data-start=\"441\" data-end=\"696\">Alle Produkte sind biologisch hergestellt. Die Wahl eines Geschenks in Form von Olivenprodukten ist immer eine gute Entscheidung \u2013 Oliven\u00f6l symbolisiert Gesundheit, ein langes Leben und ist vor allem ein herausragendes Produkt des slowenischen Istriens.<\/p>\n","protected":false},"featured_media":3920,"comment_status":"open","ping_status":"closed","template":"","meta":[],"product_brand":[],"product_cat":[105],"product_tag":[],"class_list":{"0":"post-3918","1":"product","2":"type-product","3":"status-publish","4":"has-post-thumbnail","6":"product_cat-verpackung","8":"first","9":"instock","10":"shipping-taxable","11":"purchasable","12":"product-type-simple"},"_links":{"self":[{"href":"https:\/\/olje-morgan.si\/de\/wp-json\/wp\/v2\/product\/3918","targetHints":{"allow":["GET"]}}],"collection":[{"href":"https:\/\/olje-morgan.si\/de\/wp-json\/wp\/v2\/product"}],"about":[{"href":"https:\/\/olje-morgan.si\/de\/wp-json\/wp\/v2\/types\/product"}],"replies":[{"embeddable":true,"href":"https:\/\/olje-morgan.si\/de\/wp-json\/wp\/v2\/comments?post=3918"}],"wp:featuredmedia":[{"embeddable":true,"href":"https:\/\/olje-morgan.si\/de\/wp-json\/wp\/v2\/media\/3920"}],"wp:attachment":[{"href":"https:\/\/olje-morgan.si\/de\/wp-json\/wp\/v2\/media?parent=3918"}],"wp:term":[{"taxonomy":"product_brand","embeddable":true,"href":"https:\/\/olje-morgan.si\/de\/wp-json\/wp\/v2\/product_brand?post=3918"},{"taxonomy":"product_cat","embeddable":true,"href":"https:\/\/olje-morgan.si\/de\/wp-json\/wp\/v2\/product_cat?post=3918"},{"taxonomy":"product_tag","embeddable":true,"href":"https:\/\/olje-morgan.si\/de\/wp-json\/wp\/v2\/product_tag?post=3918"}],"curies":[{"name":"wp","href":"https:\/\/api.w.org\/{rel}","templated":true}]}}