{"id":3965,"date":"2025-09-04T21:14:30","date_gmt":"2025-09-04T20:14:30","guid":{"rendered":"https:\/\/dev.olje-morgan.si\/izdelek\/oljcni-liker-020l\/"},"modified":"2025-11-11T15:18:31","modified_gmt":"2025-11-11T14:18:31","slug":"olivenlikoer","status":"publish","type":"product","link":"https:\/\/olje-morgan.si\/de\/produkt\/olivenlikoer\/","title":{"rendered":"Olivenlik\u00f6r"},"content":{"rendered":"","protected":false},"excerpt":{"rendered":"<p data-start=\"473\" data-end=\"497\"><strong data-start=\"482\" data-end=\"497\">Olivenlik\u00f6r<\/strong><\/p>\n<p data-start=\"499\" data-end=\"746\">Der Olivenlik\u00f6r ist eine Spezialit\u00e4t unseres Bauernhofs. Er wird ausschlie\u00dflich aus Oliven aus \u00f6kologischem Anbau, Bio-Tresterbrand und Bio-Zucker hergestellt. Der s\u00fc\u00df-bittere Lik\u00f6r mit seinem harmonischen Geschmack ist ein wohltuender Aperitif.<\/p>\n<p data-start=\"748\" data-end=\"798\"><strong>Alkoholgehalt:<\/strong> 25% Vol. Alc.<\/p>\n<p data-start=\"748\" data-end=\"798\"><em data-start=\"779\" data-end=\"796\"><strong>*Flaschen:<\/strong> 200 ml<\/em><\/p>\n","protected":false},"featured_media":3966,"comment_status":"open","ping_status":"closed","template":"","meta":[],"product_brand":[],"product_cat":[131],"product_tag":[],"class_list":{"0":"post-3965","1":"product","2":"type-product","3":"status-publish","4":"has-post-thumbnail","6":"product_cat-oliven-und-likoer","8":"first","9":"instock","10":"shipping-taxable","11":"purchasable","12":"product-type-simple"},"_links":{"self":[{"href":"https:\/\/olje-morgan.si\/de\/wp-json\/wp\/v2\/product\/3965","targetHints":{"allow":["GET"]}}],"collection":[{"href":"https:\/\/olje-morgan.si\/de\/wp-json\/wp\/v2\/product"}],"about":[{"href":"https:\/\/olje-morgan.si\/de\/wp-json\/wp\/v2\/types\/product"}],"replies":[{"embeddable":true,"href":"https:\/\/olje-morgan.si\/de\/wp-json\/wp\/v2\/comments?post=3965"}],"wp:featuredmedia":[{"embeddable":true,"href":"https:\/\/olje-morgan.si\/de\/wp-json\/wp\/v2\/media\/3966"}],"wp:attachment":[{"href":"https:\/\/olje-morgan.si\/de\/wp-json\/wp\/v2\/media?parent=3965"}],"wp:term":[{"taxonomy":"product_brand","embeddable":true,"href":"https:\/\/olje-morgan.si\/de\/wp-json\/wp\/v2\/product_brand?post=3965"},{"taxonomy":"product_cat","embeddable":true,"href":"https:\/\/olje-morgan.si\/de\/wp-json\/wp\/v2\/product_cat?post=3965"},{"taxonomy":"product_tag","embeddable":true,"href":"https:\/\/olje-morgan.si\/de\/wp-json\/wp\/v2\/product_tag?post=3965"}],"curies":[{"name":"wp","href":"https:\/\/api.w.org\/{rel}","templated":true}]}}