{"id":3990,"date":"2025-10-25T11:55:10","date_gmt":"2025-10-25T10:55:10","guid":{"rendered":"https:\/\/dev.olje-morgan.si\/izdelek\/etericno-olje-sivke-50ml\/"},"modified":"2025-11-12T11:03:13","modified_gmt":"2025-11-12T10:03:13","slug":"aetherisches-lavendeloel","status":"publish","type":"product","link":"https:\/\/olje-morgan.si\/de\/produkt\/aetherisches-lavendeloel\/","title":{"rendered":"\u00c4therisches Lavendel\u00f6l"},"content":{"rendered":"","protected":false},"excerpt":{"rendered":"<p><span style=\"color: #cc99ff;\"><strong>\u00c4therisches Lavendel\u00f6l <\/strong><\/span><\/p>\n<div>\n<p><strong>Inhaltsstoffe: <\/strong>Mischung verschiedener Lavendelsorten<\/p>\n<div><strong>INCI: <\/strong>lavandula angustifolia flower oil<\/div>\n<div>\n<div>\n<p><span style=\"font-size: 1rem;\"><strong style=\"font-size: 1rem;\">Hinweise<\/strong><strong style=\"font-size: 1rem;\">:<\/strong> Nur zur \u00e4u\u00dferlichen Anwendung. Kontakt mit den Augen vermeiden. Nicht von Kindern und Personen mit Empfindlichkeit gegen\u00fcber einem der Inhaltsstoffe verwenden.<\/span><\/p>\n<\/div>\n<p><strong>Aufbewahrung:<\/strong> An einem dunklen und k\u00fchlen Ort.<\/p>\n<\/div>\n<\/div>\n","protected":false},"featured_media":5423,"comment_status":"open","ping_status":"closed","template":"","meta":[],"product_brand":[],"product_cat":[133],"product_tag":[],"class_list":{"0":"post-3990","1":"product","2":"type-product","3":"status-publish","4":"has-post-thumbnail","6":"product_cat-kosmetik","8":"first","9":"instock","10":"shipping-taxable","11":"purchasable","12":"product-type-variable"},"_links":{"self":[{"href":"https:\/\/olje-morgan.si\/de\/wp-json\/wp\/v2\/product\/3990","targetHints":{"allow":["GET"]}}],"collection":[{"href":"https:\/\/olje-morgan.si\/de\/wp-json\/wp\/v2\/product"}],"about":[{"href":"https:\/\/olje-morgan.si\/de\/wp-json\/wp\/v2\/types\/product"}],"replies":[{"embeddable":true,"href":"https:\/\/olje-morgan.si\/de\/wp-json\/wp\/v2\/comments?post=3990"}],"wp:featuredmedia":[{"embeddable":true,"href":"https:\/\/olje-morgan.si\/de\/wp-json\/wp\/v2\/media\/5423"}],"wp:attachment":[{"href":"https:\/\/olje-morgan.si\/de\/wp-json\/wp\/v2\/media?parent=3990"}],"wp:term":[{"taxonomy":"product_brand","embeddable":true,"href":"https:\/\/olje-morgan.si\/de\/wp-json\/wp\/v2\/product_brand?post=3990"},{"taxonomy":"product_cat","embeddable":true,"href":"https:\/\/olje-morgan.si\/de\/wp-json\/wp\/v2\/product_cat?post=3990"},{"taxonomy":"product_tag","embeddable":true,"href":"https:\/\/olje-morgan.si\/de\/wp-json\/wp\/v2\/product_tag?post=3990"}],"curies":[{"name":"wp","href":"https:\/\/api.w.org\/{rel}","templated":true}]}}