{"id":4000,"date":"2025-09-04T21:15:25","date_gmt":"2025-09-04T20:15:25","guid":{"rendered":"https:\/\/dev.olje-morgan.si\/izdelek\/rozmarinovo-mazilo-50ml\/"},"modified":"2025-11-18T10:00:23","modified_gmt":"2025-11-18T09:00:23","slug":"salbe","status":"publish","type":"product","link":"https:\/\/olje-morgan.si\/de\/produkt\/salbe\/","title":{"rendered":"Salbe"},"content":{"rendered":"","protected":false},"excerpt":{"rendered":"<p><span style=\"color: #ffcc99;\"><strong>Salbe<\/strong><\/span><\/p>\n<p data-start=\"925\" data-end=\"1200\"><strong data-start=\"925\" data-end=\"939\">Anwendung: <\/strong>Das nat\u00fcrliche Balsam wurde f\u00fcr eine ganzheitliche Hautpflege entwickelt. Mit einer reichhaltigen Kombination aus Oliven\u00f6l und Kr\u00e4uterextrakten pflegt, regeneriert und sch\u00fctzt es die Haut auf sanfte Weise. Es eignet sich f\u00fcr die t\u00e4gliche Anwendung sowie zur Unterst\u00fctzung bei trockener, gereizter oder empfindlicher Haut.<\/p>\n<div>\n<p data-start=\"1426\" data-end=\"1603\"><strong data-start=\"1426\" data-end=\"1443\">Hinweise: <\/strong>Nur zur \u00e4u\u00dferen Anwendung. Kontakt mit den Augen vermeiden. Nicht geeignet f\u00fcr Kinder oder Personen, die empfindlich auf einen der Inhaltsstoffe reagieren.<\/p>\n<p data-start=\"1605\" data-end=\"1664\"><strong data-start=\"1576\" data-end=\"1589\">Aufbewahrung: <\/strong>An einem k\u00fchlen, dunklen Ort aufbewahren.<\/p>\n<p data-start=\"1666\" data-end=\"1683\"><em data-start=\"1666\" data-end=\"1681\"><strong>*Inhalt:<\/strong> 50 ml<\/em><\/p>\n<\/div>\n","protected":false},"featured_media":5372,"comment_status":"open","ping_status":"closed","template":"","meta":[],"product_brand":[],"product_cat":[133],"product_tag":[],"class_list":{"0":"post-4000","1":"product","2":"type-product","3":"status-publish","4":"has-post-thumbnail","6":"product_cat-kosmetik","8":"first","9":"instock","10":"sale","11":"shipping-taxable","12":"purchasable","13":"product-type-variable"},"_links":{"self":[{"href":"https:\/\/olje-morgan.si\/de\/wp-json\/wp\/v2\/product\/4000","targetHints":{"allow":["GET"]}}],"collection":[{"href":"https:\/\/olje-morgan.si\/de\/wp-json\/wp\/v2\/product"}],"about":[{"href":"https:\/\/olje-morgan.si\/de\/wp-json\/wp\/v2\/types\/product"}],"replies":[{"embeddable":true,"href":"https:\/\/olje-morgan.si\/de\/wp-json\/wp\/v2\/comments?post=4000"}],"wp:featuredmedia":[{"embeddable":true,"href":"https:\/\/olje-morgan.si\/de\/wp-json\/wp\/v2\/media\/5372"}],"wp:attachment":[{"href":"https:\/\/olje-morgan.si\/de\/wp-json\/wp\/v2\/media?parent=4000"}],"wp:term":[{"taxonomy":"product_brand","embeddable":true,"href":"https:\/\/olje-morgan.si\/de\/wp-json\/wp\/v2\/product_brand?post=4000"},{"taxonomy":"product_cat","embeddable":true,"href":"https:\/\/olje-morgan.si\/de\/wp-json\/wp\/v2\/product_cat?post=4000"},{"taxonomy":"product_tag","embeddable":true,"href":"https:\/\/olje-morgan.si\/de\/wp-json\/wp\/v2\/product_tag?post=4000"}],"curies":[{"name":"wp","href":"https:\/\/api.w.org\/{rel}","templated":true}]}}