{"id":4047,"date":"2025-09-04T21:15:25","date_gmt":"2025-09-04T20:15:25","guid":{"rendered":"https:\/\/dev.olje-morgan.si\/izdelek\/krema-za-roke-limonska-trava\/"},"modified":"2025-11-18T10:41:18","modified_gmt":"2025-11-18T09:41:18","slug":"handcreme","status":"publish","type":"product","link":"https:\/\/olje-morgan.si\/de\/produkt\/handcreme\/","title":{"rendered":"Handcreme"},"content":{"rendered":"","protected":false},"excerpt":{"rendered":"<p><span style=\"color: #ffcc99;\"><strong>Handcreme<\/strong><\/span><\/p>\n<p data-start=\"2663\" data-end=\"3068\"><strong data-start=\"2663\" data-end=\"2677\">Anwendung: <\/strong>Die nat\u00fcrliche Handcreme ist f\u00fcr eine intensive Feuchtigkeitsversorgung und den Schutz der Haut entwickelt, die t\u00e4glich K\u00e4lte, Wasser, Reinigungsmitteln und trockener Luft ausgesetzt ist. Die reichhaltige, aber schnell einziehende Formel pflegt selbst die trockensten H\u00e4nde und verleiht ihnen wieder Geschmeidigkeit, Elastizit\u00e4t und ein gesundes Aussehen.<\/p>\n<p data-start=\"2663\" data-end=\"3068\"><strong data-start=\"3560\" data-end=\"3575\">Verpackung:<\/strong> Airless<\/p>\n<div>\n<div>\n<p data-start=\"3587\" data-end=\"3764\"><strong data-start=\"3587\" data-end=\"3604\">Hinweise: <\/strong>Nur zur \u00e4u\u00dferen Anwendung. Kontakt mit den Augen vermeiden. Nicht geeignet f\u00fcr Kinder oder Personen, die empfindlich auf einen der Inhaltsstoffe reagieren.<\/p>\n<p data-start=\"3766\" data-end=\"3805\"><strong>Aufbewahrung:<\/strong> K\u00fchl und dunkel lagern.<\/p>\n<p data-start=\"3807\" data-end=\"3824\"><em data-start=\"3807\" data-end=\"3822\"><strong>*Inhalt:<\/strong> 50 ml<\/em><\/p>\n<\/div>\n<\/div>\n","protected":false},"featured_media":5444,"comment_status":"open","ping_status":"closed","template":"","meta":[],"product_brand":[],"product_cat":[133],"product_tag":[],"class_list":{"0":"post-4047","1":"product","2":"type-product","3":"status-publish","4":"has-post-thumbnail","6":"product_cat-kosmetik","8":"first","9":"instock","10":"sale","11":"shipping-taxable","12":"purchasable","13":"product-type-variable"},"_links":{"self":[{"href":"https:\/\/olje-morgan.si\/de\/wp-json\/wp\/v2\/product\/4047","targetHints":{"allow":["GET"]}}],"collection":[{"href":"https:\/\/olje-morgan.si\/de\/wp-json\/wp\/v2\/product"}],"about":[{"href":"https:\/\/olje-morgan.si\/de\/wp-json\/wp\/v2\/types\/product"}],"replies":[{"embeddable":true,"href":"https:\/\/olje-morgan.si\/de\/wp-json\/wp\/v2\/comments?post=4047"}],"wp:featuredmedia":[{"embeddable":true,"href":"https:\/\/olje-morgan.si\/de\/wp-json\/wp\/v2\/media\/5444"}],"wp:attachment":[{"href":"https:\/\/olje-morgan.si\/de\/wp-json\/wp\/v2\/media?parent=4047"}],"wp:term":[{"taxonomy":"product_brand","embeddable":true,"href":"https:\/\/olje-morgan.si\/de\/wp-json\/wp\/v2\/product_brand?post=4047"},{"taxonomy":"product_cat","embeddable":true,"href":"https:\/\/olje-morgan.si\/de\/wp-json\/wp\/v2\/product_cat?post=4047"},{"taxonomy":"product_tag","embeddable":true,"href":"https:\/\/olje-morgan.si\/de\/wp-json\/wp\/v2\/product_tag?post=4047"}],"curies":[{"name":"wp","href":"https:\/\/api.w.org\/{rel}","templated":true}]}}