{"id":4057,"date":"2025-09-04T21:15:25","date_gmt":"2025-09-04T20:15:25","guid":{"rendered":"https:\/\/dev.olje-morgan.si\/izdelek\/sivkina-vrecka-15g\/"},"modified":"2025-11-12T11:00:46","modified_gmt":"2025-11-12T10:00:46","slug":"lavendelbeutel","status":"publish","type":"product","link":"https:\/\/olje-morgan.si\/de\/produkt\/lavendelbeutel\/","title":{"rendered":"Lavendelbeutel"},"content":{"rendered":"","protected":false},"excerpt":{"rendered":"<p><span style=\"color: #cc99ff;\"><strong>Lavendelbeutel <\/strong><\/span><\/p>\n<div>\n<p>Ein nat\u00fcrlich duftendes S\u00e4ckchen, gef\u00fcllt mit getrockneten Lavendelbl\u00fcten. Perfekt zum Beduften von R\u00e4umen, Schr\u00e4nken und Schubladen sowie als nat\u00fcrliches Mittel gegen Motten.<\/p>\n<p><strong data-start=\"752\" data-end=\"763\">Inhalt:<\/strong> Lavendelbl\u00fcten<\/p>\n<div><strong>INCI: <\/strong>Lavandula Angustifolia Flower<\/div>\n<div><\/div>\n<\/div>\n<div><em><strong>*Gewicht: <\/strong>15 g<\/em><\/div>\n","protected":false},"featured_media":4058,"comment_status":"open","ping_status":"closed","template":"","meta":[],"product_brand":[],"product_cat":[133],"product_tag":[],"class_list":{"0":"post-4057","1":"product","2":"type-product","3":"status-publish","4":"has-post-thumbnail","6":"product_cat-kosmetik","8":"first","9":"instock","10":"shipping-taxable","11":"purchasable","12":"product-type-simple"},"_links":{"self":[{"href":"https:\/\/olje-morgan.si\/de\/wp-json\/wp\/v2\/product\/4057","targetHints":{"allow":["GET"]}}],"collection":[{"href":"https:\/\/olje-morgan.si\/de\/wp-json\/wp\/v2\/product"}],"about":[{"href":"https:\/\/olje-morgan.si\/de\/wp-json\/wp\/v2\/types\/product"}],"replies":[{"embeddable":true,"href":"https:\/\/olje-morgan.si\/de\/wp-json\/wp\/v2\/comments?post=4057"}],"wp:featuredmedia":[{"embeddable":true,"href":"https:\/\/olje-morgan.si\/de\/wp-json\/wp\/v2\/media\/4058"}],"wp:attachment":[{"href":"https:\/\/olje-morgan.si\/de\/wp-json\/wp\/v2\/media?parent=4057"}],"wp:term":[{"taxonomy":"product_brand","embeddable":true,"href":"https:\/\/olje-morgan.si\/de\/wp-json\/wp\/v2\/product_brand?post=4057"},{"taxonomy":"product_cat","embeddable":true,"href":"https:\/\/olje-morgan.si\/de\/wp-json\/wp\/v2\/product_cat?post=4057"},{"taxonomy":"product_tag","embeddable":true,"href":"https:\/\/olje-morgan.si\/de\/wp-json\/wp\/v2\/product_tag?post=4057"}],"curies":[{"name":"wp","href":"https:\/\/api.w.org\/{rel}","templated":true}]}}