{"id":4076,"date":"2025-09-04T21:14:52","date_gmt":"2025-09-04T20:14:52","guid":{"rendered":"https:\/\/dev.olje-morgan.si\/izdelek\/krema-za-obraz-sivka\/"},"modified":"2025-11-18T10:28:57","modified_gmt":"2025-11-18T09:28:57","slug":"gesichtscreme","status":"publish","type":"product","link":"https:\/\/olje-morgan.si\/de\/produkt\/gesichtscreme\/","title":{"rendered":"Gesichtscreme"},"content":{"rendered":"","protected":false},"excerpt":{"rendered":"<div>\n<div><span style=\"color: #ffcc99;\"><strong>Gesichtscreme\u00a0<\/strong><\/span><\/div>\n<div>\n<div><\/div>\n<div><strong data-start=\"1561\" data-end=\"1575\">Anwendung:\u00a0<\/strong>Die nat\u00fcrliche Gesichtscreme ist sorgf\u00e4ltig f\u00fcr die t\u00e4gliche Pflege und den Schutz der Haut entwickelt. Mit sanften pflanzlichen Inhaltsstoffen spendet sie Feuchtigkeit, verbessert die Elastizit\u00e4t und verleiht Frische, w\u00e4hrend sie das nat\u00fcrliche Gleichgewicht der Haut unterst\u00fctzt. Sie ist ideal f\u00fcr alle, die eine reine, sichere und wirksame Naturpflege w\u00fcnschen.<\/div>\n<\/div>\n<\/div>\n<div>\n<p data-start=\"3614\" data-end=\"3639\"><strong data-start=\"3614\" data-end=\"3629\">Verpackung:<\/strong> Airless<\/p>\n<p data-start=\"3641\" data-end=\"3776\"><strong>Hinweise: <\/strong>Nur zur \u00e4u\u00dferen Anwendung. Kontakt mit den Augen vermeiden. Nicht geeignet f\u00fcr Kinder oder empfindliche Personen.<\/p>\n<p data-start=\"3778\" data-end=\"3822\"><strong>Aufbewahrung:<\/strong> K\u00fchl und dunkel aufbewahren.<\/p>\n<p data-start=\"3824\" data-end=\"3841\"><em data-start=\"3824\" data-end=\"3839\"><strong>*Inhalt:<\/strong> 50 ml<\/em><\/p>\n<\/div>\n","protected":false},"featured_media":5452,"comment_status":"open","ping_status":"closed","template":"","meta":[],"product_brand":[],"product_cat":[133],"product_tag":[],"class_list":{"0":"post-4076","1":"product","2":"type-product","3":"status-publish","4":"has-post-thumbnail","6":"product_cat-kosmetik","8":"first","9":"instock","10":"sale","11":"shipping-taxable","12":"purchasable","13":"product-type-variable"},"_links":{"self":[{"href":"https:\/\/olje-morgan.si\/de\/wp-json\/wp\/v2\/product\/4076","targetHints":{"allow":["GET"]}}],"collection":[{"href":"https:\/\/olje-morgan.si\/de\/wp-json\/wp\/v2\/product"}],"about":[{"href":"https:\/\/olje-morgan.si\/de\/wp-json\/wp\/v2\/types\/product"}],"replies":[{"embeddable":true,"href":"https:\/\/olje-morgan.si\/de\/wp-json\/wp\/v2\/comments?post=4076"}],"wp:featuredmedia":[{"embeddable":true,"href":"https:\/\/olje-morgan.si\/de\/wp-json\/wp\/v2\/media\/5452"}],"wp:attachment":[{"href":"https:\/\/olje-morgan.si\/de\/wp-json\/wp\/v2\/media?parent=4076"}],"wp:term":[{"taxonomy":"product_brand","embeddable":true,"href":"https:\/\/olje-morgan.si\/de\/wp-json\/wp\/v2\/product_brand?post=4076"},{"taxonomy":"product_cat","embeddable":true,"href":"https:\/\/olje-morgan.si\/de\/wp-json\/wp\/v2\/product_cat?post=4076"},{"taxonomy":"product_tag","embeddable":true,"href":"https:\/\/olje-morgan.si\/de\/wp-json\/wp\/v2\/product_tag?post=4076"}],"curies":[{"name":"wp","href":"https:\/\/api.w.org\/{rel}","templated":true}]}}