{"id":4105,"date":"2025-09-04T21:15:24","date_gmt":"2025-09-04T20:15:24","guid":{"rendered":"https:\/\/dev.olje-morgan.si\/izdelek\/protibolecinsko-masazno-olje\/"},"modified":"2025-11-18T10:04:59","modified_gmt":"2025-11-18T09:04:59","slug":"massageoel","status":"publish","type":"product","link":"https:\/\/olje-morgan.si\/de\/produkt\/massageoel\/","title":{"rendered":"Massage\u00f6l"},"content":{"rendered":"","protected":false},"excerpt":{"rendered":"<p><span style=\"color: #ffcc99;\"><strong>Massage\u00f6l<\/strong><\/span><\/p>\n<p data-start=\"2107\" data-end=\"2477\"><strong data-start=\"2663\" data-end=\"2677\">Anwendung:\u00a0<\/strong>Das nat\u00fcrliche Massage\u00f6l wurde entwickelt, um den K\u00f6rper zu entspannen und die Haut sanft zu pflegen. Die reichhaltige Mischung aus Pflanzen\u00f6len erm\u00f6glicht eine geschmeidige Massage, die Verspannungen l\u00f6st, die Haut pflegt und ein Gef\u00fchl innerer Balance f\u00f6rdert. Es ist ideal f\u00fcr den Heimgebrauch oder professionelle Massagen.<\/p>\n<div>\n<p data-start=\"2806\" data-end=\"2941\"><strong>Hinweise: <\/strong>Nur zur \u00e4u\u00dferen Anwendung. Kontakt mit den Augen vermeiden. Nicht geeignet f\u00fcr Kinder oder empfindliche Personen.<\/p>\n<p data-start=\"2943\" data-end=\"2987\"><strong>Aufbewahrung:<\/strong> K\u00fchl und dunkel aufbewahren.<\/p>\n<p data-start=\"2989\" data-end=\"3007\"><em data-start=\"2989\" data-end=\"3005\"><strong>*Inhalt:<\/strong> 100 ml<\/em><\/p>\n<\/div>\n","protected":false},"featured_media":5456,"comment_status":"open","ping_status":"closed","template":"","meta":[],"product_brand":[],"product_cat":[133],"product_tag":[],"class_list":{"0":"post-4105","1":"product","2":"type-product","3":"status-publish","4":"has-post-thumbnail","6":"product_cat-kosmetik","8":"first","9":"instock","10":"sale","11":"shipping-taxable","12":"purchasable","13":"product-type-variable"},"_links":{"self":[{"href":"https:\/\/olje-morgan.si\/de\/wp-json\/wp\/v2\/product\/4105","targetHints":{"allow":["GET"]}}],"collection":[{"href":"https:\/\/olje-morgan.si\/de\/wp-json\/wp\/v2\/product"}],"about":[{"href":"https:\/\/olje-morgan.si\/de\/wp-json\/wp\/v2\/types\/product"}],"replies":[{"embeddable":true,"href":"https:\/\/olje-morgan.si\/de\/wp-json\/wp\/v2\/comments?post=4105"}],"wp:featuredmedia":[{"embeddable":true,"href":"https:\/\/olje-morgan.si\/de\/wp-json\/wp\/v2\/media\/5456"}],"wp:attachment":[{"href":"https:\/\/olje-morgan.si\/de\/wp-json\/wp\/v2\/media?parent=4105"}],"wp:term":[{"taxonomy":"product_brand","embeddable":true,"href":"https:\/\/olje-morgan.si\/de\/wp-json\/wp\/v2\/product_brand?post=4105"},{"taxonomy":"product_cat","embeddable":true,"href":"https:\/\/olje-morgan.si\/de\/wp-json\/wp\/v2\/product_cat?post=4105"},{"taxonomy":"product_tag","embeddable":true,"href":"https:\/\/olje-morgan.si\/de\/wp-json\/wp\/v2\/product_tag?post=4105"}],"curies":[{"name":"wp","href":"https:\/\/api.w.org\/{rel}","templated":true}]}}