{"id":4152,"date":"2025-09-04T21:15:24","date_gmt":"2025-09-04T20:15:24","guid":{"rendered":"https:\/\/dev.olje-morgan.si\/izdelek\/balzam-za-ustnice-agrumi\/"},"modified":"2025-11-18T10:03:47","modified_gmt":"2025-11-18T09:03:47","slug":"lippenbalsam","status":"publish","type":"product","link":"https:\/\/olje-morgan.si\/de\/produkt\/lippenbalsam\/","title":{"rendered":"Lippenbalsam"},"content":{"rendered":"","protected":false},"excerpt":{"rendered":"<p><span style=\"color: #ffcc99;\"><strong>Lippenbalsam<\/strong><\/span><\/p>\n<p data-start=\"1637\" data-end=\"1832\"><strong data-start=\"1637\" data-end=\"1651\">Anwendung:\u00a0<\/strong>Der nat\u00fcrliche Lippenbalsam ist f\u00fcr eine sanfte, t\u00e4gliche Pflege entwickelt. Er wird aus sorgf\u00e4ltig ausgew\u00e4hlten nat\u00fcrlichen Inhaltsstoffen hergestellt, die den Lippen langanhaltende Feuchtigkeit, Schutz und Glanz verleihen &#8211; ganz ohne k\u00fcnstliche Zus\u00e4tze.<\/p>\n<div>\n<div>\n<p data-start=\"2117\" data-end=\"2252\"><strong data-start=\"2117\" data-end=\"2134\">Hinweise: <\/strong>Nur zur \u00e4u\u00dferen Anwendung. Kontakt mit den Augen vermeiden. Nicht geeignet f\u00fcr Kinder oder empfindliche Personen.<\/p>\n<p data-start=\"2254\" data-end=\"2298\"><strong>Aufbewahrung:<\/strong> K\u00fchl und dunkel aufbewahren.<\/p>\n<p data-start=\"2300\" data-end=\"2316\"><em data-start=\"2300\" data-end=\"2314\"><strong>*Inhalt:<\/strong> 4 ml<\/em><\/p>\n<\/div>\n<p>&nbsp;<\/p>\n<\/div>\n","protected":false},"featured_media":5448,"comment_status":"open","ping_status":"closed","template":"","meta":[],"product_brand":[],"product_cat":[133],"product_tag":[],"class_list":{"0":"post-4152","1":"product","2":"type-product","3":"status-publish","4":"has-post-thumbnail","6":"product_cat-kosmetik","8":"first","9":"instock","10":"sale","11":"shipping-taxable","12":"purchasable","13":"product-type-variable"},"_links":{"self":[{"href":"https:\/\/olje-morgan.si\/de\/wp-json\/wp\/v2\/product\/4152","targetHints":{"allow":["GET"]}}],"collection":[{"href":"https:\/\/olje-morgan.si\/de\/wp-json\/wp\/v2\/product"}],"about":[{"href":"https:\/\/olje-morgan.si\/de\/wp-json\/wp\/v2\/types\/product"}],"replies":[{"embeddable":true,"href":"https:\/\/olje-morgan.si\/de\/wp-json\/wp\/v2\/comments?post=4152"}],"wp:featuredmedia":[{"embeddable":true,"href":"https:\/\/olje-morgan.si\/de\/wp-json\/wp\/v2\/media\/5448"}],"wp:attachment":[{"href":"https:\/\/olje-morgan.si\/de\/wp-json\/wp\/v2\/media?parent=4152"}],"wp:term":[{"taxonomy":"product_brand","embeddable":true,"href":"https:\/\/olje-morgan.si\/de\/wp-json\/wp\/v2\/product_brand?post=4152"},{"taxonomy":"product_cat","embeddable":true,"href":"https:\/\/olje-morgan.si\/de\/wp-json\/wp\/v2\/product_cat?post=4152"},{"taxonomy":"product_tag","embeddable":true,"href":"https:\/\/olje-morgan.si\/de\/wp-json\/wp\/v2\/product_tag?post=4152"}],"curies":[{"name":"wp","href":"https:\/\/api.w.org\/{rel}","templated":true}]}}