{"id":4196,"date":"2025-09-04T21:15:12","date_gmt":"2025-09-04T20:15:12","guid":{"rendered":"https:\/\/dev.olje-morgan.si\/izdelek\/hidrolat-sivke\/"},"modified":"2025-11-18T10:24:40","modified_gmt":"2025-11-18T09:24:40","slug":"hydrolat","status":"publish","type":"product","link":"https:\/\/olje-morgan.si\/de\/produkt\/hydrolat\/","title":{"rendered":"Hydrolat"},"content":{"rendered":"","protected":false},"excerpt":{"rendered":"<p><span style=\"color: #ffcc99;\"><strong>Hydrolat<\/strong><\/span><\/p>\n<p><strong data-start=\"1035\" data-end=\"1049\">Anwendung: <\/strong>Der nat\u00fcrliche Hydrolat ist ein sanftes Bl\u00fctenwasser, das durch Dampfdestillation von Pflanzen gewonnen wird. Er wirkt als erfrischender Toner, der die Haut beruhigt, mit Feuchtigkeit versorgt und regeneriert. Dank seiner leichten Formel eignet er sich f\u00fcr die t\u00e4gliche Pflege aller Hauttypen, auch der empfindlichsten. Er kann au\u00dferdem zur Auffrischung von R\u00e4umen verwendet werden.<\/p>\n<div>\n<p data-start=\"1257\" data-end=\"1392\"><strong data-start=\"1257\" data-end=\"1274\"><strong style=\"font-size: 1rem;\">Hinweise<\/strong><strong style=\"font-size: 1rem;\">:<\/strong> <\/strong>Nur zur \u00e4u\u00dferen Anwendung. Kontakt mit den Augen vermeiden. Nicht geeignet f\u00fcr Kinder oder empfindliche Personen.<\/p>\n<p data-start=\"1394\" data-end=\"1438\"><strong>Aufbewahrung:<\/strong> K\u00fchl und dunkel aufbewahren.<\/p>\n<p data-start=\"1440\" data-end=\"1458\"><em data-start=\"1440\" data-end=\"1456\"><strong>*Inhalt:<\/strong> 500 ml<\/em><\/p>\n<\/div>\n","protected":false},"featured_media":5368,"comment_status":"open","ping_status":"closed","template":"","meta":[],"product_brand":[],"product_cat":[133],"product_tag":[],"class_list":{"0":"post-4196","1":"product","2":"type-product","3":"status-publish","4":"has-post-thumbnail","6":"product_cat-kosmetik","8":"first","9":"instock","10":"shipping-taxable","11":"purchasable","12":"product-type-variable"},"_links":{"self":[{"href":"https:\/\/olje-morgan.si\/de\/wp-json\/wp\/v2\/product\/4196","targetHints":{"allow":["GET"]}}],"collection":[{"href":"https:\/\/olje-morgan.si\/de\/wp-json\/wp\/v2\/product"}],"about":[{"href":"https:\/\/olje-morgan.si\/de\/wp-json\/wp\/v2\/types\/product"}],"replies":[{"embeddable":true,"href":"https:\/\/olje-morgan.si\/de\/wp-json\/wp\/v2\/comments?post=4196"}],"wp:featuredmedia":[{"embeddable":true,"href":"https:\/\/olje-morgan.si\/de\/wp-json\/wp\/v2\/media\/5368"}],"wp:attachment":[{"href":"https:\/\/olje-morgan.si\/de\/wp-json\/wp\/v2\/media?parent=4196"}],"wp:term":[{"taxonomy":"product_brand","embeddable":true,"href":"https:\/\/olje-morgan.si\/de\/wp-json\/wp\/v2\/product_brand?post=4196"},{"taxonomy":"product_cat","embeddable":true,"href":"https:\/\/olje-morgan.si\/de\/wp-json\/wp\/v2\/product_cat?post=4196"},{"taxonomy":"product_tag","embeddable":true,"href":"https:\/\/olje-morgan.si\/de\/wp-json\/wp\/v2\/product_tag?post=4196"}],"curies":[{"name":"wp","href":"https:\/\/api.w.org\/{rel}","templated":true}]}}