{"id":4302,"date":"2025-09-04T21:15:25","date_gmt":"2025-09-04T20:15:25","guid":{"rendered":"https:\/\/dev.olje-morgan.si\/izdelek\/virge\/"},"modified":"2025-11-12T19:49:55","modified_gmt":"2025-11-12T18:49:55","slug":"virge","status":"publish","type":"product","link":"https:\/\/olje-morgan.si\/de\/produkt\/virge\/","title":{"rendered":"Virge"},"content":{"rendered":"<p><img decoding=\"async\" class=\"alignnone wp-image-1219\" src=\"https:\/\/olje-morgan.si\/wp-content\/uploads\/2025\/09\/priporocilo.png\" alt=\"\" width=\"50\" height=\"50\" srcset=\"https:\/\/olje-morgan.si\/wp-content\/uploads\/2025\/09\/priporocilo.png 250w, https:\/\/olje-morgan.si\/wp-content\/uploads\/2025\/09\/priporocilo-150x150.png 150w, https:\/\/olje-morgan.si\/wp-content\/uploads\/2025\/09\/priporocilo-100x100.png 100w\" sizes=\"(max-width: 50px) 100vw, 50px\" \/> <strong data-start=\"1622\" data-end=\"1638\">Empfohlen<\/strong> zu kalten Vorspeisen, Krustentieren und Fischspezialit\u00e4ten, K\u00e4se und Aufschnitt, eleganten Salaten und Desserts.<\/p>\n","protected":false},"excerpt":{"rendered":"<p><span style=\"color: #008000;\"><strong>Natives Oliven\u00f6l extra Virge<\/strong><\/span><\/p>\n<p>Das Virge Oliven\u00f6l verk\u00f6rpert die Reinheit und Vollkommenheit der jungfr\u00e4ulichen G\u00f6ttin \u2013 ein Symbol der Unschuld und nat\u00fcrlichen Sch\u00f6nheit. Sein zarter, aber charakteristischer Geschmack in der eleganten wei\u00dfen Flasche offenbart eine Schlichtheit, die alle Sinne verzaubert. Das ideale Firmengeschenk f\u00fcr alle, die Raffinesse, Ausgeglichenheit und die Reinheit der Natur sch\u00e4tzen.<\/p>\n<p><img decoding=\"async\" class=\"alignnone wp-image-1222\" src=\"https:\/\/olje-morgan.si\/wp-content\/uploads\/2025\/09\/okus.png\" alt=\"\" width=\"50\" height=\"49\" srcset=\"https:\/\/olje-morgan.si\/wp-content\/uploads\/2025\/09\/okus.png 251w, https:\/\/olje-morgan.si\/wp-content\/uploads\/2025\/09\/okus-150x150.png 150w, https:\/\/olje-morgan.si\/wp-content\/uploads\/2025\/09\/okus-100x100.png 100w\" sizes=\"(max-width: 50px) 100vw, 50px\" \/> <strong>Geschmack:<\/strong> frisch und fruchtig, mit ausgewogener Bitterkeit und Sch\u00e4rfe; mittlere Intensit\u00e4t.<\/p>\n<p><img decoding=\"async\" class=\"alignnone wp-image-1221\" src=\"https:\/\/olje-morgan.si\/wp-content\/uploads\/2025\/09\/vonj.png\" alt=\"\" width=\"50\" height=\"50\" srcset=\"https:\/\/olje-morgan.si\/wp-content\/uploads\/2025\/09\/vonj.png 252w, https:\/\/olje-morgan.si\/wp-content\/uploads\/2025\/09\/vonj-150x150.png 150w, https:\/\/olje-morgan.si\/wp-content\/uploads\/2025\/09\/vonj-100x100.png 100w\" sizes=\"(max-width: 50px) 100vw, 50px\" \/> <strong>Duft:<\/strong> erinnert an frisch geschnittenes Gras, mit feinen fruchtigen Noten.<\/p>\n<p><img loading=\"lazy\" decoding=\"async\" class=\"alignnone wp-image-1220\" src=\"https:\/\/olje-morgan.si\/wp-content\/uploads\/2025\/09\/pikantnost.png\" alt=\"\" width=\"50\" height=\"49\" srcset=\"https:\/\/olje-morgan.si\/wp-content\/uploads\/2025\/09\/pikantnost.png 251w, https:\/\/olje-morgan.si\/wp-content\/uploads\/2025\/09\/pikantnost-150x150.png 150w, https:\/\/olje-morgan.si\/wp-content\/uploads\/2025\/09\/pikantnost-100x100.png 100w\" sizes=\"(max-width: 50px) 100vw, 50px\" \/> <strong>Sch\u00e4rfe:<\/strong> m\u00e4\u00dfig, sch\u00f6n harmonisch verteilt.<\/p>\n<p><strong><em>*Flasche: <\/em><\/strong><em>5<\/em>00 <em>ml<\/em><\/p>\n","protected":false},"featured_media":4303,"comment_status":"open","ping_status":"closed","template":"","meta":[],"product_brand":[],"product_cat":[90],"product_tag":[],"class_list":{"0":"post-4302","1":"product","2":"type-product","3":"status-publish","4":"has-post-thumbnail","6":"product_cat-geschenke","8":"first","9":"instock","10":"shipping-taxable","11":"purchasable","12":"product-type-simple"},"_links":{"self":[{"href":"https:\/\/olje-morgan.si\/de\/wp-json\/wp\/v2\/product\/4302","targetHints":{"allow":["GET"]}}],"collection":[{"href":"https:\/\/olje-morgan.si\/de\/wp-json\/wp\/v2\/product"}],"about":[{"href":"https:\/\/olje-morgan.si\/de\/wp-json\/wp\/v2\/types\/product"}],"replies":[{"embeddable":true,"href":"https:\/\/olje-morgan.si\/de\/wp-json\/wp\/v2\/comments?post=4302"}],"wp:featuredmedia":[{"embeddable":true,"href":"https:\/\/olje-morgan.si\/de\/wp-json\/wp\/v2\/media\/4303"}],"wp:attachment":[{"href":"https:\/\/olje-morgan.si\/de\/wp-json\/wp\/v2\/media?parent=4302"}],"wp:term":[{"taxonomy":"product_brand","embeddable":true,"href":"https:\/\/olje-morgan.si\/de\/wp-json\/wp\/v2\/product_brand?post=4302"},{"taxonomy":"product_cat","embeddable":true,"href":"https:\/\/olje-morgan.si\/de\/wp-json\/wp\/v2\/product_cat?post=4302"},{"taxonomy":"product_tag","embeddable":true,"href":"https:\/\/olje-morgan.si\/de\/wp-json\/wp\/v2\/product_tag?post=4302"}],"curies":[{"name":"wp","href":"https:\/\/api.w.org\/{rel}","templated":true}]}}