{"id":4356,"date":"2025-09-04T21:14:42","date_gmt":"2025-09-04T20:14:42","guid":{"rendered":"https:\/\/dev.olje-morgan.si\/izdelek\/magnum\/"},"modified":"2025-11-12T20:04:05","modified_gmt":"2025-11-12T19:04:05","slug":"magnum","status":"publish","type":"product","link":"https:\/\/olje-morgan.si\/de\/produkt\/magnum\/","title":{"rendered":"Magnum"},"content":{"rendered":"<p><img decoding=\"async\" class=\"alignnone wp-image-1219\" src=\"https:\/\/olje-morgan.si\/wp-content\/uploads\/2025\/09\/priporocilo.png\" alt=\"\" width=\"50\" height=\"50\" srcset=\"https:\/\/olje-morgan.si\/wp-content\/uploads\/2025\/09\/priporocilo.png 250w, https:\/\/olje-morgan.si\/wp-content\/uploads\/2025\/09\/priporocilo-150x150.png 150w, https:\/\/olje-morgan.si\/wp-content\/uploads\/2025\/09\/priporocilo-100x100.png 100w\" sizes=\"(max-width: 50px) 100vw, 50px\" \/> <strong data-start=\"1622\" data-end=\"1638\">Empfohlen<\/strong> zu kalten Vorspeisen, Krustentieren und Fischspezialit\u00e4ten, K\u00e4se und Aufschnitt, eleganten Salaten und Desserts.<\/p>\n","protected":false},"excerpt":{"rendered":"<p><span style=\"color: #339966;\"><strong>Natives Oliven\u00f6l extra Magnum<\/strong><\/span><\/p>\n<p>Das Oliven\u00f6l Magnum wurde f\u00fcr besondere Momente geschaffen \u2013 f\u00fcr Anl\u00e4sse, an denen man wirklich beeindrucken m\u00f6chte. Warum sollte man gro\u00dfe Flaschen nur f\u00fcr Wein reservieren, wenn man auch mit hochwertigem Oliven\u00f6l gl\u00e4nzen kann? Sein vollmundiger Geschmack und die elegante Pr\u00e4sentation vereinen Tradition und Raffinesse in vollendeter Harmonie. Magnum ist die perfekte Wahl f\u00fcr Jubil\u00e4en, Feste und besondere Lebensereignisse \u2013 wenn man etwas Au\u00dfergew\u00f6hnliches schenken m\u00f6chte.<\/p>\n<p><img decoding=\"async\" class=\"alignnone wp-image-1222\" src=\"https:\/\/olje-morgan.si\/wp-content\/uploads\/2025\/09\/okus.png\" alt=\"\" width=\"50\" height=\"49\" srcset=\"https:\/\/olje-morgan.si\/wp-content\/uploads\/2025\/09\/okus.png 251w, https:\/\/olje-morgan.si\/wp-content\/uploads\/2025\/09\/okus-150x150.png 150w, https:\/\/olje-morgan.si\/wp-content\/uploads\/2025\/09\/okus-100x100.png 100w\" sizes=\"(max-width: 50px) 100vw, 50px\" \/> <strong>Geschmack:<\/strong> frisch und fruchtig, mit ausgewogener Bitterkeit und Sch\u00e4rfe; mittlere Intensit\u00e4t.<\/p>\n<p><img decoding=\"async\" class=\"alignnone wp-image-1221\" src=\"https:\/\/olje-morgan.si\/wp-content\/uploads\/2025\/09\/vonj.png\" alt=\"\" width=\"50\" height=\"50\" srcset=\"https:\/\/olje-morgan.si\/wp-content\/uploads\/2025\/09\/vonj.png 252w, https:\/\/olje-morgan.si\/wp-content\/uploads\/2025\/09\/vonj-150x150.png 150w, https:\/\/olje-morgan.si\/wp-content\/uploads\/2025\/09\/vonj-100x100.png 100w\" sizes=\"(max-width: 50px) 100vw, 50px\" \/> <strong>Duft:<\/strong> erinnert an frisch geschnittenes Gras, mit feinen fruchtigen Noten.<\/p>\n<p><img loading=\"lazy\" decoding=\"async\" class=\"alignnone wp-image-1220\" src=\"https:\/\/olje-morgan.si\/wp-content\/uploads\/2025\/09\/pikantnost.png\" alt=\"\" width=\"50\" height=\"49\" srcset=\"https:\/\/olje-morgan.si\/wp-content\/uploads\/2025\/09\/pikantnost.png 251w, https:\/\/olje-morgan.si\/wp-content\/uploads\/2025\/09\/pikantnost-150x150.png 150w, https:\/\/olje-morgan.si\/wp-content\/uploads\/2025\/09\/pikantnost-100x100.png 100w\" sizes=\"(max-width: 50px) 100vw, 50px\" \/> <strong>Sch\u00e4rfe:<\/strong> m\u00e4\u00dfig, sch\u00f6n harmonisch verteilt.<\/p>\n<p><strong><em>*Flasche: <\/em><\/strong>1,5 <em>L<\/em><\/p>\n","protected":false},"featured_media":4357,"comment_status":"open","ping_status":"closed","template":"","meta":[],"product_brand":[],"product_cat":[90],"product_tag":[],"class_list":{"0":"post-4356","1":"product","2":"type-product","3":"status-publish","4":"has-post-thumbnail","6":"product_cat-geschenke","8":"first","9":"instock","10":"shipping-taxable","11":"purchasable","12":"product-type-simple"},"_links":{"self":[{"href":"https:\/\/olje-morgan.si\/de\/wp-json\/wp\/v2\/product\/4356","targetHints":{"allow":["GET"]}}],"collection":[{"href":"https:\/\/olje-morgan.si\/de\/wp-json\/wp\/v2\/product"}],"about":[{"href":"https:\/\/olje-morgan.si\/de\/wp-json\/wp\/v2\/types\/product"}],"replies":[{"embeddable":true,"href":"https:\/\/olje-morgan.si\/de\/wp-json\/wp\/v2\/comments?post=4356"}],"wp:featuredmedia":[{"embeddable":true,"href":"https:\/\/olje-morgan.si\/de\/wp-json\/wp\/v2\/media\/4357"}],"wp:attachment":[{"href":"https:\/\/olje-morgan.si\/de\/wp-json\/wp\/v2\/media?parent=4356"}],"wp:term":[{"taxonomy":"product_brand","embeddable":true,"href":"https:\/\/olje-morgan.si\/de\/wp-json\/wp\/v2\/product_brand?post=4356"},{"taxonomy":"product_cat","embeddable":true,"href":"https:\/\/olje-morgan.si\/de\/wp-json\/wp\/v2\/product_cat?post=4356"},{"taxonomy":"product_tag","embeddable":true,"href":"https:\/\/olje-morgan.si\/de\/wp-json\/wp\/v2\/product_tag?post=4356"}],"curies":[{"name":"wp","href":"https:\/\/api.w.org\/{rel}","templated":true}]}}