{"id":4461,"date":"2025-09-04T21:15:25","date_gmt":"2025-09-04T20:15:25","guid":{"rendered":"https:\/\/dev.olje-morgan.si\/izdelek\/darilni-bon-1-30e\/"},"modified":"2025-11-12T20:00:40","modified_gmt":"2025-11-12T19:00:40","slug":"geschenkgutschein","status":"publish","type":"product","link":"https:\/\/olje-morgan.si\/de\/produkt\/geschenkgutschein\/","title":{"rendered":"Geschenkgutschein"},"content":{"rendered":"","protected":false},"excerpt":{"rendered":"<p><strong><span style=\"color: #000000;\">Geschenkgutschein<\/span><\/strong><\/p>\n<p data-start=\"449\" data-end=\"754\">Ein Geschenkgutschein f\u00fcr Oliven\u00f6l, andere Produkte aus dem Gesch\u00e4ft oder eine Verkostung ist eine ausgezeichnete Wahl, wenn Sie jemandem erstklassige Aromen und volle Entscheidungsfreiheit schenken m\u00f6chten. Ein elegantes und praktisches Geschenk, das alle Feinschmecker zu jeder Gelegenheit begeistert.<\/p>\n<p data-start=\"756\" data-end=\"807\">Der Gutschein ist ein Jahr ab dem Kaufdatum g\u00fcltig.<\/p>\n","protected":false},"featured_media":4463,"comment_status":"closed","ping_status":"closed","template":"","meta":[],"product_brand":[],"product_cat":[90],"product_tag":[],"class_list":{"0":"post-4461","1":"product","2":"type-product","3":"status-publish","4":"has-post-thumbnail","6":"product_cat-geschenke","8":"first","9":"instock","10":"shipping-taxable","11":"purchasable","12":"product-type-variable"},"_links":{"self":[{"href":"https:\/\/olje-morgan.si\/de\/wp-json\/wp\/v2\/product\/4461","targetHints":{"allow":["GET"]}}],"collection":[{"href":"https:\/\/olje-morgan.si\/de\/wp-json\/wp\/v2\/product"}],"about":[{"href":"https:\/\/olje-morgan.si\/de\/wp-json\/wp\/v2\/types\/product"}],"replies":[{"embeddable":true,"href":"https:\/\/olje-morgan.si\/de\/wp-json\/wp\/v2\/comments?post=4461"}],"wp:featuredmedia":[{"embeddable":true,"href":"https:\/\/olje-morgan.si\/de\/wp-json\/wp\/v2\/media\/4463"}],"wp:attachment":[{"href":"https:\/\/olje-morgan.si\/de\/wp-json\/wp\/v2\/media?parent=4461"}],"wp:term":[{"taxonomy":"product_brand","embeddable":true,"href":"https:\/\/olje-morgan.si\/de\/wp-json\/wp\/v2\/product_brand?post=4461"},{"taxonomy":"product_cat","embeddable":true,"href":"https:\/\/olje-morgan.si\/de\/wp-json\/wp\/v2\/product_cat?post=4461"},{"taxonomy":"product_tag","embeddable":true,"href":"https:\/\/olje-morgan.si\/de\/wp-json\/wp\/v2\/product_tag?post=4461"}],"curies":[{"name":"wp","href":"https:\/\/api.w.org\/{rel}","templated":true}]}}