{"id":4538,"date":"2025-09-04T21:14:52","date_gmt":"2025-09-04T20:14:52","guid":{"rendered":"https:\/\/dev.olje-morgan.si\/izdelek\/solni-paket\/"},"modified":"2025-11-12T20:39:24","modified_gmt":"2025-11-12T19:39:24","slug":"salzpaket","status":"publish","type":"product","link":"https:\/\/olje-morgan.si\/de\/produkt\/salzpaket\/","title":{"rendered":"Salzpaket"},"content":{"rendered":"","protected":false},"excerpt":{"rendered":"<p><span style=\"color: #99cc00;\"><strong>Natives Oliven\u00f6l extra Blend<\/strong><\/span><\/p>\n<p><img decoding=\"async\" class=\"alignnone wp-image-1222\" src=\"https:\/\/olje-morgan.si\/wp-content\/uploads\/2025\/09\/okus.png\" alt=\"\" width=\"50\" height=\"49\" srcset=\"https:\/\/olje-morgan.si\/wp-content\/uploads\/2025\/09\/okus.png 251w, https:\/\/olje-morgan.si\/wp-content\/uploads\/2025\/09\/okus-150x150.png 150w, https:\/\/olje-morgan.si\/wp-content\/uploads\/2025\/09\/okus-100x100.png 100w\" sizes=\"(max-width: 50px) 100vw, 50px\" \/> <strong>Geschmack:<\/strong> frisch und fruchtig, mit ausgewogener Bitterkeit und Sch\u00e4rfe; mittlere Intensit\u00e4t.<\/p>\n<p><img decoding=\"async\" class=\"alignnone wp-image-1221\" src=\"https:\/\/olje-morgan.si\/wp-content\/uploads\/2025\/09\/vonj.png\" alt=\"\" width=\"50\" height=\"50\" srcset=\"https:\/\/olje-morgan.si\/wp-content\/uploads\/2025\/09\/vonj.png 252w, https:\/\/olje-morgan.si\/wp-content\/uploads\/2025\/09\/vonj-150x150.png 150w, https:\/\/olje-morgan.si\/wp-content\/uploads\/2025\/09\/vonj-100x100.png 100w\" sizes=\"(max-width: 50px) 100vw, 50px\" \/> <strong>Duft:<\/strong> erinnert an frisch geschnittenes Gras, mit feinen fruchtigen Noten.<\/p>\n<p><img decoding=\"async\" class=\"alignnone wp-image-1220\" src=\"https:\/\/olje-morgan.si\/wp-content\/uploads\/2025\/09\/pikantnost.png\" alt=\"\" width=\"50\" height=\"49\" srcset=\"https:\/\/olje-morgan.si\/wp-content\/uploads\/2025\/09\/pikantnost.png 251w, https:\/\/olje-morgan.si\/wp-content\/uploads\/2025\/09\/pikantnost-150x150.png 150w, https:\/\/olje-morgan.si\/wp-content\/uploads\/2025\/09\/pikantnost-100x100.png 100w\" sizes=\"(max-width: 50px) 100vw, 50px\" \/> <strong>Sch\u00e4rfe:<\/strong> m\u00e4\u00dfig, sch\u00f6n harmonisch verteilt.<\/p>\n<p><em><strong>*Flasche: <\/strong>250 ml<\/em><\/p>\n<p><span style=\"color: #00ccff;\"><strong>Olivenschokolade mit Salzblume<\/strong><\/span><\/p>\n<p>Diese 60%ige Zartbitterschokolade mit nativem Oliven\u00f6l extra und Salzblume verw\u00f6hnt mit einem reichen, ausgewogenen Geschmack und feinen Aromen. Von Hand aus vollst\u00e4ndig nat\u00fcrlichen, hochwertigen Zutaten hergestellt, bietet sie eine einzigartige Kombination aus seidiger Textur und einer zarten salzigen Note. Eine wahre Delikatesse f\u00fcr Feinschmecker, die etwas ganz Besonderes suchen.<\/p>\n<p><em><strong>* Nettogewicht:<\/strong>\u00a0100 g<\/em><\/p>\n","protected":false},"featured_media":4539,"comment_status":"open","ping_status":"closed","template":"","meta":[],"product_brand":[],"product_cat":[90],"product_tag":[],"class_list":{"0":"post-4538","1":"product","2":"type-product","3":"status-publish","4":"has-post-thumbnail","6":"product_cat-geschenke","8":"first","9":"outofstock","10":"shipping-taxable","11":"purchasable","12":"product-type-simple"},"_links":{"self":[{"href":"https:\/\/olje-morgan.si\/de\/wp-json\/wp\/v2\/product\/4538","targetHints":{"allow":["GET"]}}],"collection":[{"href":"https:\/\/olje-morgan.si\/de\/wp-json\/wp\/v2\/product"}],"about":[{"href":"https:\/\/olje-morgan.si\/de\/wp-json\/wp\/v2\/types\/product"}],"replies":[{"embeddable":true,"href":"https:\/\/olje-morgan.si\/de\/wp-json\/wp\/v2\/comments?post=4538"}],"wp:featuredmedia":[{"embeddable":true,"href":"https:\/\/olje-morgan.si\/de\/wp-json\/wp\/v2\/media\/4539"}],"wp:attachment":[{"href":"https:\/\/olje-morgan.si\/de\/wp-json\/wp\/v2\/media?parent=4538"}],"wp:term":[{"taxonomy":"product_brand","embeddable":true,"href":"https:\/\/olje-morgan.si\/de\/wp-json\/wp\/v2\/product_brand?post=4538"},{"taxonomy":"product_cat","embeddable":true,"href":"https:\/\/olje-morgan.si\/de\/wp-json\/wp\/v2\/product_cat?post=4538"},{"taxonomy":"product_tag","embeddable":true,"href":"https:\/\/olje-morgan.si\/de\/wp-json\/wp\/v2\/product_tag?post=4538"}],"curies":[{"name":"wp","href":"https:\/\/api.w.org\/{rel}","templated":true}]}}