{"id":4544,"date":"2025-09-04T21:14:30","date_gmt":"2025-09-04T20:14:30","guid":{"rendered":"https:\/\/dev.olje-morgan.si\/izdelek\/tartufov-paket\/"},"modified":"2025-11-12T20:41:48","modified_gmt":"2025-11-12T19:41:48","slug":"trueffelpaket","status":"publish","type":"product","link":"https:\/\/olje-morgan.si\/de\/produkt\/trueffelpaket\/","title":{"rendered":"Tr\u00fcffelpaket"},"content":{"rendered":"","protected":false},"excerpt":{"rendered":"<p><span style=\"color: #994b3d;\"><strong>Natives Oliven\u00f6l extra mit Tr\u00fcffel<\/strong><\/span><\/p>\n<p><img decoding=\"async\" class=\"alignnone wp-image-1222\" src=\"https:\/\/olje-morgan.si\/wp-content\/uploads\/2025\/09\/okus.png\" alt=\"\" width=\"50\" height=\"49\" srcset=\"https:\/\/olje-morgan.si\/wp-content\/uploads\/2025\/09\/okus.png 251w, https:\/\/olje-morgan.si\/wp-content\/uploads\/2025\/09\/okus-150x150.png 150w, https:\/\/olje-morgan.si\/wp-content\/uploads\/2025\/09\/okus-100x100.png 100w\" sizes=\"(max-width: 50px) 100vw, 50px\" \/> <strong>Geschmack:<\/strong> reichhaltig, erdig, mit dem charakteristischen Aroma von wei\u00dfem Tr\u00fcffel.<\/p>\n<p><img decoding=\"async\" class=\"alignnone wp-image-1221\" src=\"https:\/\/olje-morgan.si\/wp-content\/uploads\/2025\/09\/vonj.png\" alt=\"\" width=\"50\" height=\"50\" srcset=\"https:\/\/olje-morgan.si\/wp-content\/uploads\/2025\/09\/vonj.png 252w, https:\/\/olje-morgan.si\/wp-content\/uploads\/2025\/09\/vonj-150x150.png 150w, https:\/\/olje-morgan.si\/wp-content\/uploads\/2025\/09\/vonj-100x100.png 100w\" sizes=\"(max-width: 50px) 100vw, 50px\" \/> <strong>Geruch:<\/strong> reichhaltig, erdig, mit dem charakteristischen Aroma von wei\u00dfem Tr\u00fcffel.<\/p>\n<p><img decoding=\"async\" class=\"alignnone wp-image-1220\" src=\"https:\/\/olje-morgan.si\/wp-content\/uploads\/2025\/09\/pikantnost.png\" alt=\"\" width=\"50\" height=\"49\" srcset=\"https:\/\/olje-morgan.si\/wp-content\/uploads\/2025\/09\/pikantnost.png 251w, https:\/\/olje-morgan.si\/wp-content\/uploads\/2025\/09\/pikantnost-150x150.png 150w, https:\/\/olje-morgan.si\/wp-content\/uploads\/2025\/09\/pikantnost-100x100.png 100w\" sizes=\"(max-width: 50px) 100vw, 50px\" \/> <strong>Sch\u00e4rfe:<\/strong> moderat, die Olivenbasis verbindet sich mit dem Tr\u00fcffelaroma.<\/p>\n<p><em><strong>*Flasche:<\/strong> 250 ml<\/em><\/p>\n<p><span style=\"color: #993300;\"><strong>Olivenschokolade mit Tr\u00fcffel<\/strong><\/span><\/p>\n<p>Die Oliven\u00f6lschokolade mit Tr\u00fcffelgeschmack ist eine 60-prozentige Zartbitterschokolade. Sie wird aus rein nat\u00fcrlichen, hochwertigen Zutaten mit raffinierten Aromen hergestellt, die ihr einen ausgepr\u00e4gten und einzigartigen Gourmet-Charakter verleihen. Ein wahrer Genuss f\u00fcr Liebhaber k\u00fchner und raffinierter Geschm\u00e4cker.<\/p>\n<p><em><strong>* Nettof\u00fcllmenge:<\/strong> 100 g<\/em><\/p>\n","protected":false},"featured_media":4545,"comment_status":"open","ping_status":"closed","template":"","meta":[],"product_brand":[],"product_cat":[90],"product_tag":[],"class_list":{"0":"post-4544","1":"product","2":"type-product","3":"status-publish","4":"has-post-thumbnail","6":"product_cat-geschenke","8":"first","9":"outofstock","10":"shipping-taxable","11":"purchasable","12":"product-type-simple"},"_links":{"self":[{"href":"https:\/\/olje-morgan.si\/de\/wp-json\/wp\/v2\/product\/4544","targetHints":{"allow":["GET"]}}],"collection":[{"href":"https:\/\/olje-morgan.si\/de\/wp-json\/wp\/v2\/product"}],"about":[{"href":"https:\/\/olje-morgan.si\/de\/wp-json\/wp\/v2\/types\/product"}],"replies":[{"embeddable":true,"href":"https:\/\/olje-morgan.si\/de\/wp-json\/wp\/v2\/comments?post=4544"}],"wp:featuredmedia":[{"embeddable":true,"href":"https:\/\/olje-morgan.si\/de\/wp-json\/wp\/v2\/media\/4545"}],"wp:attachment":[{"href":"https:\/\/olje-morgan.si\/de\/wp-json\/wp\/v2\/media?parent=4544"}],"wp:term":[{"taxonomy":"product_brand","embeddable":true,"href":"https:\/\/olje-morgan.si\/de\/wp-json\/wp\/v2\/product_brand?post=4544"},{"taxonomy":"product_cat","embeddable":true,"href":"https:\/\/olje-morgan.si\/de\/wp-json\/wp\/v2\/product_cat?post=4544"},{"taxonomy":"product_tag","embeddable":true,"href":"https:\/\/olje-morgan.si\/de\/wp-json\/wp\/v2\/product_tag?post=4544"}],"curies":[{"name":"wp","href":"https:\/\/api.w.org\/{rel}","templated":true}]}}