{"id":4585,"date":"2025-09-04T21:14:30","date_gmt":"2025-09-04T20:14:30","guid":{"rendered":"https:\/\/dev.olje-morgan.si\/izdelek\/lesena-skatla\/"},"modified":"2025-11-12T17:09:38","modified_gmt":"2025-11-12T16:09:38","slug":"eine-holzkiste","status":"publish","type":"product","link":"https:\/\/olje-morgan.si\/de\/produkt\/eine-holzkiste\/","title":{"rendered":"Eine Holzkiste"},"content":{"rendered":"","protected":false},"excerpt":{"rendered":"<p class=\"qodef-woo-product-title product_title entry-title\"><strong>Eine Holzkiste<\/strong><\/p>\n<p data-start=\"831\" data-end=\"888\">Sie k\u00f6nnen ein oder zwei Oliven\u00f6le Ihrer Wahl einf\u00fcgen.<\/p>\n<p data-start=\"890\" data-end=\"1154\">Oliven\u00f6l sowie Produkte aus Oliven und Oliven\u00f6l sind ein ausgezeichnetes Geschenk f\u00fcr jeden Anlass. Unsere biologischen Erzeugnisse stehen f\u00fcr Gesundheit, sind eine der Grundlagen der Langlebigkeit und ein hervorragendes Aush\u00e4ngeschild unserer istrischen Region.<\/p>\n<p data-start=\"1156\" data-end=\"1423\">Alle Produkte sind biologisch hergestellt. Mit der Wahl eines Geschenks in Form von Olivenprodukten k\u00f6nnen Sie kaum etwas falsch machen, denn Oliven\u00f6l steht f\u00fcr Gesundheit, ein langes Leben und ist vor allem ein hervorragendes Produkt unseres slowenischen Istriens.<\/p>\n<p data-start=\"1425\" data-end=\"1482\"><strong>Lesen Sie unten die Gr\u00f6\u00dfenempfehlung f\u00fcr die Schachtel!<\/strong><\/p>\n<p data-start=\"1484\" data-end=\"1623\"><strong data-start=\"1484\" data-end=\"1494\">Klein:<\/strong> Geeignet f\u00fcr 2 Flaschen \u00e0 0,10 L.<br data-start=\"1528\" data-end=\"1531\" \/><strong data-start=\"1531\" data-end=\"1542\">Mittel:<\/strong> Geeignet f\u00fcr 2 Flaschen \u00e0 0,25 L.<br data-start=\"1576\" data-end=\"1579\" \/><strong data-start=\"1579\" data-end=\"1588\">Gro\u00df:<\/strong> Geeignet f\u00fcr 1 Flasche \u00e0 0,50 L.<\/p>\n","protected":false},"featured_media":4586,"comment_status":"open","ping_status":"closed","template":"","meta":[],"product_brand":[],"product_cat":[105],"product_tag":[],"class_list":{"0":"post-4585","1":"product","2":"type-product","3":"status-publish","4":"has-post-thumbnail","6":"product_cat-verpackung","7":"pa_skatla-velika","8":"pa_skatla-majhna","9":"pa_skatla-srednja","11":"first","12":"instock","13":"shipping-taxable","14":"purchasable","15":"product-type-variable"},"_links":{"self":[{"href":"https:\/\/olje-morgan.si\/de\/wp-json\/wp\/v2\/product\/4585","targetHints":{"allow":["GET"]}}],"collection":[{"href":"https:\/\/olje-morgan.si\/de\/wp-json\/wp\/v2\/product"}],"about":[{"href":"https:\/\/olje-morgan.si\/de\/wp-json\/wp\/v2\/types\/product"}],"replies":[{"embeddable":true,"href":"https:\/\/olje-morgan.si\/de\/wp-json\/wp\/v2\/comments?post=4585"}],"wp:featuredmedia":[{"embeddable":true,"href":"https:\/\/olje-morgan.si\/de\/wp-json\/wp\/v2\/media\/4586"}],"wp:attachment":[{"href":"https:\/\/olje-morgan.si\/de\/wp-json\/wp\/v2\/media?parent=4585"}],"wp:term":[{"taxonomy":"product_brand","embeddable":true,"href":"https:\/\/olje-morgan.si\/de\/wp-json\/wp\/v2\/product_brand?post=4585"},{"taxonomy":"product_cat","embeddable":true,"href":"https:\/\/olje-morgan.si\/de\/wp-json\/wp\/v2\/product_cat?post=4585"},{"taxonomy":"product_tag","embeddable":true,"href":"https:\/\/olje-morgan.si\/de\/wp-json\/wp\/v2\/product_tag?post=4585"}],"curies":[{"name":"wp","href":"https:\/\/api.w.org\/{rel}","templated":true}]}}