{"id":4637,"date":"2025-09-04T21:15:12","date_gmt":"2025-09-04T20:15:12","guid":{"rendered":"https:\/\/dev.olje-morgan.si\/izdelek\/hidrolat-sivke-razprsilka\/"},"modified":"2025-11-18T10:22:33","modified_gmt":"2025-11-18T09:22:33","slug":"spruehgeraet","status":"publish","type":"product","link":"https:\/\/olje-morgan.si\/de\/produkt\/spruehgeraet\/","title":{"rendered":"Spr\u00fchger\u00e4t"},"content":{"rendered":"","protected":false},"excerpt":{"rendered":"<p><span style=\"color: #ffcc99;\"><strong>Spr\u00fchger\u00e4t <\/strong><\/span><\/p>\n<p data-start=\"703\" data-end=\"851\"><strong data-start=\"703\" data-end=\"717\">Anwendung:\u00a0<\/strong>Der nat\u00fcrliche Hydrolat in der Spr\u00fchflasche ist ein sanftes Bl\u00fctenwasser, das durch Dampfdestillation von Pflanzen gewonnen wird. Es wirkt als erfrischender Toner, der die Haut beruhigt, mit Feuchtigkeit versorgt und regeneriert. Dank seiner leichten Formel eignet es sich f\u00fcr die t\u00e4gliche Pflege aller Hauttypen, auch der empfindlichsten. Es kann zudem zur Auffrischung von R\u00e4umen verwendet werden.<\/p>\n<p data-start=\"958\" data-end=\"1133\"><strong data-start=\"958\" data-end=\"975\"><strong style=\"font-size: 1rem;\">Hinweise<\/strong><strong style=\"font-size: 1rem;\">:<\/strong> <\/strong>Nur zur \u00e4u\u00dferen Anwendung. Kontakt mit den Augen vermeiden. Nicht f\u00fcr Kinder oder Personen geeignet, die empfindlich auf einen der Inhaltsstoffe reagieren.<\/p>\n<p data-start=\"1135\" data-end=\"1179\"><strong data-start=\"1135\" data-end=\"1148\">Aufbewahrung: <\/strong>K\u00fchl und dunkel aufbewahren.<\/p>\n<p data-start=\"1181\" data-end=\"1199\"><em><strong data-start=\"1181\" data-end=\"1192\">*Inhalt:<\/strong> 150 ml<\/em><\/p>\n","protected":false},"featured_media":5432,"comment_status":"open","ping_status":"closed","template":"","meta":[],"product_brand":[],"product_cat":[133],"product_tag":[],"class_list":{"0":"post-4637","1":"product","2":"type-product","3":"status-publish","4":"has-post-thumbnail","6":"product_cat-kosmetik","8":"first","9":"instock","10":"shipping-taxable","11":"purchasable","12":"product-type-variable"},"_links":{"self":[{"href":"https:\/\/olje-morgan.si\/de\/wp-json\/wp\/v2\/product\/4637","targetHints":{"allow":["GET"]}}],"collection":[{"href":"https:\/\/olje-morgan.si\/de\/wp-json\/wp\/v2\/product"}],"about":[{"href":"https:\/\/olje-morgan.si\/de\/wp-json\/wp\/v2\/types\/product"}],"replies":[{"embeddable":true,"href":"https:\/\/olje-morgan.si\/de\/wp-json\/wp\/v2\/comments?post=4637"}],"wp:featuredmedia":[{"embeddable":true,"href":"https:\/\/olje-morgan.si\/de\/wp-json\/wp\/v2\/media\/5432"}],"wp:attachment":[{"href":"https:\/\/olje-morgan.si\/de\/wp-json\/wp\/v2\/media?parent=4637"}],"wp:term":[{"taxonomy":"product_brand","embeddable":true,"href":"https:\/\/olje-morgan.si\/de\/wp-json\/wp\/v2\/product_brand?post=4637"},{"taxonomy":"product_cat","embeddable":true,"href":"https:\/\/olje-morgan.si\/de\/wp-json\/wp\/v2\/product_cat?post=4637"},{"taxonomy":"product_tag","embeddable":true,"href":"https:\/\/olje-morgan.si\/de\/wp-json\/wp\/v2\/product_tag?post=4637"}],"curies":[{"name":"wp","href":"https:\/\/api.w.org\/{rel}","templated":true}]}}