{"id":4651,"date":"2025-09-04T21:15:12","date_gmt":"2025-09-04T20:15:12","guid":{"rendered":"https:\/\/dev.olje-morgan.si\/izdelek\/dezodorant-sivka\/"},"modified":"2025-11-18T10:06:49","modified_gmt":"2025-11-18T09:06:49","slug":"deodorant","status":"publish","type":"product","link":"https:\/\/olje-morgan.si\/de\/produkt\/deodorant\/","title":{"rendered":"Deodorant"},"content":{"rendered":"","protected":false},"excerpt":{"rendered":"<div>\n<p><span style=\"color: #ffcc99;\"><strong>Deodorant\u00a0<\/strong><\/span><\/p>\n<p data-start=\"1052\" data-end=\"1399\"><strong data-start=\"1052\" data-end=\"1066\">Anwendung: <\/strong>Das nat\u00fcrliche Deodorant ist f\u00fcr einen effektiven, aber hautfreundlichen Schutz vor unangenehmem Geruch entwickelt. Mithilfe nat\u00fcrlicher Inhaltsstoffe reguliert es die Feuchtigkeit, neutralisiert Ger\u00fcche und pflegt die empfindliche Achselhaut &#8211; ganz ohne aggressive Chemikalien und Aluminiumsalze.<\/p>\n<p data-start=\"1401\" data-end=\"1502\"><strong data-start=\"1401\" data-end=\"1438\">Inhaltsstoffe \u2013 49 % BIO: <\/strong>Neben Oliven\u00f6l enth\u00e4lt das Deodorant auch Kokos\u00f6l und Natron.<\/p>\n<p data-start=\"1504\" data-end=\"1689\"><strong data-start=\"1504\" data-end=\"1513\">INCI:<\/strong>Cocos Nucifera Seed Oil*, Sodium Bicarbonate, Zea Mays Starch, Cera Alba*, Olea Europaea Fruit Oil*, Lavandula Angustifolia Flower Oil<br data-start=\"1650\" data-end=\"1653\" \/>*organisches<\/p>\n<p data-start=\"1691\" data-end=\"1866\"><strong data-start=\"1691\" data-end=\"1708\">Hinweise: <\/strong>Nur zur \u00e4u\u00dferen Anwendung. Kontakt mit den Augen vermeiden. Nicht f\u00fcr Kinder oder Personen geeignet, die empfindlich auf einen der Inhaltsstoffe reagieren.<\/p>\n<p data-start=\"1868\" data-end=\"1912\"><strong>Aufbewahrung:<\/strong> K\u00fchl und dunkel aufbewahren.<\/p>\n<p data-start=\"1914\" data-end=\"1931\"><em><strong data-start=\"1914\" data-end=\"1925\">*Inhalt:<\/strong> 50 ml<\/em><\/p>\n<\/div>\n<p>&nbsp;<\/p>\n","protected":false},"featured_media":5441,"comment_status":"open","ping_status":"closed","template":"","meta":[],"product_brand":[],"product_cat":[133],"product_tag":[],"class_list":{"0":"post-4651","1":"product","2":"type-product","3":"status-publish","4":"has-post-thumbnail","6":"product_cat-kosmetik","8":"first","9":"instock","10":"sale","11":"shipping-taxable","12":"purchasable","13":"product-type-variable"},"_links":{"self":[{"href":"https:\/\/olje-morgan.si\/de\/wp-json\/wp\/v2\/product\/4651","targetHints":{"allow":["GET"]}}],"collection":[{"href":"https:\/\/olje-morgan.si\/de\/wp-json\/wp\/v2\/product"}],"about":[{"href":"https:\/\/olje-morgan.si\/de\/wp-json\/wp\/v2\/types\/product"}],"replies":[{"embeddable":true,"href":"https:\/\/olje-morgan.si\/de\/wp-json\/wp\/v2\/comments?post=4651"}],"wp:featuredmedia":[{"embeddable":true,"href":"https:\/\/olje-morgan.si\/de\/wp-json\/wp\/v2\/media\/5441"}],"wp:attachment":[{"href":"https:\/\/olje-morgan.si\/de\/wp-json\/wp\/v2\/media?parent=4651"}],"wp:term":[{"taxonomy":"product_brand","embeddable":true,"href":"https:\/\/olje-morgan.si\/de\/wp-json\/wp\/v2\/product_brand?post=4651"},{"taxonomy":"product_cat","embeddable":true,"href":"https:\/\/olje-morgan.si\/de\/wp-json\/wp\/v2\/product_cat?post=4651"},{"taxonomy":"product_tag","embeddable":true,"href":"https:\/\/olje-morgan.si\/de\/wp-json\/wp\/v2\/product_tag?post=4651"}],"curies":[{"name":"wp","href":"https:\/\/api.w.org\/{rel}","templated":true}]}}