{"id":4752,"date":"2025-09-04T21:14:53","date_gmt":"2025-09-04T20:14:53","guid":{"rendered":"https:\/\/dev.olje-morgan.si\/izdelek\/piling-za-telo-vrtnica\/"},"modified":"2025-11-18T10:27:29","modified_gmt":"2025-11-18T09:27:29","slug":"koerperpeeling","status":"publish","type":"product","link":"https:\/\/olje-morgan.si\/de\/produkt\/koerperpeeling\/","title":{"rendered":"K\u00f6rperpeeling"},"content":{"rendered":"","protected":false},"excerpt":{"rendered":"<p><span style=\"color: #ffcc99;\"><strong>K\u00f6rperpeeling\u00a0<\/strong><\/span><\/p>\n<p data-start=\"1053\" data-end=\"1379\"><strong data-start=\"1053\" data-end=\"1067\">Anwendung:\u00a0<\/strong>Das nat\u00fcrliche Peeling mit Meersalz ist f\u00fcr eine tiefenreinigende und erfrischende Pflege der Haut entwickelt. Die K\u00f6rner des Meersalzes entfernen sanft abgestorbene Hautzellen, w\u00e4hrend pflanzliche \u00d6le und Kr\u00e4uterextrakte die Haut n\u00e4hren, weich machen und ihren nat\u00fcrlichen Glanz zur\u00fcckgeben.<\/p>\n<p data-start=\"1745\" data-end=\"1920\"><strong data-start=\"1745\" data-end=\"1762\">Aufbewahrung: <\/strong>Nur zur \u00e4u\u00dferen Anwendung. Kontakt mit den Augen vermeiden. Nicht f\u00fcr Kinder oder Personen geeignet, die empfindlich auf einen der Inhaltsstoffe reagieren.<\/p>\n<p data-start=\"1922\" data-end=\"1966\"><strong data-start=\"1922\" data-end=\"1935\">Lagerung: <\/strong>K\u00fchl und dunkel aufbewahren.<\/p>\n<p data-start=\"1968\" data-end=\"1986\"><em><strong data-start=\"1968\" data-end=\"1979\">*Inhalt:<\/strong> 150 ml<\/em><\/p>\n","protected":false},"featured_media":5360,"comment_status":"open","ping_status":"closed","template":"","meta":[],"product_brand":[],"product_cat":[133],"product_tag":[],"class_list":{"0":"post-4752","1":"product","2":"type-product","3":"status-publish","4":"has-post-thumbnail","6":"product_cat-kosmetik","8":"first","9":"instock","10":"sale","11":"shipping-taxable","12":"purchasable","13":"product-type-variable"},"_links":{"self":[{"href":"https:\/\/olje-morgan.si\/de\/wp-json\/wp\/v2\/product\/4752","targetHints":{"allow":["GET"]}}],"collection":[{"href":"https:\/\/olje-morgan.si\/de\/wp-json\/wp\/v2\/product"}],"about":[{"href":"https:\/\/olje-morgan.si\/de\/wp-json\/wp\/v2\/types\/product"}],"replies":[{"embeddable":true,"href":"https:\/\/olje-morgan.si\/de\/wp-json\/wp\/v2\/comments?post=4752"}],"wp:featuredmedia":[{"embeddable":true,"href":"https:\/\/olje-morgan.si\/de\/wp-json\/wp\/v2\/media\/5360"}],"wp:attachment":[{"href":"https:\/\/olje-morgan.si\/de\/wp-json\/wp\/v2\/media?parent=4752"}],"wp:term":[{"taxonomy":"product_brand","embeddable":true,"href":"https:\/\/olje-morgan.si\/de\/wp-json\/wp\/v2\/product_brand?post=4752"},{"taxonomy":"product_cat","embeddable":true,"href":"https:\/\/olje-morgan.si\/de\/wp-json\/wp\/v2\/product_cat?post=4752"},{"taxonomy":"product_tag","embeddable":true,"href":"https:\/\/olje-morgan.si\/de\/wp-json\/wp\/v2\/product_tag?post=4752"}],"curies":[{"name":"wp","href":"https:\/\/api.w.org\/{rel}","templated":true}]}}