{"id":4772,"date":"2025-09-04T21:14:53","date_gmt":"2025-09-04T20:14:53","guid":{"rendered":"https:\/\/dev.olje-morgan.si\/izdelek\/kopalna-sol-agrumi-250ml\/"},"modified":"2025-11-18T11:21:05","modified_gmt":"2025-11-18T10:21:05","slug":"badesalz","status":"publish","type":"product","link":"https:\/\/olje-morgan.si\/de\/produkt\/badesalz\/","title":{"rendered":"Badesalz"},"content":{"rendered":"","protected":false},"excerpt":{"rendered":"<p><span style=\"color: #ffcc99;\"><strong>Badesalz<\/strong><\/span><\/p>\n<p data-start=\"841\" data-end=\"991\"><strong data-start=\"841\" data-end=\"855\">Anwendung:\u00a0<\/strong>Das Badesalz ist zur Entspannung von K\u00f6rper und Geist entwickelt. Es wird aus reinem, unraffiniertem Salz hergestellt und mit nat\u00fcrlichen \u00e4therischen \u00d6len und Pflanzenextrakten angereichert, die die Haut sanft, aber wirkungsvoll pflegen.<\/p>\n<p data-start=\"1281\" data-end=\"1456\"><strong data-start=\"1281\" data-end=\"1298\">Hinweise<strong style=\"font-size: 1rem;\">:<\/strong> <\/strong>Nur zur \u00e4u\u00dferen Anwendung. Kontakt mit den Augen vermeiden. Nicht f\u00fcr Kinder oder Personen geeignet, die empfindlich auf einen der Inhaltsstoffe reagieren.<\/p>\n<p data-start=\"1458\" data-end=\"1502\"><strong data-start=\"1458\" data-end=\"1471\">Aufbewahrung: <\/strong>K\u00fchl und dunkel aufbewahren.<\/p>\n<p data-start=\"1504\" data-end=\"1522\"><em><strong data-start=\"1504\" data-end=\"1515\">*Inhalt:<\/strong> 250 ml<\/em><\/p>\n<p>&nbsp;<\/p>\n","protected":false},"featured_media":5436,"comment_status":"open","ping_status":"closed","template":"","meta":[],"product_brand":[],"product_cat":[133],"product_tag":[],"class_list":{"0":"post-4772","1":"product","2":"type-product","3":"status-publish","4":"has-post-thumbnail","6":"product_cat-kosmetik","8":"first","9":"instock","10":"sale","11":"shipping-taxable","12":"purchasable","13":"product-type-variable"},"_links":{"self":[{"href":"https:\/\/olje-morgan.si\/de\/wp-json\/wp\/v2\/product\/4772","targetHints":{"allow":["GET"]}}],"collection":[{"href":"https:\/\/olje-morgan.si\/de\/wp-json\/wp\/v2\/product"}],"about":[{"href":"https:\/\/olje-morgan.si\/de\/wp-json\/wp\/v2\/types\/product"}],"replies":[{"embeddable":true,"href":"https:\/\/olje-morgan.si\/de\/wp-json\/wp\/v2\/comments?post=4772"}],"wp:featuredmedia":[{"embeddable":true,"href":"https:\/\/olje-morgan.si\/de\/wp-json\/wp\/v2\/media\/5436"}],"wp:attachment":[{"href":"https:\/\/olje-morgan.si\/de\/wp-json\/wp\/v2\/media?parent=4772"}],"wp:term":[{"taxonomy":"product_brand","embeddable":true,"href":"https:\/\/olje-morgan.si\/de\/wp-json\/wp\/v2\/product_brand?post=4772"},{"taxonomy":"product_cat","embeddable":true,"href":"https:\/\/olje-morgan.si\/de\/wp-json\/wp\/v2\/product_cat?post=4772"},{"taxonomy":"product_tag","embeddable":true,"href":"https:\/\/olje-morgan.si\/de\/wp-json\/wp\/v2\/product_tag?post=4772"}],"curies":[{"name":"wp","href":"https:\/\/api.w.org\/{rel}","templated":true}]}}