{"id":2249,"date":"2025-08-17T13:33:58","date_gmt":"2025-08-17T12:33:58","guid":{"rendered":"https:\/\/dev.olje-morgan.si\/cart\/"},"modified":"2026-02-28T14:43:01","modified_gmt":"2026-02-28T13:43:01","slug":"cart","status":"publish","type":"page","link":"https:\/\/olje-morgan.si\/en\/cart\/","title":{"rendered":"Cart"},"content":{"rendered":"\t\t<div data-elementor-type=\"wp-page\" data-elementor-id=\"2249\" class=\"elementor elementor-2249 elementor-35\" data-elementor-post-type=\"page\">\n\t\t\t\t<div class=\"elementor-element elementor-element-53d1f0f e-flex e-con-boxed e-con e-parent\" data-id=\"53d1f0f\" data-element_type=\"container\" data-e-type=\"container\">\n\t\t\t\t\t<div class=\"e-con-inner\">\n\t\t\t\t\t<\/div>\n\t\t\t\t<\/div>\n\t\t\t\t<\/div>\n\t\t","protected":false},"excerpt":{"rendered":"<p>Remove item Thumbnail image Product Price Quantity Subtotal &times; Duo Spaghetti 16,00&nbsp;&euro; Duo Spaghetti&nbsp; quantity 16,00&nbsp;&euro; Cart Totals Subtotal 16,00&nbsp;&euro; Shipping Do 2KG: 6,00&nbsp;&euro; Shipping to Zgornje Skofije 94, 6281 6281 \u0160KOFIJE. Change address Country \/ region Select a country \/ region&hellip;AvstrijaBelgijaBolgarijaDanskaEstonijaFinskaFrancijaGr\u010dijaHrva\u0161kaIrskaItalijaLatvijaLitvaLuksemburgMad\u017earskaNem\u010dijaNizozemskaPoljskaPortugalskaRomunijaSlova\u0161kaSlovenija\u010ce\u0161ka Republika\u0160panija\u0160vedska City: Postcode \/ ZIP: Update Total 22,00&nbsp;&euro; Continue to the checkout<\/p>\n","protected":false},"author":1,"featured_media":2252,"parent":0,"menu_order":0,"comment_status":"closed","ping_status":"closed","template":"","meta":{"footnotes":""},"class_list":["post-2249","page","type-page","status-publish","has-post-thumbnail","hentry"],"_links":{"self":[{"href":"https:\/\/olje-morgan.si\/en\/wp-json\/wp\/v2\/pages\/2249","targetHints":{"allow":["GET"]}}],"collection":[{"href":"https:\/\/olje-morgan.si\/en\/wp-json\/wp\/v2\/pages"}],"about":[{"href":"https:\/\/olje-morgan.si\/en\/wp-json\/wp\/v2\/types\/page"}],"author":[{"embeddable":true,"href":"https:\/\/olje-morgan.si\/en\/wp-json\/wp\/v2\/users\/1"}],"replies":[{"embeddable":true,"href":"https:\/\/olje-morgan.si\/en\/wp-json\/wp\/v2\/comments?post=2249"}],"version-history":[{"count":3,"href":"https:\/\/olje-morgan.si\/en\/wp-json\/wp\/v2\/pages\/2249\/revisions"}],"predecessor-version":[{"id":6242,"href":"https:\/\/olje-morgan.si\/en\/wp-json\/wp\/v2\/pages\/2249\/revisions\/6242"}],"wp:featuredmedia":[{"embeddable":true,"href":"https:\/\/olje-morgan.si\/en\/wp-json\/wp\/v2\/media\/2252"}],"wp:attachment":[{"href":"https:\/\/olje-morgan.si\/en\/wp-json\/wp\/v2\/media?parent=2249"}],"curies":[{"name":"wp","href":"https:\/\/api.w.org\/{rel}","templated":true}]}}