{"id":3752,"date":"2025-09-04T21:14:30","date_gmt":"2025-09-04T20:14:30","guid":{"rendered":"https:\/\/dev.olje-morgan.si\/izdelek\/lesena-skatla-050l\/"},"modified":"2025-09-04T21:14:30","modified_gmt":"2025-09-04T20:14:30","slug":"lesena-skatla-050l","status":"publish","type":"product","link":"https:\/\/olje-morgan.si\/en\/product\/lesena-skatla-050l\/","title":{"rendered":"Lesena \u0161katla 0,50L"},"content":{"rendered":"","protected":false},"excerpt":{"rendered":"<p>Lesena \u0161katla v katero lahko vstavite olj\u010dno olje po va\u0161i izbiri.<\/p>\n<p>Olj\u010dno olje in izdelki iz oljk in olj\u010dnega olja so izvrstno darilo za vsako prilo\u017enost. Na\u0161i ekolo\u0161ki pridelki in izdelki simbolizirajo zdravje, so eden temeljev dolgo\u017eivosti in odli\u010dna osebna izkaznica na\u0161ih istrskih krajev.<\/p>\n<p>Vsi proizvodi so ekolo\u0161ko pridelani. Z izbiro darila v obliki olj\u010dnih izdelkov boste te\u017eko zgre\u0161ili, saj olj\u010dno olje simbolizira zdravje, dolgo \u017eivljenje in je predvsem odli\u010den izdelek na\u0161e slovenske Istre.<\/p>\n","protected":false},"featured_media":3753,"comment_status":"open","ping_status":"closed","template":"","meta":[],"product_brand":[],"product_cat":[17],"product_tag":[],"class_list":{"0":"post-3752","1":"product","2":"type-product","3":"status-publish","4":"has-post-thumbnail","6":"product_cat-olivenoel","8":"first","9":"instock","10":"shipping-taxable","11":"purchasable","12":"product-type-simple"},"_links":{"self":[{"href":"https:\/\/olje-morgan.si\/en\/wp-json\/wp\/v2\/product\/3752","targetHints":{"allow":["GET"]}}],"collection":[{"href":"https:\/\/olje-morgan.si\/en\/wp-json\/wp\/v2\/product"}],"about":[{"href":"https:\/\/olje-morgan.si\/en\/wp-json\/wp\/v2\/types\/product"}],"replies":[{"embeddable":true,"href":"https:\/\/olje-morgan.si\/en\/wp-json\/wp\/v2\/comments?post=3752"}],"wp:featuredmedia":[{"embeddable":true,"href":"https:\/\/olje-morgan.si\/en\/wp-json\/wp\/v2\/media\/3753"}],"wp:attachment":[{"href":"https:\/\/olje-morgan.si\/en\/wp-json\/wp\/v2\/media?parent=3752"}],"wp:term":[{"taxonomy":"product_brand","embeddable":true,"href":"https:\/\/olje-morgan.si\/en\/wp-json\/wp\/v2\/product_brand?post=3752"},{"taxonomy":"product_cat","embeddable":true,"href":"https:\/\/olje-morgan.si\/en\/wp-json\/wp\/v2\/product_cat?post=3752"},{"taxonomy":"product_tag","embeddable":true,"href":"https:\/\/olje-morgan.si\/en\/wp-json\/wp\/v2\/product_tag?post=3752"}],"curies":[{"name":"wp","href":"https:\/\/api.w.org\/{rel}","templated":true}]}}