{"id":2269,"date":"2025-08-17T13:33:58","date_gmt":"2025-08-17T12:33:58","guid":{"rendered":"https:\/\/dev.olje-morgan.si\/carrello\/"},"modified":"2026-02-28T14:44:56","modified_gmt":"2026-02-28T13:44:56","slug":"carrello","status":"publish","type":"page","link":"https:\/\/olje-morgan.si\/it\/carrello\/","title":{"rendered":"Carrello"},"content":{"rendered":"\t\t<div data-elementor-type=\"wp-page\" data-elementor-id=\"2269\" class=\"elementor elementor-2269 elementor-35\" data-elementor-post-type=\"page\">\n\t\t\t\t<div class=\"elementor-element elementor-element-53d1f0f e-flex e-con-boxed e-con e-parent\" data-id=\"53d1f0f\" data-element_type=\"container\" data-e-type=\"container\">\n\t\t\t\t\t<div class=\"e-con-inner\">\n\t\t\t\t\t<\/div>\n\t\t\t\t<\/div>\n\t\t\t\t<\/div>\n\t\t","protected":false},"excerpt":{"rendered":"<p>Rimuovi articolo Miniatura immagine Prodotto Prezzo Quantit\u00e0 Subtotale &times; Spaghetti Duo 16,00&nbsp;&euro; Spaghetti Duo&nbsp; quantit\u00e0 16,00&nbsp;&euro; Importo totale del carrello Subtotale 16,00&nbsp;&euro; Spedizione Do 2KG: 6,00&nbsp;&euro; Spedizione a Zgornje Skofije 94, 6281 6281 \u0160KOFIJE. Modifica indirizzo Paese \/ regione Seleziona un paese \/ una regione&hellip;AvstrijaBelgijaBolgarijaDanskaEstonijaFinskaFrancijaGr\u010dijaHrva\u0161kaIrskaItalijaLatvijaLitvaLuksemburgMad\u017earskaNem\u010dijaNizozemskaPoljskaPortugalskaRomunijaSlova\u0161kaSlovenija\u010ce\u0161ka Republika\u0160panija\u0160vedska Citt\u00e0: Codice postale\/CAP: Aggiornamento Totale 22,00&nbsp;&euro; Continua alla cassa<\/p>\n","protected":false},"author":1,"featured_media":2272,"parent":0,"menu_order":0,"comment_status":"closed","ping_status":"closed","template":"","meta":{"footnotes":""},"class_list":["post-2269","page","type-page","status-publish","has-post-thumbnail","hentry"],"_links":{"self":[{"href":"https:\/\/olje-morgan.si\/it\/wp-json\/wp\/v2\/pages\/2269","targetHints":{"allow":["GET"]}}],"collection":[{"href":"https:\/\/olje-morgan.si\/it\/wp-json\/wp\/v2\/pages"}],"about":[{"href":"https:\/\/olje-morgan.si\/it\/wp-json\/wp\/v2\/types\/page"}],"author":[{"embeddable":true,"href":"https:\/\/olje-morgan.si\/it\/wp-json\/wp\/v2\/users\/1"}],"replies":[{"embeddable":true,"href":"https:\/\/olje-morgan.si\/it\/wp-json\/wp\/v2\/comments?post=2269"}],"version-history":[{"count":3,"href":"https:\/\/olje-morgan.si\/it\/wp-json\/wp\/v2\/pages\/2269\/revisions"}],"predecessor-version":[{"id":6245,"href":"https:\/\/olje-morgan.si\/it\/wp-json\/wp\/v2\/pages\/2269\/revisions\/6245"}],"wp:featuredmedia":[{"embeddable":true,"href":"https:\/\/olje-morgan.si\/it\/wp-json\/wp\/v2\/media\/2272"}],"wp:attachment":[{"href":"https:\/\/olje-morgan.si\/it\/wp-json\/wp\/v2\/media?parent=2269"}],"curies":[{"name":"wp","href":"https:\/\/api.w.org\/{rel}","templated":true}]}}