{"id":2284,"date":"2025-07-31T19:42:14","date_gmt":"2025-07-31T18:42:14","guid":{"rendered":"https:\/\/dev.olje-morgan.si\/o-nas\/"},"modified":"2026-03-01T09:05:53","modified_gmt":"2026-03-01T08:05:53","slug":"chi-siamo","status":"publish","type":"page","link":"https:\/\/olje-morgan.si\/it\/chi-siamo\/","title":{"rendered":"Chi siamo"},"content":{"rendered":"\t\t<div data-elementor-type=\"wp-page\" data-elementor-id=\"2284\" class=\"elementor elementor-2284 elementor-28\" data-elementor-post-type=\"page\">\n\t\t\t\t<div class=\"elementor-element elementor-element-cfba783 e-flex e-con-boxed e-con e-parent\" data-id=\"cfba783\" data-element_type=\"container\" data-e-type=\"container\">\n\t\t\t\t\t<div class=\"e-con-inner\">\n\t\t\t\t\t<\/div>\n\t\t\t\t<\/div>\n\t\t<div class=\"elementor-element elementor-element-d68753f e-flex e-con-boxed e-con e-parent\" data-id=\"d68753f\" data-element_type=\"container\" data-e-type=\"container\">\n\t\t\t\t\t<div class=\"e-con-inner\">\n\t\t<div class=\"elementor-element elementor-element-d72082d e-con-full e-flex e-con e-child\" data-id=\"d72082d\" data-element_type=\"container\" data-e-type=\"container\">\n\t\t\t\t<div class=\"elementor-element elementor-element-d8e68ac elementor-invisible elementor-widget elementor-widget-heading\" data-id=\"d8e68ac\" data-element_type=\"widget\" data-e-type=\"widget\" data-settings=\"{&quot;_animation&quot;:&quot;fadeInDown&quot;}\" data-widget_type=\"heading.default\">\n\t\t\t\t\t<h2 class=\"elementor-heading-title elementor-size-default\">Chi siamo?<\/h2>\t\t\t\t<\/div>\n\t\t\t\t<div class=\"elementor-element elementor-element-6c1a902 elementor-invisible elementor-widget elementor-widget-text-editor\" data-id=\"6c1a902\" data-element_type=\"widget\" data-e-type=\"widget\" data-settings=\"{&quot;_animation&quot;:&quot;fadeInRight&quot;}\" data-widget_type=\"text-editor.default\">\n\t\t\t\t\t\t\t\t\t<p style=\"text-align: left;\" data-start=\"3716\" data-end=\"4040\">Siamo l\u2019azienda agricola familiare Morgan, situata nel pittoresco villaggio di Grintovec, nel cuore della natura incontaminata dell\u2019Istria Slovena. I nostri uliveti, circondati dal paesaggio autentico istriano, godono di una posizione e di condizioni eccezionali che conferiscono al nostro olio un carattere unico.<\/p><p style=\"text-align: left;\" data-start=\"4042\" data-end=\"4237\">Alla fine degli anni \u201990 abbiamo rinnovato gli uliveti storici e piantato il nostro primo grande oliveto \u2013 con il desiderio di creare un olio in cui si uniscano la natura e il lavoro dell\u2019uomo.<\/p><p style=\"text-align: left;\" data-start=\"4239\" data-end=\"4527\">In futuro desideriamo ampliare la nostra offerta, organizzare pi\u00f9 degustazioni e visite, e condividere con i visitatori l\u2019autentica storia dell\u2019olio istriano. Allo stesso tempo, svilupperemo nuovi prodotti mantenendo la qualit\u00e0 che \u00e8 il cuore e l\u2019orgoglio della nostra azienda agricola.<\/p><p style=\"text-align: left;\" data-start=\"4529\" data-end=\"4664\">Vi invitiamo inoltre a visitare il nostro negozio online o a contattarci per una degustazione e una visita ai nostri uliveti.<\/p>\t\t\t\t\t\t\t\t<\/div>\n\t\t\t\t<\/div>\n\t\t\t\t\t<\/div>\n\t\t\t\t<\/div>\n\t\t<div class=\"elementor-element elementor-element-b81f533 e-flex e-con-boxed e-con e-parent\" data-id=\"b81f533\" data-element_type=\"container\" data-e-type=\"container\">\n\t\t\t\t\t<div class=\"e-con-inner\">\n\t\t\t\t<div class=\"elementor-element elementor-element-49842a2 elementor-widget elementor-widget-spacer\" data-id=\"49842a2\" data-element_type=\"widget\" data-e-type=\"widget\" data-widget_type=\"spacer.default\">\n\t\t\t\t\t\t\t<div class=\"elementor-spacer\">\n\t\t\t<div class=\"elementor-spacer-inner\"><\/div>\n\t\t<\/div>\n\t\t\t\t\t\t<\/div>\n\t\t\t\t\t<\/div>\n\t\t\t\t<\/div>\n\t\t<div class=\"elementor-element elementor-element-aff0516 e-flex e-con-boxed e-con e-parent\" data-id=\"aff0516\" data-element_type=\"container\" data-e-type=\"container\">\n\t\t\t\t\t<div class=\"e-con-inner\">\n\t\t<div class=\"elementor-element elementor-element-3adde23 e-con-full e-flex e-con e-child\" data-id=\"3adde23\" data-element_type=\"container\" data-e-type=\"container\">\n\t\t\t\t<div class=\"elementor-element elementor-element-a5c4d2c elementor-author-box--layout-image-above elementor-author-box--align-center elementor-widget elementor-widget-author-box\" data-id=\"a5c4d2c\" data-element_type=\"widget\" data-e-type=\"widget\" data-widget_type=\"author-box.default\">\n\t\t\t\t\t\t\t<div class=\"elementor-author-box\">\n\t\t\t\t\t\t\t<div  class=\"elementor-author-box__avatar\">\n\t\t\t\t\t<img decoding=\"async\" src=\"https:\/\/olje-morgan.si\/wp-content\/uploads\/2025\/10\/franc-300x263.jpg\" alt=\"Picture of Franc \u2013 capo dell\u2019azienda e custode degli uliveti\" loading=\"lazy\">\n\t\t\t\t<\/div>\n\t\t\t\n\t\t\t<div class=\"elementor-author-box__text\">\n\t\t\t\t\t\t\t\t\t<div >\n\t\t\t\t\t\t<h4 class=\"elementor-author-box__name\">\n\t\t\t\t\t\t\tFranc \u2013 capo dell\u2019azienda e custode degli uliveti\t\t\t\t\t\t<\/h4>\n\t\t\t\t\t<\/div>\n\t\t\t\t\n\t\t\t\t\t\t\t\t\t<div class=\"elementor-author-box__bio\">\n\t\t\t\t\t\t<p>Franc \u00e8 responsabile degli uliveti \u2013 dalla potatura degli alberi al controllo del raccolto e all\u2019organizzazione della raccolta. Si occupa della trasformazione delle olive in olio e della gestione generale del lavoro agricolo, per garantire l\u2019elevata qualit\u00e0 del prodotto. La sua conoscenza della tradizione olearia e la sua esperienza sul campo rappresentano le fondamenta dell\u2019azienda.<\/p>\n\t\t\t\t\t<\/div>\n\t\t\t\t\n\t\t\t\t\t\t\t<\/div>\n\t\t<\/div>\n\t\t\t\t\t\t<\/div>\n\t\t\t\t<\/div>\n\t\t<div class=\"elementor-element elementor-element-c3219f7 e-con-full e-flex e-con e-child\" data-id=\"c3219f7\" data-element_type=\"container\" data-e-type=\"container\">\n\t\t\t\t<div class=\"elementor-element elementor-element-2a3cb55 elementor-author-box--layout-image-above elementor-author-box--align-center elementor-widget elementor-widget-author-box\" data-id=\"2a3cb55\" data-element_type=\"widget\" data-e-type=\"widget\" data-widget_type=\"author-box.default\">\n\t\t\t\t\t\t\t<div class=\"elementor-author-box\">\n\t\t\t\t\t\t\t<div  class=\"elementor-author-box__avatar\">\n\t\t\t\t\t<img decoding=\"async\" src=\"https:\/\/olje-morgan.si\/wp-content\/uploads\/2025\/10\/silvana-225x300.jpg\" alt=\"Picture of Silvana \u2013 cuore della casa e custode delle scorte\" loading=\"lazy\">\n\t\t\t\t<\/div>\n\t\t\t\n\t\t\t<div class=\"elementor-author-box__text\">\n\t\t\t\t\t\t\t\t\t<div >\n\t\t\t\t\t\t<h4 class=\"elementor-author-box__name\">\n\t\t\t\t\t\t\tSilvana \u2013 cuore della casa e custode delle scorte\t\t\t\t\t\t<\/h4>\n\t\t\t\t\t<\/div>\n\t\t\t\t\n\t\t\t\t\t\t\t\t\t<div class=\"elementor-author-box__bio\">\n\t\t\t\t\t\t<p>Silvana si occupa delle scorte di liquore all\u2019oliva e di olive in salamoia. Collabora attivamente alle degustazioni, si assicura che gli spazi siano sempre in ordine e partecipa all\u2019organizzazione degli eventi in azienda. La sua cordialit\u00e0 e gentilezza fanno sentire gli ospiti come a casa, invogliandoli a tornare.<\/p>\n\t\t\t\t\t<\/div>\n\t\t\t\t\n\t\t\t\t\t\t\t<\/div>\n\t\t<\/div>\n\t\t\t\t\t\t<\/div>\n\t\t\t\t<\/div>\n\t\t<div class=\"elementor-element elementor-element-836cd45 e-con-full e-flex e-con e-child\" data-id=\"836cd45\" data-element_type=\"container\" data-e-type=\"container\">\n\t\t\t\t<div class=\"elementor-element elementor-element-af66695 elementor-author-box--layout-image-above elementor-author-box--align-center elementor-widget elementor-widget-author-box\" data-id=\"af66695\" data-element_type=\"widget\" data-e-type=\"widget\" data-widget_type=\"author-box.default\">\n\t\t\t\t\t\t\t<div class=\"elementor-author-box\">\n\t\t\t\t\t\t\t<div  class=\"elementor-author-box__avatar\">\n\t\t\t\t\t<img decoding=\"async\" src=\"https:\/\/olje-morgan.si\/wp-content\/uploads\/2025\/10\/jenny-300x222.jpg\" alt=\"Picture of Jenny \u2013 marketing e comunicazione\" loading=\"lazy\">\n\t\t\t\t<\/div>\n\t\t\t\n\t\t\t<div class=\"elementor-author-box__text\">\n\t\t\t\t\t\t\t\t\t<div >\n\t\t\t\t\t\t<h4 class=\"elementor-author-box__name\">\n\t\t\t\t\t\t\tJenny \u2013 marketing e comunicazione\t\t\t\t\t\t<\/h4>\n\t\t\t\t\t<\/div>\n\t\t\t\t\n\t\t\t\t\t\t\t\t\t<div class=\"elementor-author-box__bio\">\n\t\t\t\t\t\t<p>Jenny \u00e8 la nuova erede dell\u2019azienda e presenta l\u2019olio d\u2019oliva Morgan al grande pubblico. Scrive storie sull\u2019azienda, gestisce il sito web e i social media e rafforza la riconoscibilit\u00e0 del marchio. Si occupa anche della contabilit\u00e0, esplora nuove opportunit\u00e0, collabora con negozi e ristoranti e sviluppa progetti a lungo termine.<\/p>\n\t\t\t\t\t<\/div>\n\t\t\t\t\n\t\t\t\t\t\t\t<\/div>\n\t\t<\/div>\n\t\t\t\t\t\t<\/div>\n\t\t\t\t<\/div>\n\t\t\t\t\t<\/div>\n\t\t\t\t<\/div>\n\t\t<div class=\"elementor-element elementor-element-8168c64 e-flex e-con-boxed e-con e-parent\" data-id=\"8168c64\" data-element_type=\"container\" data-e-type=\"container\">\n\t\t\t\t\t<div class=\"e-con-inner\">\n\t\t<div class=\"elementor-element elementor-element-8b03ad2 e-con-full e-flex e-con e-child\" data-id=\"8b03ad2\" data-element_type=\"container\" data-e-type=\"container\">\n\t\t<div class=\"elementor-element elementor-element-5377fc0 e-con-full e-flex e-con e-child\" data-id=\"5377fc0\" data-element_type=\"container\" data-e-type=\"container\">\n\t\t\t\t<div class=\"elementor-element elementor-element-7fe71da elementor-author-box--layout-image-above elementor-author-box--align-center elementor-widget elementor-widget-author-box\" data-id=\"7fe71da\" data-element_type=\"widget\" data-e-type=\"widget\" data-widget_type=\"author-box.default\">\n\t\t\t\t\t\t\t<div class=\"elementor-author-box\">\n\t\t\t\t\t\t\t<div  class=\"elementor-author-box__avatar\">\n\t\t\t\t\t<img decoding=\"async\" src=\"https:\/\/olje-morgan.si\/wp-content\/uploads\/2025\/10\/ariana-300x205.jpg\" alt=\"Picture of Ariana \u2013 degustazioni e magazzino\" loading=\"lazy\">\n\t\t\t\t<\/div>\n\t\t\t\n\t\t\t<div class=\"elementor-author-box__text\">\n\t\t\t\t\t\t\t\t\t<div >\n\t\t\t\t\t\t<h4 class=\"elementor-author-box__name\">\n\t\t\t\t\t\t\tAriana \u2013 degustazioni e magazzino\t\t\t\t\t\t<\/h4>\n\t\t\t\t\t<\/div>\n\t\t\t\t\n\t\t\t\t\t\t\t\t\t<div class=\"elementor-author-box__bio\">\n\t\t\t\t\t\t<p>Ariana si occupa dell\u2019ordine e della preparazione della sala degustazioni, soprattutto in occasione di visite di gruppo. Aiuta nella conduzione delle degustazioni e supporta il team nella gestione e nell\u2019organizzazione delle scorte. Con la sua energia e il suo sorriso contribuisce a rendere piacevole l\u2019esperienza dei visitatori.<\/p>\n\t\t\t\t\t<\/div>\n\t\t\t\t\n\t\t\t\t\t\t\t<\/div>\n\t\t<\/div>\n\t\t\t\t\t\t<\/div>\n\t\t\t\t<\/div>\n\t\t\t\t<\/div>\n\t\t<div class=\"elementor-element elementor-element-29bc66a e-con-full e-flex e-con e-child\" data-id=\"29bc66a\" data-element_type=\"container\" data-e-type=\"container\">\n\t\t<div class=\"elementor-element elementor-element-c14c4bb e-con-full e-flex e-con e-child\" data-id=\"c14c4bb\" data-element_type=\"container\" data-e-type=\"container\">\n\t\t\t\t<div class=\"elementor-element elementor-element-7cfb2d2 elementor-author-box--layout-image-above elementor-author-box--align-center elementor-widget elementor-widget-author-box\" data-id=\"7cfb2d2\" data-element_type=\"widget\" data-e-type=\"widget\" data-widget_type=\"author-box.default\">\n\t\t\t\t\t\t\t<div class=\"elementor-author-box\">\n\t\t\t\t\t\t\t<div  class=\"elementor-author-box__avatar\">\n\t\t\t\t\t<img decoding=\"async\" src=\"https:\/\/olje-morgan.si\/wp-content\/uploads\/2025\/10\/borut-300x215.jpg\" alt=\"Picture of Borut \u2013 tecnologia e qualit\u00e0\" loading=\"lazy\">\n\t\t\t\t<\/div>\n\t\t\t\n\t\t\t<div class=\"elementor-author-box__text\">\n\t\t\t\t\t\t\t\t\t<div >\n\t\t\t\t\t\t<h4 class=\"elementor-author-box__name\">\n\t\t\t\t\t\t\tBorut \u2013 tecnologia e qualit\u00e0\t\t\t\t\t\t<\/h4>\n\t\t\t\t\t<\/div>\n\t\t\t\t\n\t\t\t\t\t\t\t\t\t<div class=\"elementor-author-box__bio\">\n\t\t\t\t\t\t<p>Borut \u00e8 responsabile della guida dei gruppi in visita e della raccolta delle olive. Partecipa attivamente alla trasformazione delle olive in olio e supervisiona i processi nel frantoio, assicurandosi che siano efficienti e moderni. Si occupa inoltre della protezione degli ulivi, della fertilit\u00e0 e dell\u2019analisi del suolo, cercando costantemente nuove possibilit\u00e0 di miglioramento.<\/p>\n\t\t\t\t\t<\/div>\n\t\t\t\t\n\t\t\t\t\t\t\t<\/div>\n\t\t<\/div>\n\t\t\t\t\t\t<\/div>\n\t\t\t\t<\/div>\n\t\t\t\t<\/div>\n\t\t<div class=\"elementor-element elementor-element-ed1ce48 e-con-full e-flex e-con e-child\" data-id=\"ed1ce48\" data-element_type=\"container\" data-e-type=\"container\">\n\t\t<div class=\"elementor-element elementor-element-38b54c0 e-con-full e-flex e-con e-child\" data-id=\"38b54c0\" data-element_type=\"container\" data-e-type=\"container\">\n\t\t\t\t<div class=\"elementor-element elementor-element-9915d69 elementor-author-box--layout-image-above elementor-author-box--align-center elementor-widget elementor-widget-author-box\" data-id=\"9915d69\" data-element_type=\"widget\" data-e-type=\"widget\" data-widget_type=\"author-box.default\">\n\t\t\t\t\t\t\t<div class=\"elementor-author-box\">\n\t\t\t\t\t\t\t<div  class=\"elementor-author-box__avatar\">\n\t\t\t\t\t<img decoding=\"async\" src=\"https:\/\/olje-morgan.si\/wp-content\/uploads\/2025\/10\/marko-300x226.jpg\" alt=\"Picture of Marko \u2013 vendite e sviluppo\" loading=\"lazy\">\n\t\t\t\t<\/div>\n\t\t\t\n\t\t\t<div class=\"elementor-author-box__text\">\n\t\t\t\t\t\t\t\t\t<div >\n\t\t\t\t\t\t<h4 class=\"elementor-author-box__name\">\n\t\t\t\t\t\t\tMarko \u2013 vendite e sviluppo\t\t\t\t\t\t<\/h4>\n\t\t\t\t\t<\/div>\n\t\t\t\t\n\t\t\t\t\t\t\t\t\t<div class=\"elementor-author-box__bio\">\n\t\t\t\t\t\t<p>Marko accompagna i gruppi in visita e partecipa alla raccolta delle olive. \u00c8 responsabile delle vendite e si assicura che i prodotti arrivino ai clienti in tempo. Organizza anche la partecipazione dell\u2019olio Morgan a concorsi nazionali e internazionali, dove ottiene prestigiosi riconoscimenti e una crescente notoriet\u00e0 sul mercato.<\/p>\n\t\t\t\t\t<\/div>\n\t\t\t\t\n\t\t\t\t\t\t\t<\/div>\n\t\t<\/div>\n\t\t\t\t\t\t<\/div>\n\t\t\t\t<\/div>\n\t\t\t\t<\/div>\n\t\t\t\t\t<\/div>\n\t\t\t\t<\/div>\n\t\t\t\t<\/div>\n\t\t","protected":false},"excerpt":{"rendered":"<p>Chi siamo? Siamo l\u2019azienda agricola familiare Morgan, situata nel pittoresco villaggio di Grintovec, nel cuore della natura incontaminata dell\u2019Istria Slovena. I nostri uliveti, circondati dal paesaggio autentico istriano, godono di una posizione e di condizioni eccezionali che conferiscono al nostro olio un carattere unico. Alla fine degli anni \u201990 abbiamo rinnovato gli uliveti storici e [&hellip;]<\/p>\n","protected":false},"author":1,"featured_media":2286,"parent":0,"menu_order":0,"comment_status":"closed","ping_status":"closed","template":"","meta":{"footnotes":""},"class_list":["post-2284","page","type-page","status-publish","has-post-thumbnail","hentry"],"_links":{"self":[{"href":"https:\/\/olje-morgan.si\/it\/wp-json\/wp\/v2\/pages\/2284","targetHints":{"allow":["GET"]}}],"collection":[{"href":"https:\/\/olje-morgan.si\/it\/wp-json\/wp\/v2\/pages"}],"about":[{"href":"https:\/\/olje-morgan.si\/it\/wp-json\/wp\/v2\/types\/page"}],"author":[{"embeddable":true,"href":"https:\/\/olje-morgan.si\/it\/wp-json\/wp\/v2\/users\/1"}],"replies":[{"embeddable":true,"href":"https:\/\/olje-morgan.si\/it\/wp-json\/wp\/v2\/comments?post=2284"}],"version-history":[{"count":11,"href":"https:\/\/olje-morgan.si\/it\/wp-json\/wp\/v2\/pages\/2284\/revisions"}],"predecessor-version":[{"id":6519,"href":"https:\/\/olje-morgan.si\/it\/wp-json\/wp\/v2\/pages\/2284\/revisions\/6519"}],"wp:featuredmedia":[{"embeddable":true,"href":"https:\/\/olje-morgan.si\/it\/wp-json\/wp\/v2\/media\/2286"}],"wp:attachment":[{"href":"https:\/\/olje-morgan.si\/it\/wp-json\/wp\/v2\/media?parent=2284"}],"curies":[{"name":"wp","href":"https:\/\/api.w.org\/{rel}","templated":true}]}}