{"id":3121,"date":"2025-09-25T22:45:07","date_gmt":"2025-09-25T21:45:07","guid":{"rendered":"https:\/\/dev.olje-morgan.si\/nasi-certifikati\/"},"modified":"2026-03-01T09:29:50","modified_gmt":"2026-03-01T08:29:50","slug":"le-nostre-certificazioni","status":"publish","type":"page","link":"https:\/\/olje-morgan.si\/it\/le-nostre-certificazioni\/","title":{"rendered":"Le nostre certificazioni"},"content":{"rendered":"\t\t<div data-elementor-type=\"wp-page\" data-elementor-id=\"3121\" class=\"elementor elementor-3121 elementor-1121\" data-elementor-post-type=\"page\">\n\t\t\t\t<div class=\"elementor-element elementor-element-9a3a471 e-flex e-con-boxed e-con e-parent\" data-id=\"9a3a471\" data-element_type=\"container\" data-e-type=\"container\">\n\t\t\t\t\t<div class=\"e-con-inner\">\n\t\t<div class=\"elementor-element elementor-element-bc8acf4 e-con-full e-flex e-con e-child\" data-id=\"bc8acf4\" data-element_type=\"container\" data-e-type=\"container\">\n\t\t\t\t<div class=\"elementor-element elementor-element-cd1344e elementor-widget elementor-widget-image\" data-id=\"cd1344e\" data-element_type=\"widget\" data-e-type=\"widget\" data-widget_type=\"image.default\">\n\t\t\t\t\t\t\t\t\t\t\t\t\t\t\t<img decoding=\"async\" width=\"150\" height=\"150\" src=\"https:\/\/olje-morgan.si\/wp-content\/uploads\/2025\/09\/ZOP-znak.png\" class=\"attachment-large size-large wp-image-3122\" alt=\"\" srcset=\"https:\/\/olje-morgan.si\/wp-content\/uploads\/2025\/09\/ZOP-znak.png 150w, https:\/\/olje-morgan.si\/wp-content\/uploads\/2025\/09\/ZOP-znak-100x100.png 100w\" sizes=\"(max-width: 150px) 100vw, 150px\" \/>\t\t\t\t\t\t\t\t\t\t\t\t\t\t\t<\/div>\n\t\t\t\t<div class=\"elementor-element elementor-element-01ff758 elementor-widget elementor-widget-heading\" data-id=\"01ff758\" data-element_type=\"widget\" data-e-type=\"widget\" data-widget_type=\"heading.default\">\n\t\t\t\t\t<h2 class=\"elementor-heading-title elementor-size-default\">Denominazione di Origine Protetta (DOP)<\/h2>\t\t\t\t<\/div>\n\t\t\t\t<div class=\"elementor-element elementor-element-4907284 elementor-widget elementor-widget-text-editor\" data-id=\"4907284\" data-element_type=\"widget\" data-e-type=\"widget\" data-widget_type=\"text-editor.default\">\n\t\t\t\t\t\t\t\t\t<p style=\"text-align: left;\">La DOP \u00e8 il marchio di qualit\u00e0 europeo pi\u00f9 alto e certifica che un alimento proviene da una specifica area geografica e possiede caratteristiche direttamente legate all\u2019ambiente e alla tradizione di quella zona.<br data-start=\"3998\" data-end=\"4001\" \/>Per l\u2019olio d\u2019oliva, la DOP significa che le olive sono coltivate, trasformate e imbottigliate esclusivamente in una determinata area e che l\u2019olio soddisfa rigorosi requisiti di qualit\u00e0, di processo e di origine.<\/p><h4 style=\"text-align: left;\"><img decoding=\"async\" class=\"emoji\" role=\"img\" draggable=\"false\" src=\"https:\/\/s.w.org\/images\/core\/emoji\/16.0.1\/svg\/1f1f8-1f1ee.svg\" alt=\"\ud83c\uddf8\ud83c\uddee\" \/> Olio Extra Vergine di Oliva dell\u2019Istria Slovena (EDOOSI DOP)<\/h4><p style=\"text-align: left;\">Dal 2007, gli olivicoltori sloveni possono produrre, secondo condizioni stabilite, l\u2019Olio Extra Vergine di Oliva dell\u2019Istria Slovena (EDOOSI DOP).<br data-start=\"4427\" data-end=\"4430\" \/>Questa denominazione garantisce ai consumatori che l\u2019olio proviene dall\u2019Istria Slovena ed \u00e8 prodotto con la massima cura e secondo i pi\u00f9 elevati standard qualitativi.<\/p><h4 style=\"text-align: left;\">Principali condizioni per ottenere la DOP:<\/h4><ul style=\"text-align: left;\"><li data-start=\"4647\" data-end=\"4738\"><p data-start=\"4649\" data-end=\"4738\">L\u2019area di coltivazione e trasformazione deve trovarsi esclusivamente in Istria Slovena,<\/p><\/li><li data-start=\"4739\" data-end=\"4817\"><p data-start=\"4741\" data-end=\"4817\">Almeno il 30 % delle olive deve appartenere alla variet\u00e0 <em data-start=\"4798\" data-end=\"4814\">Istrska belica<\/em>,<\/p><\/li><li data-start=\"4818\" data-end=\"4889\"><p data-start=\"4820\" data-end=\"4889\">Conservazione dei frutti per un massimo di 48 ore dopo la raccolta,<\/p><\/li><li data-start=\"4890\" data-end=\"4962\"><p data-start=\"4892\" data-end=\"4962\">Gli oliveti devono far parte della produzione integrata o biologica,<\/p><\/li><li data-start=\"4963\" data-end=\"5039\"><p data-start=\"4965\" data-end=\"5039\">La temperatura durante la spremitura a freddo non deve superare i 27 \u00b0C,<\/p><\/li><li data-start=\"5040\" data-end=\"5131\"><p data-start=\"5042\" data-end=\"5131\">Utilizzo di tecnologia di trasformazione di alta qualit\u00e0 \u2013 solo in frantoi certificati,<\/p><\/li><li data-start=\"5132\" data-end=\"5239\"><p data-start=\"5134\" data-end=\"5239\">I parametri qualitativi devono rispettare gli standard internazionali per gli oli di oliva di eccellenza.<\/p><\/li><\/ul><h4 style=\"text-align: left;\">Cosa significa la DOP per il consumatore?<\/h4><p style=\"text-align: left;\">Il marchio DOP garantisce che l\u2019olio sia:<\/p><ul><li style=\"text-align: left;\" data-start=\"5333\" data-end=\"5367\"><p data-start=\"5335\" data-end=\"5367\">Autoctono e di origine locale,<\/p><\/li><li style=\"text-align: left;\" data-start=\"5368\" data-end=\"5411\"><p data-start=\"5370\" data-end=\"5411\">Tracciabile dall\u2019albero alla bottiglia,<\/p><\/li><li style=\"text-align: left;\" data-start=\"5412\" data-end=\"5464\"><p data-start=\"5414\" data-end=\"5464\">Prodotto secondo i pi\u00f9 alti standard di qualit\u00e0,<\/p><\/li><li data-start=\"5465\" data-end=\"5565\"><p style=\"text-align: left;\" data-start=\"5467\" data-end=\"5565\">Frutto della tradizione, della competenza e del rispetto per la natura degli olivicoltori sloveni.<\/p><\/li><\/ul>\t\t\t\t\t\t\t\t<\/div>\n\t\t\t\t<\/div>\n\t\t<div class=\"elementor-element elementor-element-aa2932c e-con-full e-flex e-con e-child\" data-id=\"aa2932c\" data-element_type=\"container\" data-e-type=\"container\">\n\t\t\t\t<div class=\"elementor-element elementor-element-b326c42 elementor-widget elementor-widget-image\" data-id=\"b326c42\" data-element_type=\"widget\" data-e-type=\"widget\" data-widget_type=\"image.default\">\n\t\t\t\t\t\t\t\t\t\t\t\t\t\t\t<img fetchpriority=\"high\" decoding=\"async\" width=\"300\" height=\"315\" src=\"https:\/\/olje-morgan.si\/wp-content\/uploads\/2025\/10\/logo-bio-slovenija.png\" class=\"attachment-1536x1536 size-1536x1536 wp-image-3159\" alt=\"\" srcset=\"https:\/\/olje-morgan.si\/wp-content\/uploads\/2025\/10\/logo-bio-slovenija.png 300w, https:\/\/olje-morgan.si\/wp-content\/uploads\/2025\/10\/logo-bio-slovenija-286x300.png 286w\" sizes=\"(max-width: 300px) 100vw, 300px\" \/>\t\t\t\t\t\t\t\t\t\t\t\t\t\t\t<\/div>\n\t\t\t\t<div class=\"elementor-element elementor-element-5315e67 elementor-widget elementor-widget-heading\" data-id=\"5315e67\" data-element_type=\"widget\" data-e-type=\"widget\" data-widget_type=\"heading.default\">\n\t\t\t\t\t<h2 class=\"elementor-heading-title elementor-size-default\">Produzione biologica (BIO)<br><br><\/h2>\t\t\t\t<\/div>\n\t\t\t\t<div class=\"elementor-element elementor-element-a47877d elementor-widget elementor-widget-text-editor\" data-id=\"a47877d\" data-element_type=\"widget\" data-e-type=\"widget\" data-widget_type=\"text-editor.default\">\n\t\t\t\t\t\t\t\t\t<p style=\"text-align: left;\">Il marchio \u00e8 il certificato ufficiale sloveno per la produzione e la trasformazione biologica e indica che l\u2019olio d\u2019oliva ha lo status \u201cbiologico\u201d o \u201cBIO\u201d in conformit\u00e0 agli standard della Repubblica di Slovenia e dell\u2019Unione Europea.<br data-start=\"266\" data-end=\"269\" \/>Il certificato \u00e8 rilasciato dall\u2019Istituto per il Controllo e la Certificazione in Agricoltura e Selvicoltura della Slovenia (IKC \u2013 Kmetijstvo in gozdarstvo Slovenije).<\/p><h4 style=\"text-align: left;\">Condizioni per l\u2019ottenimento del certificato biologico (ECO):<\/h4><ul style=\"text-align: left;\"><li data-start=\"706\" data-end=\"792\"><p data-start=\"708\" data-end=\"792\">Il prodotto \u00e8 trasformato senza l\u2019uso di OGM (organismi geneticamente modificati),<\/p><\/li><li data-start=\"793\" data-end=\"852\"><p data-start=\"795\" data-end=\"852\">Contiene almeno il 95% di ingredienti di origine biologica,<\/p><\/li><li data-start=\"853\" data-end=\"915\"><p data-start=\"855\" data-end=\"915\">Il produttore \u00e8 regolarmente controllato da un organismo autorizzato,<\/p><\/li><li data-start=\"916\" data-end=\"1013\"><p data-start=\"918\" data-end=\"1013\">I processi di coltivazione, spremitura e confezionamento devono rispettare rigorosi standard biologici,<\/p><\/li><li data-start=\"1014\" data-end=\"1095\"><p data-start=\"1016\" data-end=\"1095\">L\u2019intero processo \u00e8 documentato in conformit\u00e0 alle normative vigenti.<\/p><\/li><\/ul><div style=\"text-align: left;\">\u00a0<\/div>\t\t\t\t\t\t\t\t<\/div>\n\t\t\t\t<div class=\"elementor-element elementor-element-7c5e601 elementor-widget elementor-widget-spacer\" data-id=\"7c5e601\" data-element_type=\"widget\" data-e-type=\"widget\" data-widget_type=\"spacer.default\">\n\t\t\t\t\t\t\t<div class=\"elementor-spacer\">\n\t\t\t<div class=\"elementor-spacer-inner\"><\/div>\n\t\t<\/div>\n\t\t\t\t\t\t<\/div>\n\t\t\t\t<\/div>\n\t\t<div class=\"elementor-element elementor-element-c5b2d9c e-con-full e-flex e-con e-child\" data-id=\"c5b2d9c\" data-element_type=\"container\" data-e-type=\"container\">\n\t\t\t\t<div class=\"elementor-element elementor-element-e24c701 elementor-widget elementor-widget-image\" data-id=\"e24c701\" data-element_type=\"widget\" data-e-type=\"widget\" data-widget_type=\"image.default\">\n\t\t\t\t\t\t\t\t\t\t\t\t\t\t\t<img decoding=\"async\" width=\"223\" height=\"150\" src=\"https:\/\/olje-morgan.si\/wp-content\/uploads\/2025\/09\/zeleni-list-2.png\" class=\"attachment-large size-large wp-image-3158\" alt=\"\" \/>\t\t\t\t\t\t\t\t\t\t\t\t\t\t\t<\/div>\n\t\t\t\t<div class=\"elementor-element elementor-element-46ea982 elementor-widget elementor-widget-heading\" data-id=\"46ea982\" data-element_type=\"widget\" data-e-type=\"widget\" data-widget_type=\"heading.default\">\n\t\t\t\t\t<h2 class=\"elementor-heading-title elementor-size-default\">La Foglia Verde<\/h2>\t\t\t\t<\/div>\n\t\t\t\t<div class=\"elementor-element elementor-element-8e51f34 elementor-widget elementor-widget-text-editor\" data-id=\"8e51f34\" data-element_type=\"widget\" data-e-type=\"widget\" data-widget_type=\"text-editor.default\">\n\t\t\t\t\t\t\t\t\t<p style=\"text-align: left;\">La Foglia Verde \u00e8 il logo ufficiale dell\u2019Unione Europea per i prodotti biologici, spesso chiamato anche \u201cfoglia biologica dell\u2019UE.\u201d<br data-start=\"2552\" data-end=\"2555\" \/>Sull\u2019olio d\u2019oliva questo simbolo indica che il prodotto \u00e8 certificato come biologico in conformit\u00e0 al regolamento europeo sulla produzione biologica.<br data-start=\"2708\" data-end=\"2711\" \/>La presenza di questo logo sull\u2019olio d\u2019oliva conferma che il prodotto \u00e8 ufficialmente riconosciuto come biologico a livello dell\u2019Unione Europea, garantendo alta qualit\u00e0, tracciabilit\u00e0 e produzione naturale.<\/p><h4 style=\"text-align: left;\">Significato del logo:<\/h4><ul><li style=\"text-align: left;\" data-start=\"2951\" data-end=\"3030\"><p data-start=\"2953\" data-end=\"3030\">Il prodotto soddisfa tutti i requisiti dell\u2019UE per l\u2019agricoltura biologica.<\/p><\/li><li style=\"text-align: left;\" data-start=\"3031\" data-end=\"3186\"><p data-start=\"3033\" data-end=\"3186\">L\u2019olio d\u2019oliva \u00e8 stato prodotto senza pesticidi sintetici, fertilizzanti artificiali, OGM (organismi geneticamente modificati) o radiazioni ionizzanti.<\/p><\/li><li style=\"text-align: left;\" data-start=\"3187\" data-end=\"3385\"><p data-start=\"3189\" data-end=\"3385\">L\u2019intero processo produttivo \u2013 dalla coltivazione delle olive, alla trasformazione dell\u2019olio fino al confezionamento \u2013 \u00e8 stato controllato e certificato da un organismo di controllo autorizzato.<\/p><\/li><li data-start=\"3386\" data-end=\"3525\"><p style=\"text-align: left;\" data-start=\"3388\" data-end=\"3525\">Sull\u2019imballaggio devono inoltre comparire, accanto al logo, il codice dell\u2019organismo di certificazione e l\u2019origine delle materie prime.<\/p><\/li><\/ul>\t\t\t\t\t\t\t\t<\/div>\n\t\t\t\t<div class=\"elementor-element elementor-element-f9f6ebe elementor-widget elementor-widget-spacer\" data-id=\"f9f6ebe\" data-element_type=\"widget\" data-e-type=\"widget\" data-widget_type=\"spacer.default\">\n\t\t\t\t\t\t\t<div class=\"elementor-spacer\">\n\t\t\t<div class=\"elementor-spacer-inner\"><\/div>\n\t\t<\/div>\n\t\t\t\t\t\t<\/div>\n\t\t\t\t<\/div>\n\t\t\t\t\t<\/div>\n\t\t\t\t<\/div>\n\t\t\t\t<\/div>\n\t\t","protected":false},"excerpt":{"rendered":"<p>Denominazione di Origine Protetta (DOP) La DOP \u00e8 il marchio di qualit\u00e0 europeo pi\u00f9 alto e certifica che un alimento proviene da una specifica area geografica e possiede caratteristiche direttamente legate all\u2019ambiente e alla tradizione di quella zona.Per l\u2019olio d\u2019oliva, la DOP significa che le olive sono coltivate, trasformate e imbottigliate esclusivamente in una determinata [&hellip;]<\/p>\n","protected":false},"author":1,"featured_media":2275,"parent":0,"menu_order":0,"comment_status":"closed","ping_status":"closed","template":"elementor_header_footer","meta":{"footnotes":""},"class_list":["post-3121","page","type-page","status-publish","has-post-thumbnail","hentry"],"_links":{"self":[{"href":"https:\/\/olje-morgan.si\/it\/wp-json\/wp\/v2\/pages\/3121","targetHints":{"allow":["GET"]}}],"collection":[{"href":"https:\/\/olje-morgan.si\/it\/wp-json\/wp\/v2\/pages"}],"about":[{"href":"https:\/\/olje-morgan.si\/it\/wp-json\/wp\/v2\/types\/page"}],"author":[{"embeddable":true,"href":"https:\/\/olje-morgan.si\/it\/wp-json\/wp\/v2\/users\/1"}],"replies":[{"embeddable":true,"href":"https:\/\/olje-morgan.si\/it\/wp-json\/wp\/v2\/comments?post=3121"}],"version-history":[{"count":31,"href":"https:\/\/olje-morgan.si\/it\/wp-json\/wp\/v2\/pages\/3121\/revisions"}],"predecessor-version":[{"id":6597,"href":"https:\/\/olje-morgan.si\/it\/wp-json\/wp\/v2\/pages\/3121\/revisions\/6597"}],"wp:featuredmedia":[{"embeddable":true,"href":"https:\/\/olje-morgan.si\/it\/wp-json\/wp\/v2\/media\/2275"}],"wp:attachment":[{"href":"https:\/\/olje-morgan.si\/it\/wp-json\/wp\/v2\/media?parent=3121"}],"curies":[{"name":"wp","href":"https:\/\/api.w.org\/{rel}","templated":true}]}}