{"id":5656,"date":"2025-07-14T19:08:24","date_gmt":"2025-07-14T18:08:24","guid":{"rendered":"https:\/\/dev.olje-morgan.si\/pravilnik-o-zasebnosti\/"},"modified":"2026-01-19T22:20:57","modified_gmt":"2026-01-19T21:20:57","slug":"pravilnik-o-zasebnosti","status":"publish","type":"page","link":"https:\/\/olje-morgan.si\/it\/pravilnik-o-zasebnosti\/","title":{"rendered":"INFORMATIVA SULLA PRIVACY"},"content":{"rendered":"\n<h2 class=\"wp-block-heading\">Protezione dei dati personali<\/h2>\n\n\n\n<p>Nel processo di fornitura dei nostri servizi della massima qualit\u00e0, destinati a voi che collaborate con noi, trattiamo anche i vostri dati personali.<\/p>\n\n\n\n<p>I vostri dati personali vengono gestiti con la massima attenzione, nel rispetto della normativa vigente e dei pi\u00f9 elevati standard di protezione dei dati. L\u2019obiettivo principale delle nostre attivit\u00e0 relative al trattamento dei dati personali \u00e8 garantire trasparenza e consentirvi il controllo e la piena informazione su come vengono utilizzati i vostri dati personali.<\/p>\n\n\n\n<hr class=\"wp-block-separator has-alpha-channel-opacity\"\/>\n\n\n\n<h2 class=\"wp-block-heading\">Basi giuridiche del trattamento dei dati<\/h2>\n\n\n\n<p>Le basi per il trattamento dei vostri dati personali possono essere suddivise nelle seguenti categorie:<\/p>\n\n\n\n<ul class=\"wp-block-list\">\n<li>il trattamento \u00e8 necessario per l\u2019esecuzione del contratto;<\/li>\n\n\n\n<li>il trattamento \u00e8 necessario per adempiere agli obblighi legali applicabili ai fornitori di negozi online;<\/li>\n\n\n\n<li>il trattamento avviene sulla base del vostro consenso volontario nell\u2019ambito della nostra collaborazione.<\/li>\n<\/ul>\n\n\n\n<hr class=\"wp-block-separator has-alpha-channel-opacity\"\/>\n\n\n\n<h2 class=\"wp-block-heading\">Trattamento dei dati in relazione agli acquisti<\/h2>\n\n\n\n<p>In relazione all\u2019acquisto di prodotti o servizi tramite il negozio online, vengono trattati i dati del cliente.<\/p>\n\n\n\n<p>I dati personali raccolti vengono trattati al fine di adempiere agli obblighi derivanti dal contratto stipulato con voi.<\/p>\n\n\n\n<p>In conformit\u00e0 alla legge, raccogliamo i seguenti dati necessari all\u2019esecuzione del contratto:<\/p>\n\n\n\n<ul class=\"wp-block-list\">\n<li>nome e cognome<\/li>\n\n\n\n<li>indirizzo<\/li>\n\n\n\n<li>indirizzo e-mail<\/li>\n\n\n\n<li>numero di telefono<\/li>\n<\/ul>\n\n\n\n<p>Nel caso di clienti aziendali, raccogliamo inoltre:<\/p>\n\n\n\n<ul class=\"wp-block-list\">\n<li>denominazione dell\u2019azienda<\/li>\n\n\n\n<li>forma giuridica<\/li>\n\n\n\n<li>indirizzo<\/li>\n\n\n\n<li>numero di partita IVA<\/li>\n<\/ul>\n\n\n\n<p>Sulla base dell\u2019esecuzione del contratto, i dati vengono trattati per l\u2019esercizio dei vostri e dei nostri diritti e obblighi, inclusi:<\/p>\n\n\n\n<ul class=\"wp-block-list\">\n<li>conclusione ed esecuzione del contratto<\/li>\n\n\n\n<li>consegna della merce<\/li>\n\n\n\n<li>fatturazione e pagamento<\/li>\n\n\n\n<li>assistenza clienti<\/li>\n<\/ul>\n\n\n\n<p>Trattiamo inoltre dati relativi agli ordini, ai prodotti acquistati, ai contatti, ai dati di fatturazione e pagamento, nonch\u00e9 ai dati di eventuali persone autorizzate ad agire per vostro conto.<\/p>\n\n\n\n<hr class=\"wp-block-separator has-alpha-channel-opacity\"\/>\n\n\n\n<h2 class=\"wp-block-heading\">Dati raccolti durante la visita del sito web<\/h2>\n\n\n\n<p>Durante la visita al sito web, vengono trattati dati personali dei visitatori per finalit\u00e0 di marketing online avanzato e analisi web.<\/p>\n\n\n\n<p>\u00c8 possibile evitare il trattamento dei dati personali attraverso le impostazioni dei cookie e dei plugin al momento della visita del sito o tramite le impostazioni del browser utilizzato.<\/p>\n\n\n\n<p>Maggiori informazioni sui cookie sono disponibili nella relativa sezione del sito.<\/p>\n\n\n\n<hr class=\"wp-block-separator has-alpha-channel-opacity\"\/>\n\n\n\n<h2 class=\"wp-block-heading\">Newsletter e comunicazioni commerciali<\/h2>\n\n\n\n<p>Al momento della registrazione, potete scegliere di iscrivervi alle comunicazioni promozionali del negozio online.<\/p>\n\n\n\n<p>Con il vostro consenso, riceverete newsletter e notifiche relative all\u2019offerta del negozio online.<\/p>\n\n\n\n<p>Il consenso pu\u00f2 essere revocato in qualsiasi momento. La revoca pu\u00f2 essere effettuata nello stesso modo in cui \u00e8 stato fornito il consenso oppure tramite richiesta scritta inviata alla sede del negozio online.<\/p>\n\n\n\n<hr class=\"wp-block-separator has-alpha-channel-opacity\"\/>\n\n\n\n<h2 class=\"wp-block-heading\">Periodo di conservazione dei dati<\/h2>\n\n\n\n<p>Il periodo di conservazione dei dati \u00e8 determinato in base alla categoria dei singoli dati.<\/p>\n\n\n\n<p>I dati vengono conservati solo per il tempo necessario al raggiungimento delle finalit\u00e0 per cui sono stati raccolti o ulteriormente trattati, oppure fino alla scadenza dei termini di prescrizione o dei termini di conservazione previsti dalla legge.<\/p>\n\n\n\n<p>Al termine del periodo di conservazione, i dati vengono cancellati, distrutti, bloccati o anonimizzati, salvo diversa disposizione di legge.<\/p>\n\n\n\n<hr class=\"wp-block-separator has-alpha-channel-opacity\"\/>\n\n\n\n<h2 class=\"wp-block-heading\">Diritti degli interessati<\/h2>\n\n\n\n<p>Avete il diritto di richiedere:<\/p>\n\n\n\n<ul class=\"wp-block-list\">\n<li>accesso ai vostri dati personali<\/li>\n\n\n\n<li>rettifica dei dati<\/li>\n\n\n\n<li>cancellazione dei dati<\/li>\n\n\n\n<li>limitazione del trattamento<\/li>\n\n\n\n<li>opposizione al trattamento<\/li>\n\n\n\n<li>portabilit\u00e0 dei dati personali<\/li>\n<\/ul>\n\n\n\n<p>Le richieste possono essere inviate all\u2019indirizzo e-mail:<\/p>\n\n\n\n<p><strong><a>info@olje-morgan.si<\/a><\/strong><\/p>\n","protected":false},"excerpt":{"rendered":"<p>Protezione dei dati personali Nel processo di fornitura dei nostri servizi della massima qualit\u00e0, destinati a voi che collaborate con noi, trattiamo anche i vostri dati personali. I vostri dati personali vengono gestiti con la massima attenzione, nel rispetto della normativa vigente e dei pi\u00f9 elevati standard di protezione dei dati. L\u2019obiettivo principale delle nostre [&hellip;]<\/p>\n","protected":false},"author":1,"featured_media":0,"parent":0,"menu_order":0,"comment_status":"closed","ping_status":"open","template":"","meta":{"footnotes":""},"class_list":["post-5656","page","type-page","status-publish","hentry"],"_links":{"self":[{"href":"https:\/\/olje-morgan.si\/it\/wp-json\/wp\/v2\/pages\/5656","targetHints":{"allow":["GET"]}}],"collection":[{"href":"https:\/\/olje-morgan.si\/it\/wp-json\/wp\/v2\/pages"}],"about":[{"href":"https:\/\/olje-morgan.si\/it\/wp-json\/wp\/v2\/types\/page"}],"author":[{"embeddable":true,"href":"https:\/\/olje-morgan.si\/it\/wp-json\/wp\/v2\/users\/1"}],"replies":[{"embeddable":true,"href":"https:\/\/olje-morgan.si\/it\/wp-json\/wp\/v2\/comments?post=5656"}],"version-history":[{"count":1,"href":"https:\/\/olje-morgan.si\/it\/wp-json\/wp\/v2\/pages\/5656\/revisions"}],"predecessor-version":[{"id":5659,"href":"https:\/\/olje-morgan.si\/it\/wp-json\/wp\/v2\/pages\/5656\/revisions\/5659"}],"wp:attachment":[{"href":"https:\/\/olje-morgan.si\/it\/wp-json\/wp\/v2\/media?parent=5656"}],"curies":[{"name":"wp","href":"https:\/\/api.w.org\/{rel}","templated":true}]}}