{"id":3714,"date":"2025-09-04T21:14:41","date_gmt":"2025-09-04T20:14:41","guid":{"rendered":"https:\/\/dev.olje-morgan.si\/izdelek\/cioccolato-al-tartufo\/"},"modified":"2025-11-15T10:04:38","modified_gmt":"2025-11-15T09:04:38","slug":"cioccolato-doliva-al-tartufo","status":"publish","type":"product","link":"https:\/\/olje-morgan.si\/it\/prodotto\/cioccolato-doliva-al-tartufo\/","title":{"rendered":"Cioccolato d\u2019oliva al Tartufo"},"content":{"rendered":"","protected":false},"excerpt":{"rendered":"<p><span style=\"color: #994b3d;\"><strong>Cioccolato d\u2019oliva al Tartufo<\/strong><\/span><\/p>\n<p>Il cioccolato all&#8217;olio d&#8217;oliva aromatizzato al tartufo \u00e8 un cioccolato fondente al 60%. \u00c8 creato con ingredienti completamente naturali e di alta qualit\u00e0 con aromi raffinati, che gli conferiscono un carattere gourmet distinto e unico. Una vera delizia per gli amanti dei sapori audaci e raffinati.<\/p>\n<p><strong>Ingredienti:<\/strong> pasta di cacao, zucchero, burro di cacao, olio extra vergine di oliva BIO aromatizzato al tartufo (olio di oliva e aroma di tartufo bianco), emulsionante: lecitina di <strong>soia<\/strong>, aroma naturale di tartufo (3%), aroma naturale di vaniglia.<\/p>\n<p><strong>Cacao:<\/strong> 60% minimo nel cioccolato.<\/p>\n<p><em><strong>* Quantit\u00e0 netta:<\/strong> 100 g<\/em><\/p>\n","protected":false},"featured_media":3715,"comment_status":"open","ping_status":"closed","template":"","meta":[],"product_brand":[],"product_cat":[104],"product_tag":[],"class_list":{"0":"post-3714","1":"product","2":"type-product","3":"status-publish","4":"has-post-thumbnail","6":"product_cat-cioccolato","8":"first","9":"outofstock","10":"shipping-taxable","11":"purchasable","12":"product-type-simple"},"_links":{"self":[{"href":"https:\/\/olje-morgan.si\/it\/wp-json\/wp\/v2\/product\/3714","targetHints":{"allow":["GET"]}}],"collection":[{"href":"https:\/\/olje-morgan.si\/it\/wp-json\/wp\/v2\/product"}],"about":[{"href":"https:\/\/olje-morgan.si\/it\/wp-json\/wp\/v2\/types\/product"}],"replies":[{"embeddable":true,"href":"https:\/\/olje-morgan.si\/it\/wp-json\/wp\/v2\/comments?post=3714"}],"wp:featuredmedia":[{"embeddable":true,"href":"https:\/\/olje-morgan.si\/it\/wp-json\/wp\/v2\/media\/3715"}],"wp:attachment":[{"href":"https:\/\/olje-morgan.si\/it\/wp-json\/wp\/v2\/media?parent=3714"}],"wp:term":[{"taxonomy":"product_brand","embeddable":true,"href":"https:\/\/olje-morgan.si\/it\/wp-json\/wp\/v2\/product_brand?post=3714"},{"taxonomy":"product_cat","embeddable":true,"href":"https:\/\/olje-morgan.si\/it\/wp-json\/wp\/v2\/product_cat?post=3714"},{"taxonomy":"product_tag","embeddable":true,"href":"https:\/\/olje-morgan.si\/it\/wp-json\/wp\/v2\/product_tag?post=3714"}],"curies":[{"name":"wp","href":"https:\/\/api.w.org\/{rel}","templated":true}]}}