{"id":3967,"date":"2025-09-04T21:14:30","date_gmt":"2025-09-04T20:14:30","guid":{"rendered":"https:\/\/dev.olje-morgan.si\/izdelek\/oljcni-liker-020l\/"},"modified":"2025-11-11T15:19:09","modified_gmt":"2025-11-11T14:19:09","slug":"liquore-doliva","status":"publish","type":"product","link":"https:\/\/olje-morgan.si\/it\/prodotto\/liquore-doliva\/","title":{"rendered":"Liquore d\u2019Oliva"},"content":{"rendered":"","protected":false},"excerpt":{"rendered":"<p data-start=\"805\" data-end=\"833\"><strong data-start=\"814\" data-end=\"833\">Liquore d\u2019oliva<\/strong><\/p>\n<p data-start=\"835\" data-end=\"1116\">Il liquore d\u2019oliva \u00e8 una specialit\u00e0 della nostra azienda agricola. \u00c8 prodotto esclusivamente con olive provenienti da coltivazione biologica, distillato di vinacce biologico e zucchero biologico. Questo liquore dolce-amaro dal gusto armonioso \u00e8 un aperitivo delicato e gradevole.<\/p>\n<p data-start=\"1118\" data-end=\"1175\"><strong data-start=\"1118\" data-end=\"1142\">Gradazione alcolica:<\/strong> 25% vol.<\/p>\n<p data-start=\"1118\" data-end=\"1175\"><em data-start=\"1154\" data-end=\"1173\"><strong>*Bottiglia:<\/strong> 200 ml<\/em><\/p>\n","protected":false},"featured_media":3968,"comment_status":"open","ping_status":"closed","template":"","meta":[],"product_brand":[],"product_cat":[132],"product_tag":[],"class_list":{"0":"post-3967","1":"product","2":"type-product","3":"status-publish","4":"has-post-thumbnail","6":"product_cat-olive-e-liquori","8":"first","9":"instock","10":"shipping-taxable","11":"purchasable","12":"product-type-simple"},"_links":{"self":[{"href":"https:\/\/olje-morgan.si\/it\/wp-json\/wp\/v2\/product\/3967","targetHints":{"allow":["GET"]}}],"collection":[{"href":"https:\/\/olje-morgan.si\/it\/wp-json\/wp\/v2\/product"}],"about":[{"href":"https:\/\/olje-morgan.si\/it\/wp-json\/wp\/v2\/types\/product"}],"replies":[{"embeddable":true,"href":"https:\/\/olje-morgan.si\/it\/wp-json\/wp\/v2\/comments?post=3967"}],"wp:featuredmedia":[{"embeddable":true,"href":"https:\/\/olje-morgan.si\/it\/wp-json\/wp\/v2\/media\/3968"}],"wp:attachment":[{"href":"https:\/\/olje-morgan.si\/it\/wp-json\/wp\/v2\/media?parent=3967"}],"wp:term":[{"taxonomy":"product_brand","embeddable":true,"href":"https:\/\/olje-morgan.si\/it\/wp-json\/wp\/v2\/product_brand?post=3967"},{"taxonomy":"product_cat","embeddable":true,"href":"https:\/\/olje-morgan.si\/it\/wp-json\/wp\/v2\/product_cat?post=3967"},{"taxonomy":"product_tag","embeddable":true,"href":"https:\/\/olje-morgan.si\/it\/wp-json\/wp\/v2\/product_tag?post=3967"}],"curies":[{"name":"wp","href":"https:\/\/api.w.org\/{rel}","templated":true}]}}