{"id":4198,"date":"2025-09-04T21:15:12","date_gmt":"2025-09-04T20:15:12","guid":{"rendered":"https:\/\/dev.olje-morgan.si\/izdelek\/hidrolat-sivke\/"},"modified":"2025-11-18T10:25:32","modified_gmt":"2025-11-18T09:25:32","slug":"acqua-floreale","status":"publish","type":"product","link":"https:\/\/olje-morgan.si\/it\/prodotto\/acqua-floreale\/","title":{"rendered":"Acqua floreale"},"content":{"rendered":"","protected":false},"excerpt":{"rendered":"<p><span style=\"color: #ffcc99;\"><strong>Acqua floreale<\/strong><\/span><\/p>\n<p><strong data-start=\"1499\" data-end=\"1507\">Uso: <\/strong>L\u2019idrolato naturale \u00e8 una delicata acqua floreale ottenuta tramite distillazione a vapore delle piante. Agisce come un tonico rinfrescante che lenisce, idrata e rigenera la pelle. Grazie alla sua formula leggera, \u00e8 adatto alla cura quotidiana di tutti i tipi di pelle, anche la pi\u00f9 sensibile. Pu\u00f2 essere utilizzato anche per rinfrescare l\u2019ambiente.<\/p>\n<div>\n<p data-start=\"1694\" data-end=\"1846\"><strong data-start=\"1694\" data-end=\"1709\">Avvertenze: <\/strong>Solo per uso esterno. Evitare il contatto con gli occhi. Non adatto a bambini o persone sensibili a uno qualsiasi degli ingredienti.<\/p>\n<p data-start=\"1848\" data-end=\"1906\"><strong data-start=\"1848\" data-end=\"1866\">Conservazione:<\/strong> Conservare in un luogo fresco e buio.<\/p>\n<p data-start=\"1908\" data-end=\"1929\"><em data-start=\"1908\" data-end=\"1927\"><strong>*Contenuto:<\/strong> 500 ml<\/em><\/p>\n<\/div>\n","protected":false},"featured_media":5370,"comment_status":"open","ping_status":"closed","template":"","meta":[],"product_brand":[],"product_cat":[134],"product_tag":[],"class_list":{"0":"post-4198","1":"product","2":"type-product","3":"status-publish","4":"has-post-thumbnail","6":"product_cat-cosmetici","8":"first","9":"instock","10":"shipping-taxable","11":"purchasable","12":"product-type-variable"},"_links":{"self":[{"href":"https:\/\/olje-morgan.si\/it\/wp-json\/wp\/v2\/product\/4198","targetHints":{"allow":["GET"]}}],"collection":[{"href":"https:\/\/olje-morgan.si\/it\/wp-json\/wp\/v2\/product"}],"about":[{"href":"https:\/\/olje-morgan.si\/it\/wp-json\/wp\/v2\/types\/product"}],"replies":[{"embeddable":true,"href":"https:\/\/olje-morgan.si\/it\/wp-json\/wp\/v2\/comments?post=4198"}],"wp:featuredmedia":[{"embeddable":true,"href":"https:\/\/olje-morgan.si\/it\/wp-json\/wp\/v2\/media\/5370"}],"wp:attachment":[{"href":"https:\/\/olje-morgan.si\/it\/wp-json\/wp\/v2\/media?parent=4198"}],"wp:term":[{"taxonomy":"product_brand","embeddable":true,"href":"https:\/\/olje-morgan.si\/it\/wp-json\/wp\/v2\/product_brand?post=4198"},{"taxonomy":"product_cat","embeddable":true,"href":"https:\/\/olje-morgan.si\/it\/wp-json\/wp\/v2\/product_cat?post=4198"},{"taxonomy":"product_tag","embeddable":true,"href":"https:\/\/olje-morgan.si\/it\/wp-json\/wp\/v2\/product_tag?post=4198"}],"curies":[{"name":"wp","href":"https:\/\/api.w.org\/{rel}","templated":true}]}}